{"id":7,"date":"2019-06-03T09:00:25","date_gmt":"2019-06-03T09:00:25","guid":{"rendered":"http:\/\/sincere-weevil.w6.wpsandbox.pro\/?page_id=7"},"modified":"2024-10-07T12:11:19","modified_gmt":"2024-10-07T12:11:19","slug":"about","status":"publish","type":"page","link":"https:\/\/pamukhukuk.com\/?page_id=7","title":{"rendered":"Hakk\u0131m\u0131zda"},"content":{"rendered":"\t\t<div data-elementor-type=\"wp-post\" data-elementor-id=\"7\" class=\"elementor elementor-7\">\n\t\t\t\t\t\t\t\t\t<section class=\"elementor-section elementor-top-section elementor-element elementor-element-240fb34 elementor-reverse-tablet elementor-reverse-mobile elementor-section-boxed elementor-section-height-default elementor-section-height-default\" data-id=\"240fb34\" data-element_type=\"section\" data-settings=\"{&quot;background_background&quot;:&quot;classic&quot;}\">\n\t\t\t\t\t\t<div class=\"elementor-container elementor-column-gap-default\">\n\t\t\t\t\t<div class=\"elementor-column elementor-col-50 elementor-top-column elementor-element elementor-element-68a61084\" data-id=\"68a61084\" data-element_type=\"column\" data-settings=\"{&quot;background_background&quot;:&quot;classic&quot;}\">\n\t\t\t<div class=\"elementor-widget-wrap elementor-element-populated\">\n\t\t\t\t\t\t\t\t<div class=\"elementor-element elementor-element-ff332a4 elementor-widget elementor-widget-heading\" data-id=\"ff332a4\" data-element_type=\"widget\" data-widget_type=\"heading.default\">\n\t\t\t\t<div class=\"elementor-widget-container\">\n\t\t\t<style>\/*! elementor - v3.16.0 - 14-09-2023 *\/\n.elementor-heading-title{padding:0;margin:0;line-height:1}.elementor-widget-heading .elementor-heading-title[class*=elementor-size-]>a{color:inherit;font-size:inherit;line-height:inherit}.elementor-widget-heading .elementor-heading-title.elementor-size-small{font-size:15px}.elementor-widget-heading .elementor-heading-title.elementor-size-medium{font-size:19px}.elementor-widget-heading .elementor-heading-title.elementor-size-large{font-size:29px}.elementor-widget-heading .elementor-heading-title.elementor-size-xl{font-size:39px}.elementor-widget-heading .elementor-heading-title.elementor-size-xxl{font-size:59px}<\/style><h2 class=\"elementor-heading-title elementor-size-default\">Pamuk Hukuk B\u00fcrosu,<\/h2>\t\t<\/div>\n\t\t\t\t<\/div>\n\t\t\t\t<section class=\"elementor-section elementor-inner-section elementor-element elementor-element-6f76139c elementor-section-boxed elementor-section-height-default elementor-section-height-default\" data-id=\"6f76139c\" data-element_type=\"section\">\n\t\t\t\t\t\t<div class=\"elementor-container elementor-column-gap-default\">\n\t\t\t\t\t<div class=\"elementor-column elementor-col-100 elementor-inner-column elementor-element elementor-element-4a2af1e0\" data-id=\"4a2af1e0\" data-element_type=\"column\">\n\t\t\t<div class=\"elementor-widget-wrap elementor-element-populated\">\n\t\t\t\t\t\t\t\t<div class=\"elementor-element elementor-element-56bbd0d1 elementor-widget elementor-widget-heading\" data-id=\"56bbd0d1\" data-element_type=\"widget\" data-widget_type=\"heading.default\">\n\t\t\t\t<div class=\"elementor-widget-container\">\n\t\t\t<p class=\"elementor-heading-title elementor-size-default\">Pamuk Hukuk B\u00fcrosu, T\u00fcrk ve yabanc\u0131, ger\u00e7ek ve t\u00fczel ki\u015filere hukuki destek, hukuki dan\u0131\u015fmanl\u0131k, hukuki s\u00fcre\u00e7lerin y\u00f6netimi ve takibi ile arabuluculuk hizmeti vermektedir. Pamuk Hukuk B\u00fcrosu, \u00f6zellikle Yabanc\u0131lar Hukuku, G\u00f6\u00e7 Hukuku, Vatanda\u015fl\u0131k Hukuku, D\u0131\u015f Ticaret ve G\u00fcmr\u00fck Hukuku, Sigorta Hukuku, \u0130n\u015faat Hukuku, \u015eirketler Hukuku, Bor\u00e7lar ve S\u00f6zle\u015fmeler Hukuku, Vergi ve \u0130dare Hukuku ve Ceza Hukuku olmak \u00fczere hukukun her alan\u0131nda dan\u0131\u015fmanl\u0131k ve avukatl\u0131k hizmeti vermektedir. <br> <br><span style=\"letter-spacing: 0.15px;\">Av. Hilal Keskin &amp; <\/span>Av.Arb Buse Pamuk Bi\u00e7er<br>Telefon : 0533 513 35 08  <\/p>\t\t<\/div>\n\t\t\t\t<\/div>\n\t\t\t\t\t<\/div>\n\t\t<\/div>\n\t\t\t\t\t\t\t<\/div>\n\t\t<\/section>\n\t\t\t\t\t<\/div>\n\t\t<\/div>\n\t\t\t\t<div class=\"elementor-column elementor-col-50 elementor-top-column elementor-element elementor-element-5c04b9f4\" data-id=\"5c04b9f4\" data-element_type=\"column\" data-settings=\"{&quot;background_background&quot;:&quot;classic&quot;}\">\n\t\t\t<div class=\"elementor-widget-wrap elementor-element-populated\">\n\t\t\t\t\t\t\t\t<section class=\"elementor-section elementor-inner-section elementor-element elementor-element-2b76b3b1 elementor-section-boxed elementor-section-height-default elementor-section-height-default\" data-id=\"2b76b3b1\" data-element_type=\"section\">\n\t\t\t\t\t\t<div class=\"elementor-container elementor-column-gap-default\">\n\t\t\t\t\t<div class=\"elementor-column elementor-col-100 elementor-inner-column elementor-element elementor-element-28ab5397\" data-id=\"28ab5397\" data-element_type=\"column\">\n\t\t\t<div class=\"elementor-widget-wrap elementor-element-populated\">\n\t\t\t\t\t\t\t\t<div class=\"elementor-element elementor-element-34baa471 elementor-widget elementor-widget-image\" data-id=\"34baa471\" data-element_type=\"widget\" data-widget_type=\"image.default\">\n\t\t\t\t<div class=\"elementor-widget-container\">\n\t\t\t<style>\/*! elementor - v3.16.0 - 14-09-2023 *\/\n.elementor-widget-image{text-align:center}.elementor-widget-image a{display:inline-block}.elementor-widget-image a img[src$=\".svg\"]{width:48px}.elementor-widget-image img{vertical-align:middle;display:inline-block}<\/style>\t\t\t\t\t\t\t\t\t\t\t\t<img loading=\"lazy\" decoding=\"async\" width=\"470\" height=\"487\" src=\"https:\/\/pamukhukuk.com\/wp-content\/uploads\/2023\/10\/Adsiz-tasarim-3.png\" class=\"attachment-large size-large wp-image-1272\" alt=\"\" srcset=\"https:\/\/pamukhukuk.com\/wp-content\/uploads\/2023\/10\/Adsiz-tasarim-3.png 470w, https:\/\/pamukhukuk.com\/wp-content\/uploads\/2023\/10\/Adsiz-tasarim-3-290x300.png 290w\" sizes=\"(max-width: 470px) 100vw, 470px\" \/>\t\t\t\t\t\t\t\t\t\t\t\t\t\t\t<\/div>\n\t\t\t\t<\/div>\n\t\t\t\t\t<\/div>\n\t\t<\/div>\n\t\t\t\t\t\t\t<\/div>\n\t\t<\/section>\n\t\t\t\t\t<\/div>\n\t\t<\/div>\n\t\t\t\t\t\t\t<\/div>\n\t\t<\/section>\n\t\t\t\t\t\t\t<\/div>\n\t\t","protected":false},"excerpt":{"rendered":"<p>Pamuk Hukuk B\u00fcrosu, Pamuk Hukuk B\u00fcrosu, T\u00fcrk ve yabanc\u0131, ger\u00e7ek ve t\u00fczel ki\u015filere hukuki destek, hukuki dan\u0131\u015fmanl\u0131k, hukuki s\u00fcre\u00e7lerin y\u00f6netimi ve takibi ile arabuluculuk hizmeti vermektedir. Pamuk Hukuk B\u00fcrosu, \u00f6zellikle Yabanc\u0131lar Hukuku, G\u00f6\u00e7 Hukuku, Vatanda\u015fl\u0131k Hukuku, D\u0131\u015f Ticaret ve G\u00fcmr\u00fck Hukuku, Sigorta Hukuku, \u0130n\u015faat Hukuku, \u015eirketler Hukuku, Bor\u00e7lar ve S\u00f6zle\u015fmeler Hukuku, Vergi ve \u0130dare Hukuku [&hellip;]<\/p>\n","protected":false},"author":1,"featured_media":0,"parent":0,"menu_order":0,"comment_status":"closed","ping_status":"closed","template":"","meta":{"footnotes":""},"_links":{"self":[{"href":"https:\/\/pamukhukuk.com\/index.php?rest_route=\/wp\/v2\/pages\/7"}],"collection":[{"href":"https:\/\/pamukhukuk.com\/index.php?rest_route=\/wp\/v2\/pages"}],"about":[{"href":"https:\/\/pamukhukuk.com\/index.php?rest_route=\/wp\/v2\/types\/page"}],"author":[{"embeddable":true,"href":"https:\/\/pamukhukuk.com\/index.php?rest_route=\/wp\/v2\/users\/1"}],"replies":[{"embeddable":true,"href":"https:\/\/pamukhukuk.com\/index.php?rest_route=%2Fwp%2Fv2%2Fcomments&post=7"}],"version-history":[{"count":22,"href":"https:\/\/pamukhukuk.com\/index.php?rest_route=\/wp\/v2\/pages\/7\/revisions"}],"predecessor-version":[{"id":1509,"href":"https:\/\/pamukhukuk.com\/index.php?rest_route=\/wp\/v2\/pages\/7\/revisions\/1509"}],"wp:attachment":[{"href":"https:\/\/pamukhukuk.com\/index.php?rest_route=%2Fwp%2Fv2%2Fmedia&parent=7"}],"curies":[{"name":"wp","href":"https:\/\/api.w.org\/{rel}","templated":true}]}}