{"id":1307,"date":"2023-10-09T16:14:28","date_gmt":"2023-10-09T16:14:28","guid":{"rendered":"https:\/\/pamukhukuk.com\/?page_id=1307"},"modified":"2023-10-09T16:14:29","modified_gmt":"2023-10-09T16:14:29","slug":"aydinlatma-metni","status":"publish","type":"page","link":"https:\/\/pamukhukuk.com\/?page_id=1307","title":{"rendered":"Ayd\u0131nlatma Metni"},"content":{"rendered":"\n<p>www.pamukhukuk.com&nbsp;(Bundan b\u00f6yle \u201cWeb Sitesi\u201d olarak an\u0131lacakt\u0131r) olarak, 6698 Say\u0131l\u0131 Ki\u015fisel Verilerin Korunmas\u0131 Kanunu\u2019nun (\u201cKanun\u201d) 10uncu maddesi uyar\u0131nca haz\u0131rlad\u0131\u011f\u0131m\u0131z ve Web Sitesi\u2019n\u0131n ki\u015fisel veri i\u015fleme faaliyetleri hakk\u0131nda bilgi i\u00e7eren ayd\u0131nlatma metnini kamuoyunun ve ilgili ki\u015filerin bilgilerine sunar\u0131z;<br>MADDE 1: VER\u0130 SORUMLUSU<br>Ki\u015fisel verileriniz, veri sorumlusu s\u0131fat\u0131yla Web Sitesi taraf\u0131ndan a\u015fa\u011f\u0131da a\u00e7\u0131klanan kapsamda i\u015flenebilecektir. Veri sorumlusu kavram\u0131ndan anla\u015f\u0131lmas\u0131 gereken; ki\u015fisel verilerin i\u015fleme ama\u00e7lar\u0131n\u0131 ve vas\u0131talar\u0131n\u0131 belirleyen, veri kay\u0131t sisteminin kurulmas\u0131nda ve y\u00f6netilmesinden sorumlu ger\u00e7ek veya t\u00fczel ki\u015fidir.<br>Veri sorumlusuyla irtibata ge\u00e7mek i\u00e7in a\u015fa\u011f\u0131daki kanallar\u0131 kullanabilirsiniz:<br>E-posta&nbsp;&nbsp;&nbsp;&nbsp;&nbsp;&nbsp;&nbsp;&nbsp;&nbsp;&nbsp;&nbsp; :&nbsp;info@pamukhukuk.com<br>\u0130nternet sitesi&nbsp;&nbsp; : www.pamukhukuk.com<br>MADDE 2- \u0130\u015eLENEN K\u0130\u015e\u0130SEL VER\u0130LER\u0130N\u0130Z<br>Ki\u015fisel veri, Kanun\u2019un 3. maddesinde tan\u0131mland\u0131\u011f\u0131 \u00fczere kimli\u011fi belirli veya belirlenebilir ger\u00e7ek ki\u015fiye ili\u015fkin her t\u00fcrl\u00fc bilgi olup, i\u015fbu Ayd\u0131nlatma Metni i\u00e7eri\u011finde bahsedilen ki\u015fisel veriyi olu\u015fturmaktad\u0131r.<br>Pamuk Hukuk B\u00fcrosu\u2019nun sizlerle ilgili olarak i\u015fledi\u011fi veriler, ileti\u015fim ile destek birimi k\u0131s\u0131mlar\u0131nda bulunan ileti\u015fim formunu doldurarak vermi\u015f oldu\u011funuz a\u015fa\u011f\u0131daki ki\u015fisel verilerdir:<br>\u2713 Kimlik (ad-soyad)<br>\u2713 \u0130leti\u015fim (E-posta adresi, telefon numaras\u0131)<br>MADDE 3: K\u0130\u015e\u0130SEL VER\u0130LER\u0130 \u0130\u015eLEME AMACI<br>Ki\u015fisel verilerinizin i\u015flenme ama\u00e7lar\u0131 Kanun\u2019un 5. ve 6. maddelerinde belirtilen ki\u015fisel veri i\u015fleme \u015fartlar\u0131 ve ama\u00e7lar\u0131 dahilinde Pamuk Hukuk B\u00fcrosu taraf\u0131ndan sizinle aram\u0131zda bulunan ili\u015fki kapsam\u0131nda faaliyetlerimizi y\u00fcr\u00fctmek amac\u0131yla a\u015fa\u011f\u0131daki hususlarla ili\u015fkili olarak i\u015flenmektedir:<br>Pamuk Hukuk B\u00fcrosu taraf\u0131ndan sunulan hizmetlerden ilgili ki\u015fileri faydaland\u0131rmak i\u00e7in gerekli \u00e7al\u0131\u015fmalar\u0131n taraf\u0131m\u0131zca yap\u0131lmas\u0131 ve ilgili i\u015f s\u00fcre\u00e7lerinin y\u00fcr\u00fct\u00fclmesi<br>Pamuk Hukuk B\u00fcrosu taraf\u0131ndan y\u00fcr\u00fct\u00fclen hukuki dan\u0131\u015fmanl\u0131k ve avukatl\u0131k faaliyetlerin ger\u00e7ekle\u015ftirilmesi i\u00e7in gerekli \u00e7al\u0131\u015fmalar\u0131n yap\u0131lmas\u0131 ve buna ba\u011fl\u0131 i\u015flemlerin y\u00fcr\u00fct\u00fclmesi<br>Taraf\u0131n\u0131zca web sitemizin ileti\u015fim ve destek birimi k\u0131sm\u0131nda bulunan ileti\u015fim formundan iletilen mesajlar\u0131n yan\u0131tlanmas\u0131<br>Pamuk Hukuk B\u00fcrosu olarak, veri sorumlusu s\u0131fat\u0131 ile; Kanun\u2019un 5. ve 6. maddelerinde yer alan hukuka uygunluk sebepleri \u00e7er\u00e7evesinde elde etti\u011fimiz ki\u015fisel verileriniz, tamamen veya k\u0131smen elde edilebilir, kaydedilebilir, saklanabilir, depolanabilir, de\u011fi\u015ftirilebilir, g\u00fcncellenebilir, periyodik olarak kontrol edilebilir, yeniden d\u00fczenlenebilir, s\u0131n\u0131fland\u0131r\u0131labilir, i\u015flendikleri ama\u00e7 i\u00e7in gerekli olan ya da ilgili kanunda \u00f6ng\u00f6r\u00fclen s\u00fcre kadar muhafaza edilebilir.<br>Kanunda a\u00e7\u0131k\u00e7a belirtilmedi\u011fi s\u00fcrece, verinin saklanmas\u0131 i\u00e7in ge\u00e7erli sebebin ve amac\u0131n varl\u0131\u011f\u0131n\u0131n devam\u0131 s\u00fcresince i\u015flenecek, i\u015fleme ama\u00e7 ve sebebinin ortadan kalkmas\u0131 veya sona ermesi halinde, silinecek, yok edilecek veyahut da anonim hale getirilecektir.<br>MADDE 4: K\u0130\u015e\u0130SEL VER\u0130LER\u0130N AKTARILAB\u0130LECE\u011e\u0130 TARAFLAR VE AKTARMA AMACI<br>Pamuk Hukuk B\u00fcrosu taraf\u0131ndan i\u015flenen ki\u015fisel verileriniz, i\u015f bu Ayd\u0131nlatma Metni\u2019nin 3. Maddesinde a\u00e7\u0131klanan ama\u00e7larla, gerekli g\u00fcvenlik \u00f6nlemleri al\u0131nmak kayd\u0131yla, resmi merciler, yarg\u0131 mercileri ve d\u00fczenleyici ve denetleyici kurumlar ba\u015fta olmak \u00fczere, kanunen yetkili kamu kurumlar\u0131 ve \u00f6zel ki\u015filere ve \u00fc\u00e7\u00fcnc\u00fc ger\u00e7ek ve t\u00fczel ki\u015filere, Kanun\u2019un 5. ve 6. maddelerinde belirtilen ki\u015fisel veri i\u015fleme \u015fartlar\u0131 ve ama\u00e7lar\u0131 \u00e7er\u00e7evesinde i\u015fbu Ayd\u0131nlatma Metninde belirtilen ama\u00e7larla s\u0131n\u0131rl\u0131 olarak aktar\u0131labilecektir.<br>Ayr\u0131ca ki\u015fisel verileriniz, gerekli g\u00fcvenlik \u00f6nlemlerinin al\u0131nmas\u0131 \u015fart\u0131yla ve i\u015fbu Ayd\u0131nlatma Metninde yaz\u0131l\u0131 ama\u00e7lar ile s\u0131n\u0131rl\u0131 olmak \u00fczere yurt d\u0131\u015f\u0131na da aktar\u0131labilecektir.<br>MADDE 5: K\u0130\u015e\u0130SEL VER\u0130 TOPLAMA Y\u00d6NTEMLER\u0130 VE HUKUK\u0130 SEBEPLER\u0130<br>Ki\u015fisel veriler; internet sitesi, mobil uygulama ve sosyal mecralardaki bilgi ve talep formlar\u0131, ak\u0131ll\u0131 telefonlara indirilen aplikasyonlar gibi elektronik ortamlar arac\u0131l\u0131\u011f\u0131yla yahut fiziki ortamlarda toplanmaktad\u0131r. Ki\u015fisel verilerin toplanmas\u0131 ve i\u015flenmesine dair hukuki sebepler a\u015fa\u011f\u0131dad\u0131r:<br>Ki\u015fisel verilerin s\u00f6zle\u015fmelerin kurulmas\u0131 ve ifas\u0131 ile do\u011frudan do\u011fruya ilgili olmas\u0131 nedeniyle saklanmas\u0131,<br>Ki\u015fisel verilerin bir hakk\u0131n tesisi, kullan\u0131lmas\u0131 veya korunmas\u0131 amac\u0131yla saklanmas\u0131<br>Ki\u015fisel verilerin ki\u015filerin temel hak ve \u00f6zg\u00fcrl\u00fcklerine zarar vermemek kayd\u0131yla Web Sitesinin me\u015fru menfaatleri i\u00e7in saklanmas\u0131n\u0131n zorunlu olmas\u0131<br>Ki\u015fisel verilerin Web Sitesinin herhangi bir hukuki y\u00fck\u00fcml\u00fcl\u00fc\u011f\u00fcn\u00fc yerine getirmesi amac\u0131yla saklanmas\u0131<br>Mevzuatta ki\u015fisel verilerin saklanmas\u0131n\u0131n a\u00e7\u0131k\u00e7a \u00f6ng\u00f6r\u00fclmesi<br>Veri sahiplerinin a\u00e7\u0131k r\u0131zas\u0131n\u0131n al\u0131nmas\u0131n\u0131 gerektiren saklama faaliyetleri a\u00e7\u0131s\u0131ndan veri sahiplerinin a\u00e7\u0131k r\u0131zas\u0131n\u0131n bulunmas\u0131<br>MADDE 6: \u0130LG\u0130L\u0130 K\u0130\u015e\u0130N\u0130N HAKLARI<br>Ki\u015fisel verisi i\u015flenen ger\u00e7ek ki\u015fi, ilgili ki\u015fi olarak tan\u0131mlan\u0131r ve Web Sitesi\u2019ne ba\u015fvurarak kendisiyle ilgili a\u015fa\u011f\u0131daki haklara sahiptir:<br>Ki\u015fisel veri i\u015flenip i\u015flenmedi\u011fini \u00f6\u011frenme<br>Ki\u015fisel verileri i\u015flenmi\u015fse buna ili\u015fkin bilgi talep etme<br>Ki\u015fisel verilerin i\u015flenme amac\u0131n\u0131 ve bunlar\u0131n amac\u0131na uygun kullan\u0131l\u0131p kullan\u0131lmad\u0131\u011f\u0131n\u0131 \u00f6\u011frenme<br>Yurt i\u00e7inde veya yurt d\u0131\u015f\u0131nda ki\u015fisel verilerin aktar\u0131ld\u0131\u011f\u0131 \u00fc\u00e7\u00fcnc\u00fc ki\u015fileri bilme<br>Ki\u015fisel verilerin eksik veya yanl\u0131\u015f i\u015flenmi\u015f olmas\u0131 halinde bunlar\u0131n d\u00fczeltilmesini isteme<br>Ki\u015fisel verilerin silinmesini veya yok edilmesini isteme<br>(e) ve (f) bentleri uyar\u0131nca yap\u0131lan i\u015flemlerin, ki\u015fisel verilerin aktar\u0131ld\u0131\u011f\u0131 \u00fc\u00e7\u00fcnc\u00fc ki\u015filere bildirilmesini isteme<br>\u0130\u015flenen verilerin m\u00fcnhas\u0131ran otomatik sistemler vas\u0131tas\u0131yla analiz edilmesi suretiyle ki\u015finin kendisi aleyhine bir sonucun ortaya \u00e7\u0131kmas\u0131na itiraz etme<br>Ki\u015fisel verilerin kanuna ayk\u0131r\u0131 olarak i\u015flenmesi sebebiyle zarara u\u011framas\u0131 halinde zarar\u0131n giderilmesini talep etme<br>G\u00f6r\u00fc\u015f, \u00f6neri ve talepleriniz ile ilgili bizimle ileti\u015fime ge\u00e7ebilirsiniz.<br>Sayg\u0131lar\u0131m\u0131zla,<br>Pamuk Hukuk B\u00fcrosu<br>Telefon Numaras\u0131: 0538 700 74 44<br>E-posta adresi : info@pamukhukuk.com<\/p>\n","protected":false},"excerpt":{"rendered":"<p>www.pamukhukuk.com&nbsp;(Bundan b\u00f6yle \u201cWeb Sitesi\u201d olarak an\u0131lacakt\u0131r) olarak, 6698 Say\u0131l\u0131 Ki\u015fisel Verilerin Korunmas\u0131 Kanunu\u2019nun (\u201cKanun\u201d) 10uncu maddesi uyar\u0131nca haz\u0131rlad\u0131\u011f\u0131m\u0131z ve Web Sitesi\u2019n\u0131n ki\u015fisel veri i\u015fleme faaliyetleri hakk\u0131nda bilgi i\u00e7eren ayd\u0131nlatma metnini kamuoyunun ve ilgili ki\u015filerin bilgilerine sunar\u0131z;MADDE 1: VER\u0130 SORUMLUSUKi\u015fisel verileriniz, veri sorumlusu s\u0131fat\u0131yla Web Sitesi taraf\u0131ndan a\u015fa\u011f\u0131da a\u00e7\u0131klanan kapsamda i\u015flenebilecektir. Veri sorumlusu kavram\u0131ndan anla\u015f\u0131lmas\u0131 gereken; [&hellip;]<\/p>\n","protected":false},"author":1,"featured_media":0,"parent":0,"menu_order":0,"comment_status":"closed","ping_status":"closed","template":"","meta":{"footnotes":""},"_links":{"self":[{"href":"https:\/\/pamukhukuk.com\/index.php?rest_route=\/wp\/v2\/pages\/1307"}],"collection":[{"href":"https:\/\/pamukhukuk.com\/index.php?rest_route=\/wp\/v2\/pages"}],"about":[{"href":"https:\/\/pamukhukuk.com\/index.php?rest_route=\/wp\/v2\/types\/page"}],"author":[{"embeddable":true,"href":"https:\/\/pamukhukuk.com\/index.php?rest_route=\/wp\/v2\/users\/1"}],"replies":[{"embeddable":true,"href":"https:\/\/pamukhukuk.com\/index.php?rest_route=%2Fwp%2Fv2%2Fcomments&post=1307"}],"version-history":[{"count":1,"href":"https:\/\/pamukhukuk.com\/index.php?rest_route=\/wp\/v2\/pages\/1307\/revisions"}],"predecessor-version":[{"id":1308,"href":"https:\/\/pamukhukuk.com\/index.php?rest_route=\/wp\/v2\/pages\/1307\/revisions\/1308"}],"wp:attachment":[{"href":"https:\/\/pamukhukuk.com\/index.php?rest_route=%2Fwp%2Fv2%2Fmedia&parent=1307"}],"curies":[{"name":"wp","href":"https:\/\/api.w.org\/{rel}","templated":true}]}}