{"id":1173,"date":"2023-09-28T20:59:50","date_gmt":"2023-09-28T20:59:50","guid":{"rendered":"https:\/\/pamukhukuk.com\/?page_id=1173"},"modified":"2023-10-15T21:30:05","modified_gmt":"2023-10-15T21:30:05","slug":"gurcistan-oturum-calisma-izinleri","status":"publish","type":"page","link":"https:\/\/pamukhukuk.com\/?page_id=1173","title":{"rendered":"G\u00dcRC\u0130STAN OTURUM, \u00c7ALI\u015eMA \u0130Z\u0130NLER\u0130"},"content":{"rendered":"\t\t<div data-elementor-type=\"wp-page\" data-elementor-id=\"1173\" class=\"elementor elementor-1173\">\n\t\t\t\t\t\t\t<div class=\"elementor-element elementor-element-ecbd1d4 e-flex e-con-boxed e-con e-parent\" data-id=\"ecbd1d4\" data-element_type=\"container\" data-settings=\"{&quot;content_width&quot;:&quot;boxed&quot;}\" data-core-v316-plus=\"true\">\n\t\t\t\t\t<div class=\"e-con-inner\">\n\t\t\t\t<div class=\"elementor-element elementor-element-24cf032 elementor-widget elementor-widget-text-editor\" data-id=\"24cf032\" data-element_type=\"widget\" data-widget_type=\"text-editor.default\">\n\t\t\t\t<div class=\"elementor-widget-container\">\n\t\t\t<style>\/*! elementor - v3.16.0 - 14-09-2023 *\/\n.elementor-widget-text-editor.elementor-drop-cap-view-stacked .elementor-drop-cap{background-color:#69727d;color:#fff}.elementor-widget-text-editor.elementor-drop-cap-view-framed .elementor-drop-cap{color:#69727d;border:3px solid;background-color:transparent}.elementor-widget-text-editor:not(.elementor-drop-cap-view-default) .elementor-drop-cap{margin-top:8px}.elementor-widget-text-editor:not(.elementor-drop-cap-view-default) .elementor-drop-cap-letter{width:1em;height:1em}.elementor-widget-text-editor .elementor-drop-cap{float:left;text-align:center;line-height:1;font-size:50px}.elementor-widget-text-editor .elementor-drop-cap-letter{display:inline-block}<\/style>\t\t\t\t<p>Pamuk Hukuk B\u00fcrosu, T\u00fcrkiye\u2019den G\u00fcrcistan\u2019a gidecek veya G\u00fcrcistan\u2019dan T\u00fcrkiye\u2019ye gelecek olan ki\u015filere<br \/>vatanda\u015fl\u0131k ve g\u00f6\u00e7 hukuku \u00e7er\u00e7evesinde hukuki dan\u0131\u015fmanl\u0131k hizmeti\u00a0vermektedir.<\/p>\t\t\t\t\t\t<\/div>\n\t\t\t\t<\/div>\n\t\t\t\t\t<\/div>\n\t\t\t\t<\/div>\n\t\t<div class=\"elementor-element elementor-element-91de642 e-flex e-con-boxed e-con e-parent\" data-id=\"91de642\" data-element_type=\"container\" data-settings=\"{&quot;content_width&quot;:&quot;boxed&quot;}\" data-core-v316-plus=\"true\">\n\t\t\t\t\t<div class=\"e-con-inner\">\n\t\t\t\t<div class=\"elementor-element elementor-element-7ee09f9 elementor-widget elementor-widget-shortcode\" data-id=\"7ee09f9\" data-element_type=\"widget\" data-widget_type=\"shortcode.default\">\n\t\t\t\t<div class=\"elementor-widget-container\">\n\t\t\t\t\t<div class=\"elementor-shortcode\">\n<div class=\"wpcf7 no-js\" id=\"wpcf7-f1364-o1\" lang=\"tr-TR\" dir=\"ltr\">\n<div class=\"screen-reader-response\"><p role=\"status\" aria-live=\"polite\" aria-atomic=\"true\"><\/p> <ul><\/ul><\/div>\n<form action=\"\/index.php?rest_route=%2Fwp%2Fv2%2Fpages%2F1173#wpcf7-f1364-o1\" method=\"post\" class=\"wpcf7-form init\" aria-label=\"Contact form\" novalidate=\"novalidate\" data-status=\"init\">\n<div style=\"display: none;\">\n<input type=\"hidden\" name=\"_wpcf7\" value=\"1364\" \/>\n<input type=\"hidden\" name=\"_wpcf7_version\" value=\"5.8.1\" \/>\n<input type=\"hidden\" name=\"_wpcf7_locale\" value=\"tr_TR\" \/>\n<input type=\"hidden\" name=\"_wpcf7_unit_tag\" value=\"wpcf7-f1364-o1\" \/>\n<input type=\"hidden\" name=\"_wpcf7_container_post\" value=\"0\" \/>\n<input type=\"hidden\" name=\"_wpcf7_posted_data_hash\" value=\"\" \/>\n<\/div>\n<p><label> Ad\u0131n\u0131z<br \/>\n<span class=\"wpcf7-form-control-wrap\" data-name=\"your-name\"><input size=\"40\" class=\"wpcf7-form-control wpcf7-text wpcf7-validates-as-required\" autocomplete=\"name\" aria-required=\"true\" aria-invalid=\"false\" value=\"\" type=\"text\" name=\"your-name\" \/><\/span> <\/label>\n<\/p>\n<p><label> E-posta adresiniz<br \/>\n<span class=\"wpcf7-form-control-wrap\" data-name=\"your-email\"><input size=\"40\" class=\"wpcf7-form-control wpcf7-email wpcf7-validates-as-required wpcf7-text wpcf7-validates-as-email\" autocomplete=\"email\" aria-required=\"true\" aria-invalid=\"false\" value=\"\" type=\"email\" name=\"your-email\" \/><\/span> <\/label>\n<\/p>\n<p><label> Ya\u015fad\u0131\u011f\u0131n\u0131z \u00dclke<br \/>\n<span class=\"wpcf7-form-control-wrap\" data-name=\"your-subject\"><input size=\"40\" class=\"wpcf7-form-control wpcf7-text wpcf7-validates-as-required\" aria-required=\"true\" aria-invalid=\"false\" value=\"\" type=\"text\" name=\"your-subject\" \/><\/span> <\/label>\n<\/p>\n<p><label> Telefon Numaran\u0131z<br \/>\n<span class=\"wpcf7-form-control-wrap\" data-name=\"tel-401\"><input size=\"40\" class=\"wpcf7-form-control wpcf7-tel wpcf7-validates-as-required wpcf7-text wpcf7-validates-as-tel\" aria-required=\"true\" aria-invalid=\"false\" value=\"\" type=\"tel\" name=\"tel-401\" \/><\/span> <\/label>\n<\/p>\n<p><label> \u0130letiniz<br \/>\n<span class=\"wpcf7-form-control-wrap\" data-name=\"your-message\"><textarea cols=\"40\" rows=\"10\" class=\"wpcf7-form-control wpcf7-textarea wpcf7-validates-as-required\" aria-required=\"true\" aria-invalid=\"false\" name=\"your-message\"><\/textarea><\/span> <\/label>\n<\/p>\n<p><input class=\"wpcf7-form-control wpcf7-submit has-spinner\" type=\"submit\" value=\"G\u00f6nder\" \/>\n<\/p><div class=\"wpcf7-response-output\" aria-hidden=\"true\"><\/div>\n<\/form>\n<\/div>\n<\/div>\n\t\t\t\t<\/div>\n\t\t\t\t<\/div>\n\t\t\t\t\t<\/div>\n\t\t\t\t<\/div>\n\t\t<div class=\"elementor-element elementor-element-59088b0 e-flex e-con-boxed e-con e-parent\" data-id=\"59088b0\" data-element_type=\"container\" data-settings=\"{&quot;content_width&quot;:&quot;boxed&quot;}\" data-core-v316-plus=\"true\">\n\t\t\t\t\t<div class=\"e-con-inner\">\n\t\t\t\t<div class=\"elementor-element elementor-element-9389d5a elementor-widget elementor-widget-text-editor\" data-id=\"9389d5a\" data-element_type=\"widget\" data-widget_type=\"text-editor.default\">\n\t\t\t\t<div class=\"elementor-widget-container\">\n\t\t\t\t\t\t\t<span style=\"font-size: 11px; letter-spacing: 0.15px;\"><a href=\"https:\/\/www.mevzuat.gov.tr\/mevzuat?MevzuatNo=6698&amp;MevzuatTur=1&amp;MevzuatTertip=5\">Pamuk Hukuk B\u00fcrosu&#8217;nun 6698 nolu Ki\u015fisel Verilerin Korunmas\u0131 Kanunu&#8217;na istinaden ki\u015fisel verilerin korunmas\u0131, saklanmas\u0131 ve i\u015flenmesi h\u00fck\u00fcm ve ko\u015fullar\u0131n\u0131 okudum, anlad\u0131m, kabul ediyorum ve verilerimin Pamuk Hukuk B\u00fcrosu taraf\u0131ndan h\u00fck\u00fcm ve ko\u015fullarda belirtildi\u011fi \u00fczere i\u015flenmesine ve saklanmas\u0131na a\u00e7\u0131k r\u0131za g\u00f6steriyorum.<\/a><\/span>\t\t\t\t\t\t<\/div>\n\t\t\t\t<\/div>\n\t\t\t\t\t<\/div>\n\t\t\t\t<\/div>\n\t\t<div class=\"elementor-element elementor-element-2ec87c9 e-flex e-con-boxed e-con e-parent\" data-id=\"2ec87c9\" data-element_type=\"container\" data-settings=\"{&quot;content_width&quot;:&quot;boxed&quot;}\" data-core-v316-plus=\"true\">\n\t\t\t\t\t<div class=\"e-con-inner\">\n\t\t\t\t<div class=\"elementor-element elementor-element-803d284 elementor-widget elementor-widget-text-editor\" data-id=\"803d284\" data-element_type=\"widget\" data-widget_type=\"text-editor.default\">\n\t\t\t\t<div class=\"elementor-widget-container\">\n\t\t\t\t\t\t\t<a href=\"https:\/\/pamukhukuk.com\/?page_id=1307\">Ayd\u0131nlatma Metni<\/a>\t\t\t\t\t\t<\/div>\n\t\t\t\t<\/div>\n\t\t\t\t\t<\/div>\n\t\t\t\t<\/div>\n\t\t\t\t\t\t\t<\/div>\n\t\t","protected":false},"excerpt":{"rendered":"<p>Pamuk Hukuk B\u00fcrosu, T\u00fcrkiye\u2019den G\u00fcrcistan\u2019a gidecek veya G\u00fcrcistan\u2019dan T\u00fcrkiye\u2019ye gelecek olan ki\u015filerevatanda\u015fl\u0131k ve g\u00f6\u00e7 hukuku \u00e7er\u00e7evesinde hukuki dan\u0131\u015fmanl\u0131k hizmeti\u00a0vermektedir. Pamuk Hukuk B\u00fcrosu&#8217;nun 6698 nolu Ki\u015fisel Verilerin Korunmas\u0131 Kanunu&#8217;na istinaden ki\u015fisel verilerin korunmas\u0131, saklanmas\u0131 ve i\u015flenmesi h\u00fck\u00fcm ve ko\u015fullar\u0131n\u0131 okudum, anlad\u0131m, kabul ediyorum ve verilerimin Pamuk Hukuk B\u00fcrosu taraf\u0131ndan h\u00fck\u00fcm ve ko\u015fullarda belirtildi\u011fi \u00fczere i\u015flenmesine ve [&hellip;]<\/p>\n","protected":false},"author":1,"featured_media":0,"parent":0,"menu_order":0,"comment_status":"closed","ping_status":"closed","template":"","meta":{"footnotes":""},"_links":{"self":[{"href":"https:\/\/pamukhukuk.com\/index.php?rest_route=\/wp\/v2\/pages\/1173"}],"collection":[{"href":"https:\/\/pamukhukuk.com\/index.php?rest_route=\/wp\/v2\/pages"}],"about":[{"href":"https:\/\/pamukhukuk.com\/index.php?rest_route=\/wp\/v2\/types\/page"}],"author":[{"embeddable":true,"href":"https:\/\/pamukhukuk.com\/index.php?rest_route=\/wp\/v2\/users\/1"}],"replies":[{"embeddable":true,"href":"https:\/\/pamukhukuk.com\/index.php?rest_route=%2Fwp%2Fv2%2Fcomments&post=1173"}],"version-history":[{"count":25,"href":"https:\/\/pamukhukuk.com\/index.php?rest_route=\/wp\/v2\/pages\/1173\/revisions"}],"predecessor-version":[{"id":1398,"href":"https:\/\/pamukhukuk.com\/index.php?rest_route=\/wp\/v2\/pages\/1173\/revisions\/1398"}],"wp:attachment":[{"href":"https:\/\/pamukhukuk.com\/index.php?rest_route=%2Fwp%2Fv2%2Fmedia&parent=1173"}],"curies":[{"name":"wp","href":"https:\/\/api.w.org\/{rel}","templated":true}]}}