{"id":1101,"date":"2023-09-28T19:57:25","date_gmt":"2023-09-28T19:57:25","guid":{"rendered":"https:\/\/pamukhukuk.com\/?page_id=1101"},"modified":"2023-09-28T19:57:25","modified_gmt":"2023-09-28T19:57:25","slug":"kat-mulkiyeti-hukuku","status":"publish","type":"page","link":"https:\/\/pamukhukuk.com\/?page_id=1101","title":{"rendered":"Kat M\u00fclkiyeti Hukuku"},"content":{"rendered":"\n<p>Kat M\u00fclkiyeti Hukuku kapsam\u0131nda verdi\u011fimiz ba\u015fl\u0131ca hizmetler \u015fu \u015fekildedir:<br>Profesyonel site y\u00f6netimi faaliyetleri hususunda hukuki dan\u0131\u015fmanl\u0131k ve avukatl\u0131k hizmetinin<br>verilmesi,<br>Kat malikleri kurulunun alm\u0131\u015f oldu\u011fu kararlar\u0131n hukuka uygunlu\u011funu kontrol etme hususunda<br>hukuki dan\u0131\u015fmanl\u0131k ve avukatl\u0131k hizmetinin verilmesi,<br>Ortak giderlerinin tahsili hususunda hukuki dan\u0131\u015fmanl\u0131k ve avukatl\u0131k hizmetinin verilmesi,<br>Y\u00f6netim planlar\u0131n\u0131n olu\u015fmas\u0131 hususunda hukuki dan\u0131\u015fmanl\u0131k ve avukatl\u0131k hizmetinin verilmesi,<br>Kat irtifaki ve kat m\u00fclkiyeti kurulmas\u0131 hususunda hukuki dan\u0131\u015fmanl\u0131k ve avukatl\u0131k hizmetinin<br>verilmesi<\/p>\n","protected":false},"excerpt":{"rendered":"<p>Kat M\u00fclkiyeti Hukuku kapsam\u0131nda verdi\u011fimiz ba\u015fl\u0131ca hizmetler \u015fu \u015fekildedir:Profesyonel site y\u00f6netimi faaliyetleri hususunda hukuki dan\u0131\u015fmanl\u0131k ve avukatl\u0131k hizmetininverilmesi,Kat malikleri kurulunun alm\u0131\u015f oldu\u011fu kararlar\u0131n hukuka uygunlu\u011funu kontrol etme hususundahukuki dan\u0131\u015fmanl\u0131k ve avukatl\u0131k hizmetinin verilmesi,Ortak giderlerinin tahsili hususunda hukuki dan\u0131\u015fmanl\u0131k ve avukatl\u0131k hizmetinin verilmesi,Y\u00f6netim planlar\u0131n\u0131n olu\u015fmas\u0131 hususunda hukuki dan\u0131\u015fmanl\u0131k ve avukatl\u0131k hizmetinin verilmesi,Kat irtifaki ve kat m\u00fclkiyeti [&hellip;]<\/p>\n","protected":false},"author":1,"featured_media":0,"parent":0,"menu_order":0,"comment_status":"closed","ping_status":"closed","template":"","meta":{"footnotes":""},"_links":{"self":[{"href":"https:\/\/pamukhukuk.com\/index.php?rest_route=\/wp\/v2\/pages\/1101"}],"collection":[{"href":"https:\/\/pamukhukuk.com\/index.php?rest_route=\/wp\/v2\/pages"}],"about":[{"href":"https:\/\/pamukhukuk.com\/index.php?rest_route=\/wp\/v2\/types\/page"}],"author":[{"embeddable":true,"href":"https:\/\/pamukhukuk.com\/index.php?rest_route=\/wp\/v2\/users\/1"}],"replies":[{"embeddable":true,"href":"https:\/\/pamukhukuk.com\/index.php?rest_route=%2Fwp%2Fv2%2Fcomments&post=1101"}],"version-history":[{"count":1,"href":"https:\/\/pamukhukuk.com\/index.php?rest_route=\/wp\/v2\/pages\/1101\/revisions"}],"predecessor-version":[{"id":1102,"href":"https:\/\/pamukhukuk.com\/index.php?rest_route=\/wp\/v2\/pages\/1101\/revisions\/1102"}],"wp:attachment":[{"href":"https:\/\/pamukhukuk.com\/index.php?rest_route=%2Fwp%2Fv2%2Fmedia&parent=1101"}],"curies":[{"name":"wp","href":"https:\/\/api.w.org\/{rel}","templated":true}]}}