{"id":1099,"date":"2023-09-28T19:56:19","date_gmt":"2023-09-28T19:56:19","guid":{"rendered":"https:\/\/pamukhukuk.com\/?page_id=1099"},"modified":"2023-09-28T19:56:19","modified_gmt":"2023-09-28T19:56:19","slug":"avm-kiralama-ve-yonetim-hukuku","status":"publish","type":"page","link":"https:\/\/pamukhukuk.com\/?page_id=1099","title":{"rendered":"Avm Kiralama ve Y\u00f6netim Hukuku"},"content":{"rendered":"\n<p>Avm Y\u00f6netimi ve Kiralama Hukuku kapsam\u0131nda verdi\u011fimiz ba\u015fl\u0131ca hizmetler \u015fu \u015fekildedir:<br>Avm Y\u00f6netiminde aidat ve ortak giderlerinin alacak takibinde bulunmak hususunda hukuki<br>dan\u0131\u015fmanl\u0131k ve avukatl\u0131k hizmetinin verilmesi,<br>Avm&#8217;de \u00e7al\u0131\u015ft\u0131r\u0131lan i\u015f\u00e7ilerin s\u00f6zle\u015fmelerini haz\u0131rlamak hususunda hukuki dan\u0131\u015fmanl\u0131k ve avukatl\u0131k<br>hizmetinin verilmesi,<br>Al\u0131\u015fveri\u015f merkezlerinde \u00e7al\u0131\u015fan i\u015f\u00e7ilerin k\u0131dem, ihbar, i\u015f kazas\u0131 davalar\u0131n\u0131n takibini yapmak<br>hususunda hukuki dan\u0131\u015fmanl\u0131k ve avukatl\u0131k hizmetinin verilmesi,<br>Al\u0131\u015fveri\u015f merkezlerinde meydana gelen kaza ve tazminat davalar\u0131n\u0131n takibi hususunda hukuki<br>dan\u0131\u015fmanl\u0131k ve avukatl\u0131k hizmetinin verilmesi,<br>Alacak takibi dan\u0131\u015fmanl\u0131\u011f\u0131 hususunda hukuki dan\u0131\u015fmanl\u0131k ve avukatl\u0131k hizmetinin verilmesi,<br>\u0130ki tarafa bor\u00e7 y\u00fckleyen s\u00f6zle\u015fmeler hususunda hukuki dan\u0131\u015fmanl\u0131k ve avukatl\u0131k hizmetinin<br>verilmesi,<br>Riskli alacaklar\u0131n yasal takibi hususunda hukuki dan\u0131\u015fmanl\u0131k ve avukatl\u0131k hizmetinin verilmesi,<br>Risk \u00f6ncesi ve sonras\u0131 y\u00f6netimi hususunda hukuki dan\u0131\u015fmanl\u0131k ve avukatl\u0131k hizmetinin verilmesi,<br>Rehin, ipotek ve teminatlar\u0131 alma hususunda hukuki dan\u0131\u015fmanl\u0131k ve avukatl\u0131k hizmetinin verilmesi,<br>Vadeli al\u0131m-sat\u0131m i\u015flemleri hususunda hukuki dan\u0131\u015fmanl\u0131k ve avukatl\u0131k hizmetinin verilmesi.<\/p>\n","protected":false},"excerpt":{"rendered":"<p>Avm Y\u00f6netimi ve Kiralama Hukuku kapsam\u0131nda verdi\u011fimiz ba\u015fl\u0131ca hizmetler \u015fu \u015fekildedir:Avm Y\u00f6netiminde aidat ve ortak giderlerinin alacak takibinde bulunmak hususunda hukukidan\u0131\u015fmanl\u0131k ve avukatl\u0131k hizmetinin verilmesi,Avm&#8217;de \u00e7al\u0131\u015ft\u0131r\u0131lan i\u015f\u00e7ilerin s\u00f6zle\u015fmelerini haz\u0131rlamak hususunda hukuki dan\u0131\u015fmanl\u0131k ve avukatl\u0131khizmetinin verilmesi,Al\u0131\u015fveri\u015f merkezlerinde \u00e7al\u0131\u015fan i\u015f\u00e7ilerin k\u0131dem, ihbar, i\u015f kazas\u0131 davalar\u0131n\u0131n takibini yapmakhususunda hukuki dan\u0131\u015fmanl\u0131k ve avukatl\u0131k hizmetinin verilmesi,Al\u0131\u015fveri\u015f merkezlerinde meydana gelen kaza [&hellip;]<\/p>\n","protected":false},"author":1,"featured_media":0,"parent":0,"menu_order":0,"comment_status":"closed","ping_status":"closed","template":"","meta":{"footnotes":""},"_links":{"self":[{"href":"https:\/\/pamukhukuk.com\/index.php?rest_route=\/wp\/v2\/pages\/1099"}],"collection":[{"href":"https:\/\/pamukhukuk.com\/index.php?rest_route=\/wp\/v2\/pages"}],"about":[{"href":"https:\/\/pamukhukuk.com\/index.php?rest_route=\/wp\/v2\/types\/page"}],"author":[{"embeddable":true,"href":"https:\/\/pamukhukuk.com\/index.php?rest_route=\/wp\/v2\/users\/1"}],"replies":[{"embeddable":true,"href":"https:\/\/pamukhukuk.com\/index.php?rest_route=%2Fwp%2Fv2%2Fcomments&post=1099"}],"version-history":[{"count":1,"href":"https:\/\/pamukhukuk.com\/index.php?rest_route=\/wp\/v2\/pages\/1099\/revisions"}],"predecessor-version":[{"id":1100,"href":"https:\/\/pamukhukuk.com\/index.php?rest_route=\/wp\/v2\/pages\/1099\/revisions\/1100"}],"wp:attachment":[{"href":"https:\/\/pamukhukuk.com\/index.php?rest_route=%2Fwp%2Fv2%2Fmedia&parent=1099"}],"curies":[{"name":"wp","href":"https:\/\/api.w.org\/{rel}","templated":true}]}}