{"id":1097,"date":"2023-09-28T19:55:12","date_gmt":"2023-09-28T19:55:12","guid":{"rendered":"https:\/\/pamukhukuk.com\/?page_id=1097"},"modified":"2023-09-28T19:55:13","modified_gmt":"2023-09-28T19:55:13","slug":"turizm-hukuku","status":"publish","type":"page","link":"https:\/\/pamukhukuk.com\/?page_id=1097","title":{"rendered":"Turizm Hukuku"},"content":{"rendered":"\n<p>Turizm Hukuku kapsam\u0131nda verdi\u011fimiz ba\u015fl\u0131ca hizmetler \u015fu \u015fekildedir:<br>Turizm i\u015fletmelerinin kira i\u015fleri ve devir i\u015flemleri hususunda hukuki dan\u0131\u015fmanl\u0131k ve avukatl\u0131k<br>hizmetinin verilmesi,<br>Seyahat acentesi ile otel aras\u0131ndaki t\u00fcm ihtilaflar hususunda hukuki dan\u0131\u015fmanl\u0131k ve avukatl\u0131k<br>hizmetinin verilmesi,<br>Hotel kiralama ve i\u015fletme s\u00f6zle\u015fmeleri hususunda hukuki dan\u0131\u015fmanl\u0131k ve avukatl\u0131k hizmetinin<br>verilmesi,<br>Otel ile m\u00fc\u015fteri aras\u0131ndaki ihtilaflar\u0131n \u00e7\u00f6z\u00fcm\u00fc hususunda hukuki dan\u0131\u015fmanl\u0131k ve avukatl\u0131k<br>hizmetinin verilmesi,<br>Seyahat acentesi, otel, pansiyon vb. turizm i\u015fletmelerinin s\u00f6zle\u015fmelerinin haz\u0131rlanmas\u0131 hususunda<br>hukuki dan\u0131\u015fmanl\u0131k ve avukatl\u0131k hizmetinin verilmesi,<br>Turizm \u015firketlerinin kurulumu ve hukuki s\u00fcre\u00e7lerin takibi hususunda hukuki dan\u0131\u015fmanl\u0131k ve<br>avukatl\u0131k hizmetinin verilmesi,<br>Turizm bakanl\u0131\u011f\u0131 nezdinde kar\u015f\u0131la\u015f\u0131lan hukuki problemlerin \u00e7\u00f6z\u00fcm\u00fc hususunda hukuki dan\u0131\u015fmanl\u0131k<br>ve avukatl\u0131k hizmetinin verilmesi.<\/p>\n","protected":false},"excerpt":{"rendered":"<p>Turizm Hukuku kapsam\u0131nda verdi\u011fimiz ba\u015fl\u0131ca hizmetler \u015fu \u015fekildedir:Turizm i\u015fletmelerinin kira i\u015fleri ve devir i\u015flemleri hususunda hukuki dan\u0131\u015fmanl\u0131k ve avukatl\u0131khizmetinin verilmesi,Seyahat acentesi ile otel aras\u0131ndaki t\u00fcm ihtilaflar hususunda hukuki dan\u0131\u015fmanl\u0131k ve avukatl\u0131khizmetinin verilmesi,Hotel kiralama ve i\u015fletme s\u00f6zle\u015fmeleri hususunda hukuki dan\u0131\u015fmanl\u0131k ve avukatl\u0131k hizmetininverilmesi,Otel ile m\u00fc\u015fteri aras\u0131ndaki ihtilaflar\u0131n \u00e7\u00f6z\u00fcm\u00fc hususunda hukuki dan\u0131\u015fmanl\u0131k ve avukatl\u0131khizmetinin verilmesi,Seyahat acentesi, otel, [&hellip;]<\/p>\n","protected":false},"author":1,"featured_media":0,"parent":0,"menu_order":0,"comment_status":"closed","ping_status":"closed","template":"","meta":{"footnotes":""},"_links":{"self":[{"href":"https:\/\/pamukhukuk.com\/index.php?rest_route=\/wp\/v2\/pages\/1097"}],"collection":[{"href":"https:\/\/pamukhukuk.com\/index.php?rest_route=\/wp\/v2\/pages"}],"about":[{"href":"https:\/\/pamukhukuk.com\/index.php?rest_route=\/wp\/v2\/types\/page"}],"author":[{"embeddable":true,"href":"https:\/\/pamukhukuk.com\/index.php?rest_route=\/wp\/v2\/users\/1"}],"replies":[{"embeddable":true,"href":"https:\/\/pamukhukuk.com\/index.php?rest_route=%2Fwp%2Fv2%2Fcomments&post=1097"}],"version-history":[{"count":1,"href":"https:\/\/pamukhukuk.com\/index.php?rest_route=\/wp\/v2\/pages\/1097\/revisions"}],"predecessor-version":[{"id":1098,"href":"https:\/\/pamukhukuk.com\/index.php?rest_route=\/wp\/v2\/pages\/1097\/revisions\/1098"}],"wp:attachment":[{"href":"https:\/\/pamukhukuk.com\/index.php?rest_route=%2Fwp%2Fv2%2Fmedia&parent=1097"}],"curies":[{"name":"wp","href":"https:\/\/api.w.org\/{rel}","templated":true}]}}