{"id":1095,"date":"2023-09-28T19:54:20","date_gmt":"2023-09-28T19:54:20","guid":{"rendered":"https:\/\/pamukhukuk.com\/?page_id=1095"},"modified":"2023-09-28T19:54:20","modified_gmt":"2023-09-28T19:54:20","slug":"yabanci-yatirim-hukuku","status":"publish","type":"page","link":"https:\/\/pamukhukuk.com\/?page_id=1095","title":{"rendered":"Yabanc\u0131 Yat\u0131r\u0131m Hukuku"},"content":{"rendered":"\n<p>Yabanc\u0131 Yat\u0131r\u0131m Hukuku kapsam\u0131nda verdi\u011fimiz ba\u015fl\u0131ca hizmetler \u015fu \u015fekildedir:<br>Market ara\u015ft\u0131rmas\u0131 hususunda hukuki dan\u0131\u015fmanl\u0131k ve avukatl\u0131k hizmetinin verilmesi,<br>Yat\u0131r\u0131m ara\u00e7lar\u0131 ve metotlar\u0131 hususunda hukuki dan\u0131\u015fmanl\u0131k ve avukatl\u0131k hizmetinin verilmesi,<br>Yerel ortaklar\u0131n durum de\u011ferlendirmesi hususunda hukuki dan\u0131\u015fmanl\u0131k ve avukatl\u0131k hizmetinin<br>verilmesi,<br>Birle\u015fme &amp; Devralma ve Ortak Giri\u015fim hususunda hukuki dan\u0131\u015fmanl\u0131k ve avukatl\u0131k hizmetinin<br>verilmesi,<br>Anonim ve Limited \u015firket kurulu\u015fu hususunda hukuki dan\u0131\u015fmanl\u0131k ve avukatl\u0131k hizmetinin<br>verilmesi,<br>\u015eube ve \u0130rtibat B\u00fcrosu a\u00e7ma hususunda hukuki dan\u0131\u015fmanl\u0131k ve avukatl\u0131k hizmetinin verilmesi,<br>Gerekli izin, lisans ve kurum onaylar\u0131n\u0131n al\u0131nmas\u0131 hususunda hukuki dan\u0131\u015fmanl\u0131k ve avukatl\u0131k<br>hizmetinin verilmesi,<br>Yabanc\u0131 Yat\u0131r\u0131m Kanununa uyum hususunda hukuki dan\u0131\u015fmanl\u0131k ve avukatl\u0131k hizmetinin verilmesi,<br>\u0130stihdam stratejilerinin olu\u015fturulmas\u0131 ve i\u015f s\u00f6zle\u015fmeleri ve i\u015fyeri d\u00fczenlemeleri de d\u00e2hil olmak<br>\u00fczere gerekli belgelerin haz\u0131rlanmas\u0131 hususunda hukuki dan\u0131\u015fmanl\u0131k ve avukatl\u0131k hizmetinin<br>verilmesi,<br>Yabanc\u0131 \u015firket y\u00f6netici ve \u00e7al\u0131\u015fanlar\u0131n\u0131n \u00e7al\u0131\u015fma izinleri hususunda hukuki dan\u0131\u015fmanl\u0131k ve<br>avukatl\u0131k hizmetinin verilmesi,<br>Stratejik ortakl\u0131k, sat\u0131n alma, hizmet s\u00f6zle\u015fmeleri, sat\u0131\u015f s\u00f6zle\u015fmeleri ve kira s\u00f6zle\u015fmeleri gibi<br>kurulu\u015f ve i\u015fletme s\u0131ras\u0131nda gerekli belgelerin haz\u0131rlanmas\u0131 hususunda hukuki dan\u0131\u015fmanl\u0131k ve<br>avukatl\u0131k hizmetinin verilmesi.<\/p>\n","protected":false},"excerpt":{"rendered":"<p>Yabanc\u0131 Yat\u0131r\u0131m Hukuku kapsam\u0131nda verdi\u011fimiz ba\u015fl\u0131ca hizmetler \u015fu \u015fekildedir:Market ara\u015ft\u0131rmas\u0131 hususunda hukuki dan\u0131\u015fmanl\u0131k ve avukatl\u0131k hizmetinin verilmesi,Yat\u0131r\u0131m ara\u00e7lar\u0131 ve metotlar\u0131 hususunda hukuki dan\u0131\u015fmanl\u0131k ve avukatl\u0131k hizmetinin verilmesi,Yerel ortaklar\u0131n durum de\u011ferlendirmesi hususunda hukuki dan\u0131\u015fmanl\u0131k ve avukatl\u0131k hizmetininverilmesi,Birle\u015fme &amp; Devralma ve Ortak Giri\u015fim hususunda hukuki dan\u0131\u015fmanl\u0131k ve avukatl\u0131k hizmetininverilmesi,Anonim ve Limited \u015firket kurulu\u015fu hususunda hukuki dan\u0131\u015fmanl\u0131k ve [&hellip;]<\/p>\n","protected":false},"author":1,"featured_media":0,"parent":0,"menu_order":0,"comment_status":"closed","ping_status":"closed","template":"","meta":{"footnotes":""},"_links":{"self":[{"href":"https:\/\/pamukhukuk.com\/index.php?rest_route=\/wp\/v2\/pages\/1095"}],"collection":[{"href":"https:\/\/pamukhukuk.com\/index.php?rest_route=\/wp\/v2\/pages"}],"about":[{"href":"https:\/\/pamukhukuk.com\/index.php?rest_route=\/wp\/v2\/types\/page"}],"author":[{"embeddable":true,"href":"https:\/\/pamukhukuk.com\/index.php?rest_route=\/wp\/v2\/users\/1"}],"replies":[{"embeddable":true,"href":"https:\/\/pamukhukuk.com\/index.php?rest_route=%2Fwp%2Fv2%2Fcomments&post=1095"}],"version-history":[{"count":1,"href":"https:\/\/pamukhukuk.com\/index.php?rest_route=\/wp\/v2\/pages\/1095\/revisions"}],"predecessor-version":[{"id":1096,"href":"https:\/\/pamukhukuk.com\/index.php?rest_route=\/wp\/v2\/pages\/1095\/revisions\/1096"}],"wp:attachment":[{"href":"https:\/\/pamukhukuk.com\/index.php?rest_route=%2Fwp%2Fv2%2Fmedia&parent=1095"}],"curies":[{"name":"wp","href":"https:\/\/api.w.org\/{rel}","templated":true}]}}