{"id":1093,"date":"2023-09-28T19:53:24","date_gmt":"2023-09-28T19:53:24","guid":{"rendered":"https:\/\/pamukhukuk.com\/?page_id=1093"},"modified":"2023-09-28T19:53:24","modified_gmt":"2023-09-28T19:53:24","slug":"medya-ve-iletisim-hukuku","status":"publish","type":"page","link":"https:\/\/pamukhukuk.com\/?page_id=1093","title":{"rendered":"Medya ve \u0130leti\u015fim Hukuku"},"content":{"rendered":"\n<p>Medya ve \u0130leti\u015fim Hukuku kapsam\u0131nda verdi\u011fimiz ba\u015fl\u0131ca hizmetler \u015fu \u015fekildedir:<br>Sponsor S\u00f6zle\u015fmeleri hususunda hukuki dan\u0131\u015fmanl\u0131k ve avukatl\u0131k hizmetinin verilmesi,<br>Reklam S\u00f6zle\u015fmeleri hususunda hukuki dan\u0131\u015fmanl\u0131k ve avukatl\u0131k hizmetinin verilmesi,<br>Menajerlik S\u00f6zle\u015fmeleri hususunda hukuki dan\u0131\u015fmanl\u0131k ve avukatl\u0131k hizmetinin verilmesi,<br>Radyo Ve Televizyon \u00dcst Kurulu Ve Di\u011fer \u0130dari Merciler Nezdinde Y\u00fcr\u00fct\u00fclen Hukuki Ve Cezai<br>Prosed\u00fcrlerin Takibi hususunda hukuki dan\u0131\u015fmanl\u0131k ve avukatl\u0131k hizmetinin verilmesi,<br>Medya Organlar\u0131 Kanal\u0131yla Yap\u0131lan Her T\u00fcrl\u00fc Onur K\u0131r\u0131c\u0131, \u015eeref Ve Haysiyeti Yaralay\u0131c\u0131 Hakaret<br>ve \u0130ftira \u0130\u00e7eren Yay\u0131na Kar\u015f\u0131 Hukuk Yollar\u0131n\u0131n Takibi hususunda hukuki dan\u0131\u015fmanl\u0131k ve avukatl\u0131k<br>hizmetinin verilmesi,<br>Tazminat Hukuku hususunda hukuki dan\u0131\u015fmanl\u0131k ve avukatl\u0131k hizmetinin verilmesi,<br>Tekzip Ba\u015fvurular\u0131 hususunda hukuki dan\u0131\u015fmanl\u0131k ve avukatl\u0131k hizmetinin verilmesi,<br>Bas\u0131n Yoluyla Yap\u0131lan Sald\u0131r\u0131lara Kar\u015f\u0131 Cevap Ve D\u00fczeltme Metni Yay\u0131nlanmas\u0131 hususunda<br>hukuki dan\u0131\u015fmanl\u0131k ve avukatl\u0131k hizmetinin verilmesi,<br>Yaz\u0131l\u0131 Ve G\u00f6rsel Yay\u0131nlarla \u0130lgili Hukuki Tedbirler hususunda hukuki dan\u0131\u015fmanl\u0131k ve avukatl\u0131k<br>hizmetinin verilmesi.<\/p>\n","protected":false},"excerpt":{"rendered":"<p>Medya ve \u0130leti\u015fim Hukuku kapsam\u0131nda verdi\u011fimiz ba\u015fl\u0131ca hizmetler \u015fu \u015fekildedir:Sponsor S\u00f6zle\u015fmeleri hususunda hukuki dan\u0131\u015fmanl\u0131k ve avukatl\u0131k hizmetinin verilmesi,Reklam S\u00f6zle\u015fmeleri hususunda hukuki dan\u0131\u015fmanl\u0131k ve avukatl\u0131k hizmetinin verilmesi,Menajerlik S\u00f6zle\u015fmeleri hususunda hukuki dan\u0131\u015fmanl\u0131k ve avukatl\u0131k hizmetinin verilmesi,Radyo Ve Televizyon \u00dcst Kurulu Ve Di\u011fer \u0130dari Merciler Nezdinde Y\u00fcr\u00fct\u00fclen Hukuki Ve CezaiProsed\u00fcrlerin Takibi hususunda hukuki dan\u0131\u015fmanl\u0131k ve avukatl\u0131k hizmetinin verilmesi,Medya [&hellip;]<\/p>\n","protected":false},"author":1,"featured_media":0,"parent":0,"menu_order":0,"comment_status":"closed","ping_status":"closed","template":"","meta":{"footnotes":""},"_links":{"self":[{"href":"https:\/\/pamukhukuk.com\/index.php?rest_route=\/wp\/v2\/pages\/1093"}],"collection":[{"href":"https:\/\/pamukhukuk.com\/index.php?rest_route=\/wp\/v2\/pages"}],"about":[{"href":"https:\/\/pamukhukuk.com\/index.php?rest_route=\/wp\/v2\/types\/page"}],"author":[{"embeddable":true,"href":"https:\/\/pamukhukuk.com\/index.php?rest_route=\/wp\/v2\/users\/1"}],"replies":[{"embeddable":true,"href":"https:\/\/pamukhukuk.com\/index.php?rest_route=%2Fwp%2Fv2%2Fcomments&post=1093"}],"version-history":[{"count":1,"href":"https:\/\/pamukhukuk.com\/index.php?rest_route=\/wp\/v2\/pages\/1093\/revisions"}],"predecessor-version":[{"id":1094,"href":"https:\/\/pamukhukuk.com\/index.php?rest_route=\/wp\/v2\/pages\/1093\/revisions\/1094"}],"wp:attachment":[{"href":"https:\/\/pamukhukuk.com\/index.php?rest_route=%2Fwp%2Fv2%2Fmedia&parent=1093"}],"curies":[{"name":"wp","href":"https:\/\/api.w.org\/{rel}","templated":true}]}}