{"id":1091,"date":"2023-09-28T19:52:09","date_gmt":"2023-09-28T19:52:09","guid":{"rendered":"https:\/\/pamukhukuk.com\/?page_id=1091"},"modified":"2023-09-28T19:52:10","modified_gmt":"2023-09-28T19:52:10","slug":"bankacilik-ve-finans-hukuku","status":"publish","type":"page","link":"https:\/\/pamukhukuk.com\/?page_id=1091","title":{"rendered":"Bankac\u0131l\u0131k ve Finans Hukuku"},"content":{"rendered":"\n<p>Bankac\u0131l\u0131k ve Finans Hukuku kapsam\u0131nda verdi\u011fimiz ba\u015fl\u0131ca hizmetler \u015fu \u015fekildedir:<br>\u0130potek ve teminatl\u0131 i\u015flemlerden do\u011fan davalar hususunda hukuki dan\u0131\u015fmanl\u0131k ve avukatl\u0131k<br>hizmetinin verilmesi,<br>Kredi s\u00f6zle\u015fmeleri alan\u0131nda hukuksal destek hususunda hukuki dan\u0131\u015fmanl\u0131k ve avukatl\u0131k hizmetinin<br>verilmesi,<br>Leasing ve fakt\u00f6ring alan\u0131nda hukuksal destek hususunda hukuki dan\u0131\u015fmanl\u0131k ve avukatl\u0131k<br>hizmetinin verilmesi,<br>Bankalar Birli\u011fi ve Bankac\u0131l\u0131k Denetleme Kurulu Ve TMSF ilgili hukuksal i\u015flemler hususunda<br>hukuki dan\u0131\u015fmanl\u0131k ve avukatl\u0131k hizmetinin verilmesi,<br>Sermaye piyasas\u0131 uygulamalar\u0131n\u0131n hukuksal olarak denetlenmesi hususunda hukuki dan\u0131\u015fmanl\u0131k ve<br>avukatl\u0131k hizmetinin verilmesi,<br>\u015eirket finansman\u0131 denetimi ve d\u00fczenlenmesi hususunda hukuki dan\u0131\u015fmanl\u0131k ve avukatl\u0131k hizmetinin<br>verilmesi.<\/p>\n","protected":false},"excerpt":{"rendered":"<p>Bankac\u0131l\u0131k ve Finans Hukuku kapsam\u0131nda verdi\u011fimiz ba\u015fl\u0131ca hizmetler \u015fu \u015fekildedir:\u0130potek ve teminatl\u0131 i\u015flemlerden do\u011fan davalar hususunda hukuki dan\u0131\u015fmanl\u0131k ve avukatl\u0131khizmetinin verilmesi,Kredi s\u00f6zle\u015fmeleri alan\u0131nda hukuksal destek hususunda hukuki dan\u0131\u015fmanl\u0131k ve avukatl\u0131k hizmetininverilmesi,Leasing ve fakt\u00f6ring alan\u0131nda hukuksal destek hususunda hukuki dan\u0131\u015fmanl\u0131k ve avukatl\u0131khizmetinin verilmesi,Bankalar Birli\u011fi ve Bankac\u0131l\u0131k Denetleme Kurulu Ve TMSF ilgili hukuksal i\u015flemler hususundahukuki dan\u0131\u015fmanl\u0131k ve [&hellip;]<\/p>\n","protected":false},"author":1,"featured_media":0,"parent":0,"menu_order":0,"comment_status":"closed","ping_status":"closed","template":"","meta":{"footnotes":""},"_links":{"self":[{"href":"https:\/\/pamukhukuk.com\/index.php?rest_route=\/wp\/v2\/pages\/1091"}],"collection":[{"href":"https:\/\/pamukhukuk.com\/index.php?rest_route=\/wp\/v2\/pages"}],"about":[{"href":"https:\/\/pamukhukuk.com\/index.php?rest_route=\/wp\/v2\/types\/page"}],"author":[{"embeddable":true,"href":"https:\/\/pamukhukuk.com\/index.php?rest_route=\/wp\/v2\/users\/1"}],"replies":[{"embeddable":true,"href":"https:\/\/pamukhukuk.com\/index.php?rest_route=%2Fwp%2Fv2%2Fcomments&post=1091"}],"version-history":[{"count":1,"href":"https:\/\/pamukhukuk.com\/index.php?rest_route=\/wp\/v2\/pages\/1091\/revisions"}],"predecessor-version":[{"id":1092,"href":"https:\/\/pamukhukuk.com\/index.php?rest_route=\/wp\/v2\/pages\/1091\/revisions\/1092"}],"wp:attachment":[{"href":"https:\/\/pamukhukuk.com\/index.php?rest_route=%2Fwp%2Fv2%2Fmedia&parent=1091"}],"curies":[{"name":"wp","href":"https:\/\/api.w.org\/{rel}","templated":true}]}}