{"id":1089,"date":"2023-09-28T19:51:06","date_gmt":"2023-09-28T19:51:06","guid":{"rendered":"https:\/\/pamukhukuk.com\/?page_id=1089"},"modified":"2023-09-28T19:51:06","modified_gmt":"2023-09-28T19:51:06","slug":"blockhain-kripto-para-ve-ico-teknolojileri-hukuku","status":"publish","type":"page","link":"https:\/\/pamukhukuk.com\/?page_id=1089","title":{"rendered":"Blockhain, Kripto Para ve ICO Teknolojileri Hukuku"},"content":{"rendered":"\n<p>Blockhain, Kripto Para ve ICO Teknolojileri Hukuku kapsam\u0131nda verdi\u011fimiz ba\u015fl\u0131ca hizmetler \u015fu<br>\u015fekildedir:<br>Bili\u015fim \u015eirketlerine s\u00f6zle\u015fmelerin d\u00fczenlenmesi konusunda hukuki destek verilmesi hususunda<br>hukuki dan\u0131\u015fmanl\u0131k ve avukatl\u0131k hizmetinin verilmesi,<br>Alan adlar\u0131ndan kaynaklanan uyu\u015fmazl\u0131klar hususunda hukuki dan\u0131\u015fmanl\u0131k ve avukatl\u0131k hizmetinin<br>verilmesi,<br>Smart contract (ak\u0131ll\u0131 s\u00f6zle\u015fmeler) hususunda hususunda hukuki dan\u0131\u015fmanl\u0131k ve avukatl\u0131k<br>hizmetinin verilmesi,<br>NFT (non-fungible token) kaynakl\u0131 uyu\u015fmazl\u0131klar hususunda hukuki dan\u0131\u015fmanl\u0131k ve avukatl\u0131k<br>hizmetinin verilmesi,<br>Kriptopara uyu\u015fmazl\u0131klar\u0131 hususunda hukuki dan\u0131\u015fmanl\u0131k ve avukatl\u0131k hizmetinin verilmesi,<br>Kriptopara s\u00f6zle\u015fmelerinin tanzimi hususunda hukuki dan\u0131\u015fmanl\u0131k ve avukatl\u0131k hizmetinin<br>verilmesi,<br>Blockchain teknolojisi\u015firketlerine hukuki dan\u0131\u015fmanl\u0131k ve avukatl\u0131k hizmetinin verilmesi,<br>Ak\u0131ll\u0131 s\u00f6zle\u015fmelerle ilgili hukuksal \u00e7\u00f6z\u00fcmler sunmak hususunda hukuki dan\u0131\u015fmanl\u0131k ve avukatl\u0131k<br>hizmetinin verilmesi,<br>ICO s\u00fcre\u00e7lerinin y\u00f6netilmesi hususunda hukuki dan\u0131\u015fmanl\u0131k ve avukatl\u0131k hizmetinin verilmesi.<\/p>\n","protected":false},"excerpt":{"rendered":"<p>Blockhain, Kripto Para ve ICO Teknolojileri Hukuku kapsam\u0131nda verdi\u011fimiz ba\u015fl\u0131ca hizmetler \u015fu\u015fekildedir:Bili\u015fim \u015eirketlerine s\u00f6zle\u015fmelerin d\u00fczenlenmesi konusunda hukuki destek verilmesi hususundahukuki dan\u0131\u015fmanl\u0131k ve avukatl\u0131k hizmetinin verilmesi,Alan adlar\u0131ndan kaynaklanan uyu\u015fmazl\u0131klar hususunda hukuki dan\u0131\u015fmanl\u0131k ve avukatl\u0131k hizmetininverilmesi,Smart contract (ak\u0131ll\u0131 s\u00f6zle\u015fmeler) hususunda hususunda hukuki dan\u0131\u015fmanl\u0131k ve avukatl\u0131khizmetinin verilmesi,NFT (non-fungible token) kaynakl\u0131 uyu\u015fmazl\u0131klar hususunda hukuki dan\u0131\u015fmanl\u0131k ve avukatl\u0131khizmetinin verilmesi,Kriptopara uyu\u015fmazl\u0131klar\u0131 [&hellip;]<\/p>\n","protected":false},"author":1,"featured_media":0,"parent":0,"menu_order":0,"comment_status":"closed","ping_status":"closed","template":"","meta":{"footnotes":""},"_links":{"self":[{"href":"https:\/\/pamukhukuk.com\/index.php?rest_route=\/wp\/v2\/pages\/1089"}],"collection":[{"href":"https:\/\/pamukhukuk.com\/index.php?rest_route=\/wp\/v2\/pages"}],"about":[{"href":"https:\/\/pamukhukuk.com\/index.php?rest_route=\/wp\/v2\/types\/page"}],"author":[{"embeddable":true,"href":"https:\/\/pamukhukuk.com\/index.php?rest_route=\/wp\/v2\/users\/1"}],"replies":[{"embeddable":true,"href":"https:\/\/pamukhukuk.com\/index.php?rest_route=%2Fwp%2Fv2%2Fcomments&post=1089"}],"version-history":[{"count":1,"href":"https:\/\/pamukhukuk.com\/index.php?rest_route=\/wp\/v2\/pages\/1089\/revisions"}],"predecessor-version":[{"id":1090,"href":"https:\/\/pamukhukuk.com\/index.php?rest_route=\/wp\/v2\/pages\/1089\/revisions\/1090"}],"wp:attachment":[{"href":"https:\/\/pamukhukuk.com\/index.php?rest_route=%2Fwp%2Fv2%2Fmedia&parent=1089"}],"curies":[{"name":"wp","href":"https:\/\/api.w.org\/{rel}","templated":true}]}}