{"id":1083,"date":"2023-09-28T19:47:38","date_gmt":"2023-09-28T19:47:38","guid":{"rendered":"https:\/\/pamukhukuk.com\/?page_id=1083"},"modified":"2023-09-28T19:47:38","modified_gmt":"2023-09-28T19:47:38","slug":"is-sagligi-ve-guvenligi-hukuku","status":"publish","type":"page","link":"https:\/\/pamukhukuk.com\/?page_id=1083","title":{"rendered":"\u0130\u015f Sa\u011fl\u0131\u011f\u0131 ve G\u00fcvenli\u011fi Hukuku"},"content":{"rendered":"\n<p>\u0130\u015f Sa\u011fl\u0131\u011f\u0131 ve G\u00fcvenli\u011fi Hukuku kapsam\u0131nda verdi\u011fimiz ba\u015fl\u0131ca hizmetler \u015fu \u015fekildedir:<br>\u0130\u015f Kazas\u0131 ve meslek hastal\u0131klar\u0131ndan kaynakl\u0131 her t\u00fcrl\u00fc uyu\u015fmazl\u0131\u011f\u0131n \u00e7\u00f6z\u00fclmesi, davan\u0131n<br>haz\u0131rlanmas\u0131 ve neticelendirilmesi hususunda hukuki dan\u0131\u015fmanl\u0131k ve avukatl\u0131k hizmetinin verilmesi,<br>\u0130\u015fverenlerin ve \u00e7al\u0131\u015fanlar\u0131n g\u00f6revleri ve sorumluluklar\u0131 hususunda hukuki dan\u0131\u015fmanl\u0131k ve avukatl\u0131k<br>hizmetinin verilmesi,<br>Y\u00fcklenici ve alt y\u00fcklenici ili\u015fkileri kapsam\u0131nda as\u0131l i\u015fverenin veya alt i\u015fverenin sorumluluklar\u0131<br>hususunda hukuki dan\u0131\u015fmanl\u0131k ve avukatl\u0131k hizmetinin verilmesi,<br>Sa\u011fl\u0131k ve g\u00fcvenlik ile ilgili s\u00f6zle\u015fmeler ile, i\u015f s\u00f6zle\u015fmelerinin haz\u0131rlanmas\u0131 ve uygulanmas\u0131n\u0131n<br>denetlenmesi hususunda hukuki dan\u0131\u015fmanl\u0131k ve avukatl\u0131k hizmetinin verilmesi,<br>\u0130\u015fyerlerinde, i\u015f sa\u011fl\u0131\u011f\u0131 ve g\u00fcvenli\u011fine ili\u015fkin verilen bilgi, talimat ve e\u011fitimlerin mevzuata<br>uygunluk denetiminin yap\u0131lmas\u0131 kapsam\u0131nda koruyucu ve \u00f6nleyici hukuki dan\u0131\u015fmanl\u0131k hizmeti<br>verilmesi hususunda hukuki dan\u0131\u015fmanl\u0131k ve avukatl\u0131k hizmetinin verilmesi,<br>Herhangi bir olay\u0131n ger\u00e7ekle\u015fmesinin ard\u0131ndan a\u00e7\u0131lan ceza davalar\u0131n\u0131n yan\u0131 s\u0131ra uygulanan idari<br>cezalar ve tazminat talepleri hakk\u0131nda avukatl\u0131k ve dan\u0131\u015fmanl\u0131k hizmetleri verilmesi hususunda<br>hukuki dan\u0131\u015fmanl\u0131k ve avukatl\u0131k hizmetinin verilmesi.<\/p>\n","protected":false},"excerpt":{"rendered":"<p>\u0130\u015f Sa\u011fl\u0131\u011f\u0131 ve G\u00fcvenli\u011fi Hukuku kapsam\u0131nda verdi\u011fimiz ba\u015fl\u0131ca hizmetler \u015fu \u015fekildedir:\u0130\u015f Kazas\u0131 ve meslek hastal\u0131klar\u0131ndan kaynakl\u0131 her t\u00fcrl\u00fc uyu\u015fmazl\u0131\u011f\u0131n \u00e7\u00f6z\u00fclmesi, davan\u0131nhaz\u0131rlanmas\u0131 ve neticelendirilmesi hususunda hukuki dan\u0131\u015fmanl\u0131k ve avukatl\u0131k hizmetinin verilmesi,\u0130\u015fverenlerin ve \u00e7al\u0131\u015fanlar\u0131n g\u00f6revleri ve sorumluluklar\u0131 hususunda hukuki dan\u0131\u015fmanl\u0131k ve avukatl\u0131khizmetinin verilmesi,Y\u00fcklenici ve alt y\u00fcklenici ili\u015fkileri kapsam\u0131nda as\u0131l i\u015fverenin veya alt i\u015fverenin sorumluluklar\u0131hususunda hukuki dan\u0131\u015fmanl\u0131k ve [&hellip;]<\/p>\n","protected":false},"author":1,"featured_media":0,"parent":0,"menu_order":0,"comment_status":"closed","ping_status":"closed","template":"","meta":{"footnotes":""},"_links":{"self":[{"href":"https:\/\/pamukhukuk.com\/index.php?rest_route=\/wp\/v2\/pages\/1083"}],"collection":[{"href":"https:\/\/pamukhukuk.com\/index.php?rest_route=\/wp\/v2\/pages"}],"about":[{"href":"https:\/\/pamukhukuk.com\/index.php?rest_route=\/wp\/v2\/types\/page"}],"author":[{"embeddable":true,"href":"https:\/\/pamukhukuk.com\/index.php?rest_route=\/wp\/v2\/users\/1"}],"replies":[{"embeddable":true,"href":"https:\/\/pamukhukuk.com\/index.php?rest_route=%2Fwp%2Fv2%2Fcomments&post=1083"}],"version-history":[{"count":1,"href":"https:\/\/pamukhukuk.com\/index.php?rest_route=\/wp\/v2\/pages\/1083\/revisions"}],"predecessor-version":[{"id":1084,"href":"https:\/\/pamukhukuk.com\/index.php?rest_route=\/wp\/v2\/pages\/1083\/revisions\/1084"}],"wp:attachment":[{"href":"https:\/\/pamukhukuk.com\/index.php?rest_route=%2Fwp%2Fv2%2Fmedia&parent=1083"}],"curies":[{"name":"wp","href":"https:\/\/api.w.org\/{rel}","templated":true}]}}