{"id":1081,"date":"2023-09-28T19:46:06","date_gmt":"2023-09-28T19:46:06","guid":{"rendered":"https:\/\/pamukhukuk.com\/?page_id=1081"},"modified":"2023-09-28T19:46:06","modified_gmt":"2023-09-28T19:46:06","slug":"spor-hukuku","status":"publish","type":"page","link":"https:\/\/pamukhukuk.com\/?page_id=1081","title":{"rendered":"Spor Hukuku"},"content":{"rendered":"\n<p>Spor Hukuku kapsam\u0131nda verdi\u011fimiz ba\u015fl\u0131ca hizmetler \u015fu \u015fekildedir:<br>Sporcular\u0131n, teknik direkt\u00f6rlerin kul\u00fcplerden olan hak ve alacaklar\u0131n\u0131n tahsil edilebilmesi hususunda<br>hukuki dan\u0131\u015fmanl\u0131k ve avukatl\u0131k hizmetinin verilmesi,<br>Sponsorluk S\u00f6zle\u015fmesi, Sporcu ile Kul\u00fcp aras\u0131ndaki S\u00f6zle\u015fmeler, Oyuncu S\u00f6zle\u015fmesi S\u00f6zle\u015fmeleri,<br>Turnuva Organizasyon S\u00f6zle\u015fmesi ve di\u011fer S\u00f6zle\u015fmelerin tanzimi, incelenmesi ve m\u00fczakere<br>edilmesi hususunda hukuki dan\u0131\u015fmanl\u0131k ve avukatl\u0131k hizmetinin verilmesi,<br>Hukuka ayk\u0131r\u0131 olarak verilen cezalar\u0131n neden oldu\u011fu zarar\u0131n tazmini hususunda hukuki dan\u0131\u015fmanl\u0131k<br>ve avukatl\u0131k hizmetinin verilmesi,<br>Ana S\u00f6zle\u015fmelerinin ve talimatnamelerinin haz\u0131rlanmas\u0131nda gerekli deste\u011fin verilmesi hususunda<br>hukuki dan\u0131\u015fmanl\u0131k ve avukatl\u0131k hizmetinin verilmesi,<br>Sporcular\u0131n, yaz\u0131l\u0131 ve g\u00f6rsel bas\u0131ndaki ki\u015filik haklar\u0131n\u0131n korunmas\u0131 hususunda hukuki dan\u0131\u015fmanl\u0131k<br>ve avukatl\u0131k hizmetinin verilmesi,<br>Profesyonel sporcular\u0131n kul\u00fcbe kazand\u0131r\u0131lmas\u0131 s\u00fcrecinde s\u00f6zle\u015fmenin taraf haklar\u0131n\u0131n korunmas\u0131<br>nedeniyle s\u00f6zle\u015fmenin haz\u0131rlanmas\u0131 hususunda hukuki dan\u0131\u015fmanl\u0131k ve avukatl\u0131k hizmetinin<br>verilmesi,<br>Spor kul\u00fcpleri ile sponsorlar aras\u0131nda yap\u0131lan s\u00f6zle\u015fmelerin haz\u0131rlanmas\u0131 hususunda hukuki<br>dan\u0131\u015fmanl\u0131k ve avukatl\u0131k hizmetinin verilmesi,<br>Spor kul\u00fcpleri ile sponsorlar aras\u0131nda \u00e7\u0131kacak ihtilaflar\u0131n \u00e7\u00f6z\u00fclmesi i\u00e7in hukuki s\u00fcrecin takip<br>edilmesi hususunda hukuki dan\u0131\u015fmanl\u0131k ve avukatl\u0131k hizmetinin verilmesi,<br>Sporcular\u0131n ve kul\u00fcplerin saha i\u00e7inde ve d\u0131\u015f\u0131nda ger\u00e7ekle\u015fecek haks\u0131z fiiller kar\u015f\u0131s\u0131nda sorumlulu\u011fu<br>hususunda hukuki dan\u0131\u015fmanl\u0131k ve avukatl\u0131k hizmetinin verilmesi,<br>Spor kul\u00fcpleri ile yay\u0131nc\u0131 kurulu\u015f aras\u0131nda yap\u0131lacak s\u00f6zle\u015fmenin haz\u0131rlanmas\u0131 hususunda hukuki<br>dan\u0131\u015fmanl\u0131k ve avukatl\u0131k hizmetinin verilmesi,<br>Spor kul\u00fcpleri ile yay\u0131nc\u0131 kurulu\u015f aras\u0131ndaki \u00e7\u0131kan ihtilaflar\u0131n \u00e7\u00f6z\u00fcm\u00fc i\u00e7in gerekli hukuki deste\u011fin<br>sunulmas\u0131 hususunda hukuki dan\u0131\u015fmanl\u0131k ve avukatl\u0131k hizmetinin verilmesi,<br>Yabanc\u0131 \u00fclkelerden gelen ya da gelecek olan oyuncular\u0131n yerle\u015fim izni ile vatanda\u015fl\u0131k i\u015flerinin<br>takibi hususunda hukuki dan\u0131\u015fmanl\u0131k ve avukatl\u0131k hizmetinin verilmesi.<\/p>\n","protected":false},"excerpt":{"rendered":"<p>Spor Hukuku kapsam\u0131nda verdi\u011fimiz ba\u015fl\u0131ca hizmetler \u015fu \u015fekildedir:Sporcular\u0131n, teknik direkt\u00f6rlerin kul\u00fcplerden olan hak ve alacaklar\u0131n\u0131n tahsil edilebilmesi hususundahukuki dan\u0131\u015fmanl\u0131k ve avukatl\u0131k hizmetinin verilmesi,Sponsorluk S\u00f6zle\u015fmesi, Sporcu ile Kul\u00fcp aras\u0131ndaki S\u00f6zle\u015fmeler, Oyuncu S\u00f6zle\u015fmesi S\u00f6zle\u015fmeleri,Turnuva Organizasyon S\u00f6zle\u015fmesi ve di\u011fer S\u00f6zle\u015fmelerin tanzimi, incelenmesi ve m\u00fczakereedilmesi hususunda hukuki dan\u0131\u015fmanl\u0131k ve avukatl\u0131k hizmetinin verilmesi,Hukuka ayk\u0131r\u0131 olarak verilen cezalar\u0131n neden oldu\u011fu zarar\u0131n [&hellip;]<\/p>\n","protected":false},"author":1,"featured_media":0,"parent":0,"menu_order":0,"comment_status":"closed","ping_status":"closed","template":"","meta":{"footnotes":""},"_links":{"self":[{"href":"https:\/\/pamukhukuk.com\/index.php?rest_route=\/wp\/v2\/pages\/1081"}],"collection":[{"href":"https:\/\/pamukhukuk.com\/index.php?rest_route=\/wp\/v2\/pages"}],"about":[{"href":"https:\/\/pamukhukuk.com\/index.php?rest_route=\/wp\/v2\/types\/page"}],"author":[{"embeddable":true,"href":"https:\/\/pamukhukuk.com\/index.php?rest_route=\/wp\/v2\/users\/1"}],"replies":[{"embeddable":true,"href":"https:\/\/pamukhukuk.com\/index.php?rest_route=%2Fwp%2Fv2%2Fcomments&post=1081"}],"version-history":[{"count":1,"href":"https:\/\/pamukhukuk.com\/index.php?rest_route=\/wp\/v2\/pages\/1081\/revisions"}],"predecessor-version":[{"id":1082,"href":"https:\/\/pamukhukuk.com\/index.php?rest_route=\/wp\/v2\/pages\/1081\/revisions\/1082"}],"wp:attachment":[{"href":"https:\/\/pamukhukuk.com\/index.php?rest_route=%2Fwp%2Fv2%2Fmedia&parent=1081"}],"curies":[{"name":"wp","href":"https:\/\/api.w.org\/{rel}","templated":true}]}}