{"id":1079,"date":"2023-09-28T19:44:50","date_gmt":"2023-09-28T19:44:50","guid":{"rendered":"https:\/\/pamukhukuk.com\/?page_id=1079"},"modified":"2023-09-28T19:44:50","modified_gmt":"2023-09-28T19:44:50","slug":"uluslararasi-ticaret-hukuku","status":"publish","type":"page","link":"https:\/\/pamukhukuk.com\/?page_id=1079","title":{"rendered":"Uluslararas\u0131 Ticaret Hukuku"},"content":{"rendered":"\n<p>Uluslararas\u0131 Ticaret Hukuku kapsam\u0131nda verdi\u011fimiz ba\u015fl\u0131ca hizmetler \u015fu \u015fekildedir:<br>Yabanc\u0131 \u015firketlerle yap\u0131lacak s\u00f6zle\u015fmelerinin uluslararas\u0131 hukuk kurallar\u0131 \u00e7er\u00e7evesinde haz\u0131rlanmas\u0131<br>hususunda hukuki dan\u0131\u015fmanl\u0131k ve avukatl\u0131k hizmetinin verilmesi,<br>Yurtd\u0131\u015f\u0131nda yap\u0131lacak yat\u0131r\u0131mlarda yat\u0131r\u0131m yap\u0131lacak \u00fclkenin ticaret, yabanc\u0131 sermaye, vergi, i\u015f ve<br>sair mevzuat\u0131 hakk\u0131nda hukuki g\u00f6r\u00fc\u015f verme, \u015firket kurma, birle\u015fme ve devralma i\u015flemlerini<br>ger\u00e7ekle\u015ftirme hususunda hukuki dan\u0131\u015fmanl\u0131k ve avukatl\u0131k hizmetinin verilmesi,<br>Yabanc\u0131 \u015firketler ile kurulan ticari ili\u015fkilerden kaynaklanan ihtilaflarda, gerek T\u00fcrk hukuku gerekse<br>Uluslararas\u0131 d\u00fczenlemeler temelinde hukuki de\u011ferlendirme yap\u0131lmas\u0131 hususunda hukuki<br>dan\u0131\u015fmanl\u0131k ve avukatl\u0131k hizmetinin verilmesi,<br>Franchising, distrib\u00fct\u00f6rl\u00fck ve sole agency anla\u015fmalar\u0131n\u0131n haz\u0131rlanmas\u0131 hususunda hukuki<br>dan\u0131\u015fmanl\u0131k ve avukatl\u0131k hizmetinin verilmesi,<br>Ulusal \u015firketlerin Avrupa Birli\u011fi Hukuku ve Avrupa Toplulu\u011fu hukuk normlar\u0131 hakk\u0131nda<br>bilgilendirilmesi hususunda hukuki dan\u0131\u015fmanl\u0131k ve avukatl\u0131k hizmetinin verilmesi,<br>Yabanc\u0131 sermaye transferi ve yat\u0131r\u0131m te\u015fvikleri konusunda hukuki dan\u0131\u015fmanl\u0131k hizmeti sunulmas\u0131<br>hususundahukuki dan\u0131\u015fmanl\u0131k ve avukatl\u0131k hizmetinin verilmesi,<br>\u0130hracat yapan firmalar\u0131n faaliyetlerini d\u0131\u015f ticaret mevzuat\u0131na ve \u00f6zellikle de GATT h\u00fck\u00fcmlerine<br>uygun olarak y\u00fcr\u00fctmelerini temin etmek hususunda hukuki dan\u0131\u015fmanl\u0131k ve avukatl\u0131k hizmetinin<br>verilmesi,<br>Uluslararas\u0131 yat\u0131r\u0131mlarda vergi ve \u00e7ifte vergilendirme konular\u0131nda hukuki ve mali g\u00f6r\u00fc\u015f vermek<br>hususunda hukuki dan\u0131\u015fmanl\u0131k ve avukatl\u0131k hizmetinin verilmesi.<\/p>\n","protected":false},"excerpt":{"rendered":"<p>Uluslararas\u0131 Ticaret Hukuku kapsam\u0131nda verdi\u011fimiz ba\u015fl\u0131ca hizmetler \u015fu \u015fekildedir:Yabanc\u0131 \u015firketlerle yap\u0131lacak s\u00f6zle\u015fmelerinin uluslararas\u0131 hukuk kurallar\u0131 \u00e7er\u00e7evesinde haz\u0131rlanmas\u0131hususunda hukuki dan\u0131\u015fmanl\u0131k ve avukatl\u0131k hizmetinin verilmesi,Yurtd\u0131\u015f\u0131nda yap\u0131lacak yat\u0131r\u0131mlarda yat\u0131r\u0131m yap\u0131lacak \u00fclkenin ticaret, yabanc\u0131 sermaye, vergi, i\u015f vesair mevzuat\u0131 hakk\u0131nda hukuki g\u00f6r\u00fc\u015f verme, \u015firket kurma, birle\u015fme ve devralma i\u015flemleriniger\u00e7ekle\u015ftirme hususunda hukuki dan\u0131\u015fmanl\u0131k ve avukatl\u0131k hizmetinin verilmesi,Yabanc\u0131 \u015firketler ile kurulan [&hellip;]<\/p>\n","protected":false},"author":1,"featured_media":0,"parent":0,"menu_order":0,"comment_status":"closed","ping_status":"closed","template":"","meta":{"footnotes":""},"_links":{"self":[{"href":"https:\/\/pamukhukuk.com\/index.php?rest_route=\/wp\/v2\/pages\/1079"}],"collection":[{"href":"https:\/\/pamukhukuk.com\/index.php?rest_route=\/wp\/v2\/pages"}],"about":[{"href":"https:\/\/pamukhukuk.com\/index.php?rest_route=\/wp\/v2\/types\/page"}],"author":[{"embeddable":true,"href":"https:\/\/pamukhukuk.com\/index.php?rest_route=\/wp\/v2\/users\/1"}],"replies":[{"embeddable":true,"href":"https:\/\/pamukhukuk.com\/index.php?rest_route=%2Fwp%2Fv2%2Fcomments&post=1079"}],"version-history":[{"count":1,"href":"https:\/\/pamukhukuk.com\/index.php?rest_route=\/wp\/v2\/pages\/1079\/revisions"}],"predecessor-version":[{"id":1080,"href":"https:\/\/pamukhukuk.com\/index.php?rest_route=\/wp\/v2\/pages\/1079\/revisions\/1080"}],"wp:attachment":[{"href":"https:\/\/pamukhukuk.com\/index.php?rest_route=%2Fwp%2Fv2%2Fmedia&parent=1079"}],"curies":[{"name":"wp","href":"https:\/\/api.w.org\/{rel}","templated":true}]}}