{"id":1077,"date":"2023-09-28T19:43:40","date_gmt":"2023-09-28T19:43:40","guid":{"rendered":"https:\/\/pamukhukuk.com\/?page_id=1077"},"modified":"2023-09-28T19:43:40","modified_gmt":"2023-09-28T19:43:40","slug":"uluslararasi-tahkim","status":"publish","type":"page","link":"https:\/\/pamukhukuk.com\/?page_id=1077","title":{"rendered":"Uluslararas\u0131 Tahkim"},"content":{"rendered":"\n<p>Uluslararas\u0131 Tahkim kapsam\u0131nda verdi\u011fimiz hizmetler ba\u015fl\u0131ca \u015fu \u015fekildedir:<br>Tahkim yoluna ba\u015fvurmak isteyen taraf\u0131n hukuki s\u00fcrecini hususunda hukuki dan\u0131\u015fmanl\u0131k ve<br>avukatl\u0131k hizmetinin verilmesi,<br>Tahkim anla\u015fmas\u0131n\u0131 olu\u015fturmak, tahkim duru\u015fmas\u0131n\u0131 tamamlamak hususunda hukuki dan\u0131\u015fmanl\u0131k<br>ve avukatl\u0131k hizmetinin verilmesi,<br>Uluslararas\u0131 tahkim kararlar\u0131na itiraz hususunda hukuki dan\u0131\u015fmanl\u0131k ve avukatl\u0131k hizmetinin<br>verilmesi,<br>Tahkim anla\u015fmas\u0131n\u0131n yap\u0131lmas\u0131 hususunda hukuki dan\u0131\u015fmanl\u0131k ve avukatl\u0131k hizmetinin verilmesi,<br>T\u00fcrkiye\u2019de tahkim kararlar\u0131n\u0131n icras\u0131n\u0131n sa\u011flanmas\u0131 hususunda hukuki dan\u0131\u015fmanl\u0131k ve avukatl\u0131k<br>hizmetinin verilmesi.<\/p>\n","protected":false},"excerpt":{"rendered":"<p>Uluslararas\u0131 Tahkim kapsam\u0131nda verdi\u011fimiz hizmetler ba\u015fl\u0131ca \u015fu \u015fekildedir:Tahkim yoluna ba\u015fvurmak isteyen taraf\u0131n hukuki s\u00fcrecini hususunda hukuki dan\u0131\u015fmanl\u0131k veavukatl\u0131k hizmetinin verilmesi,Tahkim anla\u015fmas\u0131n\u0131 olu\u015fturmak, tahkim duru\u015fmas\u0131n\u0131 tamamlamak hususunda hukuki dan\u0131\u015fmanl\u0131kve avukatl\u0131k hizmetinin verilmesi,Uluslararas\u0131 tahkim kararlar\u0131na itiraz hususunda hukuki dan\u0131\u015fmanl\u0131k ve avukatl\u0131k hizmetininverilmesi,Tahkim anla\u015fmas\u0131n\u0131n yap\u0131lmas\u0131 hususunda hukuki dan\u0131\u015fmanl\u0131k ve avukatl\u0131k hizmetinin verilmesi,T\u00fcrkiye\u2019de tahkim kararlar\u0131n\u0131n icras\u0131n\u0131n sa\u011flanmas\u0131 hususunda hukuki [&hellip;]<\/p>\n","protected":false},"author":1,"featured_media":0,"parent":0,"menu_order":0,"comment_status":"closed","ping_status":"closed","template":"","meta":{"footnotes":""},"_links":{"self":[{"href":"https:\/\/pamukhukuk.com\/index.php?rest_route=\/wp\/v2\/pages\/1077"}],"collection":[{"href":"https:\/\/pamukhukuk.com\/index.php?rest_route=\/wp\/v2\/pages"}],"about":[{"href":"https:\/\/pamukhukuk.com\/index.php?rest_route=\/wp\/v2\/types\/page"}],"author":[{"embeddable":true,"href":"https:\/\/pamukhukuk.com\/index.php?rest_route=\/wp\/v2\/users\/1"}],"replies":[{"embeddable":true,"href":"https:\/\/pamukhukuk.com\/index.php?rest_route=%2Fwp%2Fv2%2Fcomments&post=1077"}],"version-history":[{"count":1,"href":"https:\/\/pamukhukuk.com\/index.php?rest_route=\/wp\/v2\/pages\/1077\/revisions"}],"predecessor-version":[{"id":1078,"href":"https:\/\/pamukhukuk.com\/index.php?rest_route=\/wp\/v2\/pages\/1077\/revisions\/1078"}],"wp:attachment":[{"href":"https:\/\/pamukhukuk.com\/index.php?rest_route=%2Fwp%2Fv2%2Fmedia&parent=1077"}],"curies":[{"name":"wp","href":"https:\/\/api.w.org\/{rel}","templated":true}]}}