{"id":1075,"date":"2023-09-28T19:42:39","date_gmt":"2023-09-28T19:42:39","guid":{"rendered":"https:\/\/pamukhukuk.com\/?page_id=1075"},"modified":"2023-09-28T19:42:40","modified_gmt":"2023-09-28T19:42:40","slug":"kentsel-donusum","status":"publish","type":"page","link":"https:\/\/pamukhukuk.com\/?page_id=1075","title":{"rendered":"Kentsel D\u00f6n\u00fc\u015f\u00fcm"},"content":{"rendered":"\n<p>Kentsel D\u00f6n\u00fc\u015f\u00fcm kapsam\u0131nda verdi\u011fimiz hizmetler ba\u015fl\u0131ca \u015fu \u015fekildedir:<br>Riskli yap\u0131 i\u015flemine itiraz hususunda hukuki dan\u0131\u015fmanl\u0131k ve avukatl\u0131k hizmetinin verilmesi,<br>Riskli yap\u0131n\u0131n y\u0131k\u0131m\u0131 \u00f6ncesinde anla\u015fma s\u00fcreci, riskli yap\u0131n\u0131n y\u0131k\u0131m s\u00fcreci hususunda hukuki<br>dan\u0131\u015fmanl\u0131k ve avukatl\u0131k hizmetinin verilmesi,<br>Vatanda\u015f\u0131n risk tespiti yapt\u0131rmas\u0131 hususunda hukuki dan\u0131\u015fmanl\u0131k ve avukatl\u0131k hizmetinin verilmesi,<br>6306 say\u0131l\u0131 kanun kapsam\u0131nda uygulama alan\u0131nda ger\u00e7ekle\u015ftirilecek i\u015flemler hususunda yap\u0131lacak<br>olan toplant\u0131lara kat\u0131larak \u00f6nerilerde bulunulmas\u0131 ve yol haritas\u0131 olu\u015fturulmas\u0131 hususunda hukuki<br>dan\u0131\u015fmanl\u0131k ve avukatl\u0131k hizmetinin verilmesi,<br>Yat\u0131r\u0131m ve \u0130n\u015faat \u015firketleri\/Site ve bina y\u00f6netimleri ile yap\u0131lan g\u00f6r\u00fc\u015fmeler do\u011frultusunda; arsa pay\u0131<br>kar\u015f\u0131l\u0131\u011f\u0131 in\u015faat s\u00f6zle\u015fmesi, has\u0131lat payla\u015f\u0131ml\u0131 in\u015faat s\u00f6zle\u015fmesi, ortak \u015firket kurulmas\u0131 gibi i\u015f ve<br>s\u00f6zle\u015fme modelini olu\u015fturulmas\u0131 hususunda hukuki dan\u0131\u015fmanl\u0131k ve avukatl\u0131k hizmetinin verilmesi,<br>Kentsel d\u00f6n\u00fc\u015f\u00fcm alanlar\u0131nda kamula\u015ft\u0131rma ve s\u0131n\u0131rl\u0131 ayni hak tesisi hususunda hukuki dan\u0131\u015fmanl\u0131k<br>ve avukatl\u0131k hizmetinin verilmesi,<br>5393 say\u0131l\u0131 belediye kanunu kapsam\u0131nda ve 6306 say\u0131l\u0131 kanun kapsam\u0131nda ger\u00e7ekle\u015ftirilecek kentsel<br>d\u00f6n\u00fc\u015f\u00fcm uygulamalar\u0131nda hak sahiplerine verilecek olan yard\u0131m ve te\u015fvik hususlar\u0131nda hukuki<br>dan\u0131\u015fmanl\u0131k ve avukatl\u0131k hizmetinin verilmesi,<br>Kentsel d\u00f6n\u00fc\u015f\u00fcm s\u00fcrecinde idarenin i\u015flemlerine kar\u015f\u0131 iptal davas\u0131 a\u00e7\u0131lmas\u0131 hususunda hukuki<br>dan\u0131\u015fmanl\u0131k ve avukatl\u0131k hizmetinin verilmesi.<\/p>\n","protected":false},"excerpt":{"rendered":"<p>Kentsel D\u00f6n\u00fc\u015f\u00fcm kapsam\u0131nda verdi\u011fimiz hizmetler ba\u015fl\u0131ca \u015fu \u015fekildedir:Riskli yap\u0131 i\u015flemine itiraz hususunda hukuki dan\u0131\u015fmanl\u0131k ve avukatl\u0131k hizmetinin verilmesi,Riskli yap\u0131n\u0131n y\u0131k\u0131m\u0131 \u00f6ncesinde anla\u015fma s\u00fcreci, riskli yap\u0131n\u0131n y\u0131k\u0131m s\u00fcreci hususunda hukukidan\u0131\u015fmanl\u0131k ve avukatl\u0131k hizmetinin verilmesi,Vatanda\u015f\u0131n risk tespiti yapt\u0131rmas\u0131 hususunda hukuki dan\u0131\u015fmanl\u0131k ve avukatl\u0131k hizmetinin verilmesi,6306 say\u0131l\u0131 kanun kapsam\u0131nda uygulama alan\u0131nda ger\u00e7ekle\u015ftirilecek i\u015flemler hususunda yap\u0131lacakolan toplant\u0131lara kat\u0131larak \u00f6nerilerde [&hellip;]<\/p>\n","protected":false},"author":1,"featured_media":0,"parent":0,"menu_order":0,"comment_status":"closed","ping_status":"closed","template":"","meta":{"footnotes":""},"_links":{"self":[{"href":"https:\/\/pamukhukuk.com\/index.php?rest_route=\/wp\/v2\/pages\/1075"}],"collection":[{"href":"https:\/\/pamukhukuk.com\/index.php?rest_route=\/wp\/v2\/pages"}],"about":[{"href":"https:\/\/pamukhukuk.com\/index.php?rest_route=\/wp\/v2\/types\/page"}],"author":[{"embeddable":true,"href":"https:\/\/pamukhukuk.com\/index.php?rest_route=\/wp\/v2\/users\/1"}],"replies":[{"embeddable":true,"href":"https:\/\/pamukhukuk.com\/index.php?rest_route=%2Fwp%2Fv2%2Fcomments&post=1075"}],"version-history":[{"count":1,"href":"https:\/\/pamukhukuk.com\/index.php?rest_route=\/wp\/v2\/pages\/1075\/revisions"}],"predecessor-version":[{"id":1076,"href":"https:\/\/pamukhukuk.com\/index.php?rest_route=\/wp\/v2\/pages\/1075\/revisions\/1076"}],"wp:attachment":[{"href":"https:\/\/pamukhukuk.com\/index.php?rest_route=%2Fwp%2Fv2%2Fmedia&parent=1075"}],"curies":[{"name":"wp","href":"https:\/\/api.w.org\/{rel}","templated":true}]}}