{"id":1073,"date":"2023-09-28T19:41:34","date_gmt":"2023-09-28T19:41:34","guid":{"rendered":"https:\/\/pamukhukuk.com\/?page_id=1073"},"modified":"2023-09-28T19:41:34","modified_gmt":"2023-09-28T19:41:34","slug":"imar-barisi","status":"publish","type":"page","link":"https:\/\/pamukhukuk.com\/?page_id=1073","title":{"rendered":"\u0130mar Bar\u0131\u015f\u0131"},"content":{"rendered":"\n<p>\u0130mar Bar\u0131\u015f\u0131 kapsam\u0131nda verdi\u011fimiz hizmetler ba\u015fl\u0131ca \u015fu \u015fekildedir:<br>Yap\u0131 kay\u0131t belgesi i\u00e7in ba\u015fvuru hususunda hukuki dan\u0131\u015fmanl\u0131k ve avukatl\u0131k hizmetinin verilmesi,<br>Yap\u0131 kay\u0131t bedeli ve \u00f6denmesi hususunda hukuki dan\u0131\u015fmanl\u0131k ve avukatl\u0131k hizmetinin verilmesi,<br>Yap\u0131 kay\u0131t belgesinin d\u00fczenlenmesi ve yap\u0131 kay\u0131t belgesinin ilgili idarelere verilmesi hususunda<br>hukuki dan\u0131\u015fmanl\u0131k ve avukatl\u0131k hizmetinin verilmesi,<br>\u0130n\u015faat halindeki yap\u0131lara yap\u0131 kay\u0131t belgesinin verilmesi ve \u015fartlar\u0131 hususunda hukuki dan\u0131\u015fmanl\u0131k<br>ve avukatl\u0131k hizmetinin verilmesi,<br>Tapuda cins de\u011fi\u015fikli\u011fi ve kat m\u00fclkiyeti tesisinin yap\u0131labilmesi hususunda hukuki dan\u0131\u015fmanl\u0131k ve<br>avukatl\u0131k hizmetinin verilmesi,<br>Yap\u0131 kay\u0131t belgesi verilen yap\u0131larda ruhsat al\u0131nmaks\u0131z\u0131n basit onar\u0131m ve tadilatlar\u0131n yap\u0131labilmesi<br>hususunda hukuki dan\u0131\u015fmanl\u0131k ve avukatl\u0131k hizmetinin verilmesi,<br>Yap\u0131 kay\u0131t belgesi verilen yap\u0131lara i\u015fyeri a\u00e7ma ve \u00e7al\u0131\u015fma ruhsat\u0131n\u0131n verilmesi hususunda hukuki<br>dan\u0131\u015fmanl\u0131k ve avukatl\u0131k hizmetinin verilmesi,<br>Hazine ve belediyeye ait ta\u015f\u0131nmazlar \u00fczerindeki yap\u0131lara yap\u0131 kay\u0131t belgesi al\u0131nmas\u0131 hususunda<br>hukuki dan\u0131\u015fmanl\u0131k ve avukatl\u0131k hizmetinin verilmesi,<br>Yap\u0131 kay\u0131t belgelerinin ceza davalar\u0131na etkisi hususunda hukuki dan\u0131\u015fmanl\u0131k ve avukatl\u0131k<br>hizmetinin verilmesi.<\/p>\n","protected":false},"excerpt":{"rendered":"<p>\u0130mar Bar\u0131\u015f\u0131 kapsam\u0131nda verdi\u011fimiz hizmetler ba\u015fl\u0131ca \u015fu \u015fekildedir:Yap\u0131 kay\u0131t belgesi i\u00e7in ba\u015fvuru hususunda hukuki dan\u0131\u015fmanl\u0131k ve avukatl\u0131k hizmetinin verilmesi,Yap\u0131 kay\u0131t bedeli ve \u00f6denmesi hususunda hukuki dan\u0131\u015fmanl\u0131k ve avukatl\u0131k hizmetinin verilmesi,Yap\u0131 kay\u0131t belgesinin d\u00fczenlenmesi ve yap\u0131 kay\u0131t belgesinin ilgili idarelere verilmesi hususundahukuki dan\u0131\u015fmanl\u0131k ve avukatl\u0131k hizmetinin verilmesi,\u0130n\u015faat halindeki yap\u0131lara yap\u0131 kay\u0131t belgesinin verilmesi ve \u015fartlar\u0131 hususunda [&hellip;]<\/p>\n","protected":false},"author":1,"featured_media":0,"parent":0,"menu_order":0,"comment_status":"closed","ping_status":"closed","template":"","meta":{"footnotes":""},"_links":{"self":[{"href":"https:\/\/pamukhukuk.com\/index.php?rest_route=\/wp\/v2\/pages\/1073"}],"collection":[{"href":"https:\/\/pamukhukuk.com\/index.php?rest_route=\/wp\/v2\/pages"}],"about":[{"href":"https:\/\/pamukhukuk.com\/index.php?rest_route=\/wp\/v2\/types\/page"}],"author":[{"embeddable":true,"href":"https:\/\/pamukhukuk.com\/index.php?rest_route=\/wp\/v2\/users\/1"}],"replies":[{"embeddable":true,"href":"https:\/\/pamukhukuk.com\/index.php?rest_route=%2Fwp%2Fv2%2Fcomments&post=1073"}],"version-history":[{"count":1,"href":"https:\/\/pamukhukuk.com\/index.php?rest_route=\/wp\/v2\/pages\/1073\/revisions"}],"predecessor-version":[{"id":1074,"href":"https:\/\/pamukhukuk.com\/index.php?rest_route=\/wp\/v2\/pages\/1073\/revisions\/1074"}],"wp:attachment":[{"href":"https:\/\/pamukhukuk.com\/index.php?rest_route=%2Fwp%2Fv2%2Fmedia&parent=1073"}],"curies":[{"name":"wp","href":"https:\/\/api.w.org\/{rel}","templated":true}]}}