{"id":1071,"date":"2023-09-28T19:40:31","date_gmt":"2023-09-28T19:40:31","guid":{"rendered":"https:\/\/pamukhukuk.com\/?page_id=1071"},"modified":"2023-09-28T19:40:32","modified_gmt":"2023-09-28T19:40:32","slug":"birlesme-devralma-bolunme-tur-degistirme-ve-hisse-degisimi","status":"publish","type":"page","link":"https:\/\/pamukhukuk.com\/?page_id=1071","title":{"rendered":"Birle\u015fme, Devralma, B\u00f6l\u00fcnme, T\u00fcr De\u011fi\u015ftirme ve Hisse De\u011fi\u015fimi"},"content":{"rendered":"\n<p>Birle\u015fme ve Devralma, B\u00f6l\u00fcnme, T\u00fcr De\u011fi\u015ftirme ve Hisse De\u011fi\u015fimi kapsam\u0131nda verdi\u011fimiz hizmetler<br>ba\u015fl\u0131ca \u015fu \u015fekildedir:<br>S\u0131n\u0131r a\u015f\u0131r\u0131 birle\u015fmeler hususunda hukuki dan\u0131\u015fmanl\u0131k ve avukatl\u0131k hizmetinin verilmesi,<br>Ticaret \u015firketlerinin birle\u015fmesi( birle\u015fmenin ger\u00e7ekle\u015fmesi, ge\u00e7erli birle\u015fmeler, ortak s\u0131fat\u0131n\u0131n<br>korunmas\u0131, sermaye art\u0131r\u0131m\u0131 zorunlulu\u011fu, birle\u015fmeye esas bilan\u00e7o ve ara bilan\u00e7o) hususunda hukuki<br>dan\u0131\u015fmanl\u0131k ve avukatl\u0131k hizmetinin verilmesi,<br>Birle\u015fme s\u00f6zle\u015fmesinin haz\u0131rlanmas\u0131 hususunda hukuki dan\u0131\u015fmanl\u0131k ve avukatl\u0131k hizmetinin<br>verilmesi,<br>Birle\u015fme raporu hususunda hukuki dan\u0131\u015fmanl\u0131k ve avukatl\u0131k hizmetinin verilmesi,<br>Birle\u015fme, b\u00f6l\u00fcnme ve t\u00fcr de\u011fi\u015ftirmenin i\u015f s\u00f6zle\u015fmelerine etkisi hususunda hukuki dan\u0131\u015fmanl\u0131k ve<br>avukatl\u0131k hizmetinin verilmesi,<br>Tam b\u00f6l\u00fcnme, k\u0131smi b\u00f6l\u00fcnme s\u00fcreci ve sonu\u00e7lar\u0131 hususunda hukuki dan\u0131\u015fmanl\u0131k ve avukatl\u0131k<br>hizmetinin verilmesi,<br>Ge\u00e7erli t\u00fcr de\u011fi\u015ftirmeler, t\u00fcr de\u011fi\u015ftirme plan\u0131, t\u00fcr de\u011fi\u015ftirme raporu, inceleme hakk\u0131, kurulu\u015f, ortak<br>s\u0131fat\u0131n\u0131n korunmas\u0131, ara bilan\u00e7o, alacakl\u0131lar\u0131n korunmas\u0131, \u00e7al\u0131\u015fanlar\u0131n korunmas\u0131, ortaklar\u0131n ki\u015fisel<br>sorumlulu\u011fu, t\u00fcr de\u011fi\u015ftirme karar\u0131, t\u00fcr de\u011fi\u015ftirmenin hukuki sonu\u00e7lar\u0131 hususlar\u0131nda hukuki<br>dan\u0131\u015fmanl\u0131k ve avukatl\u0131k hizmetinin verilmesi,<br>\u0130ki ticari i\u015fletmenin birle\u015fmesi, ticari i\u015fletmenin ticaret \u015firketi ile birle\u015fmesi, ticari i\u015fletmenin ticaret<br>\u015firketine d\u00f6n\u00fc\u015fmesi, bir ticaret \u015firketinin ticari i\u015fletmeye d\u00f6n\u00fc\u015fmesi hususunda hukuki dan\u0131\u015fmanl\u0131k<br>ve avukatl\u0131k hizmetinin verilmesi,<br>Birle\u015fme, devir ve b\u00f6l\u00fcnme kararlar\u0131na kar\u015f\u0131 dava a\u00e7ma hususunda hukuki dan\u0131\u015fmanl\u0131k ve avukatl\u0131k<br>hizmetinin verilmesi,<br>Halka a\u00e7\u0131k ortakl\u0131lar\u0131n birle\u015fme ve b\u00f6l\u00fcnme i\u015flemleri hususunda hukuki dan\u0131\u015fmanl\u0131k ve avukatl\u0131k<br>hizmetinin verilmesi,<br>\u015eirket yeniden yap\u0131land\u0131rmalar\u0131n\u0131n vergisel sonu\u00e7lar\u0131 hususunda hukuki dan\u0131\u015fmanl\u0131k ve avukatl\u0131k<br>hizmetinin verilmesi,<br>\u0130zne tabi birle\u015fme ve devralma i\u015flemleri hususunda hukuki dan\u0131\u015fmanl\u0131k ve avukatl\u0131k hizmetinin<br>verilmesi.<\/p>\n","protected":false},"excerpt":{"rendered":"<p>Birle\u015fme ve Devralma, B\u00f6l\u00fcnme, T\u00fcr De\u011fi\u015ftirme ve Hisse De\u011fi\u015fimi kapsam\u0131nda verdi\u011fimiz hizmetlerba\u015fl\u0131ca \u015fu \u015fekildedir:S\u0131n\u0131r a\u015f\u0131r\u0131 birle\u015fmeler hususunda hukuki dan\u0131\u015fmanl\u0131k ve avukatl\u0131k hizmetinin verilmesi,Ticaret \u015firketlerinin birle\u015fmesi( birle\u015fmenin ger\u00e7ekle\u015fmesi, ge\u00e7erli birle\u015fmeler, ortak s\u0131fat\u0131n\u0131nkorunmas\u0131, sermaye art\u0131r\u0131m\u0131 zorunlulu\u011fu, birle\u015fmeye esas bilan\u00e7o ve ara bilan\u00e7o) hususunda hukukidan\u0131\u015fmanl\u0131k ve avukatl\u0131k hizmetinin verilmesi,Birle\u015fme s\u00f6zle\u015fmesinin haz\u0131rlanmas\u0131 hususunda hukuki dan\u0131\u015fmanl\u0131k ve avukatl\u0131k hizmetininverilmesi,Birle\u015fme raporu [&hellip;]<\/p>\n","protected":false},"author":1,"featured_media":0,"parent":0,"menu_order":0,"comment_status":"closed","ping_status":"closed","template":"","meta":{"footnotes":""},"_links":{"self":[{"href":"https:\/\/pamukhukuk.com\/index.php?rest_route=\/wp\/v2\/pages\/1071"}],"collection":[{"href":"https:\/\/pamukhukuk.com\/index.php?rest_route=\/wp\/v2\/pages"}],"about":[{"href":"https:\/\/pamukhukuk.com\/index.php?rest_route=\/wp\/v2\/types\/page"}],"author":[{"embeddable":true,"href":"https:\/\/pamukhukuk.com\/index.php?rest_route=\/wp\/v2\/users\/1"}],"replies":[{"embeddable":true,"href":"https:\/\/pamukhukuk.com\/index.php?rest_route=%2Fwp%2Fv2%2Fcomments&post=1071"}],"version-history":[{"count":1,"href":"https:\/\/pamukhukuk.com\/index.php?rest_route=\/wp\/v2\/pages\/1071\/revisions"}],"predecessor-version":[{"id":1072,"href":"https:\/\/pamukhukuk.com\/index.php?rest_route=\/wp\/v2\/pages\/1071\/revisions\/1072"}],"wp:attachment":[{"href":"https:\/\/pamukhukuk.com\/index.php?rest_route=%2Fwp%2Fv2%2Fmedia&parent=1071"}],"curies":[{"name":"wp","href":"https:\/\/api.w.org\/{rel}","templated":true}]}}