{"id":1069,"date":"2023-09-28T19:38:48","date_gmt":"2023-09-28T19:38:48","guid":{"rendered":"https:\/\/pamukhukuk.com\/?page_id=1069"},"modified":"2023-09-28T19:38:48","modified_gmt":"2023-09-28T19:38:48","slug":"rekabet-hukuku-ve-haksiz-rekabet","status":"publish","type":"page","link":"https:\/\/pamukhukuk.com\/?page_id=1069","title":{"rendered":"Rekabet Hukuku ve Haks\u0131z Rekabet"},"content":{"rendered":"\n<p>Rekabet Hukuku ve Haks\u0131z Rekabet kapsam\u0131nda verdi\u011fimiz hizmetler ba\u015fl\u0131ca \u015fu \u015fekildedir:<br>\u015eirketlerin i\u015flemleri ile eylemlerinin rekabet kurallar\u0131na uygun olmas\u0131 hususunda hukuki<br>dan\u0131\u015fmanl\u0131k ve avukatl\u0131k hizmetinin verilmesi,<br>Rekabet ihlali durumunda gerekli i\u015flemlerin yap\u0131lmas\u0131 hususunda hukuki dan\u0131\u015fmanl\u0131k ve avukatl\u0131k<br>hizmetinin verilmesi,<br>Rekabet Kurulu\u2019na yap\u0131lacak birle\u015fme &amp; devralma bildirimleri hususunda hukuki dan\u0131\u015fmanl\u0131k ve<br>avukatl\u0131k hizmetinin verilmesi,<br>Rekabet Kurulu soru\u015fturmalar\u0131 s\u0131ras\u0131nda hukuki destek ve avukatl\u0131k hizmetinin verilmesi,<br>Rekabet kurulu kararlar\u0131na itiraz i\u015flemleri hususunda hukuki dan\u0131\u015fmanl\u0131k ve avukatl\u0131k hizmetinin<br>verilmesi,<br>Bireysel muafiyet ve menfi tespit ba\u015fvurular\u0131 hususunda hukuki destek ve avukatl\u0131k hizmetinin<br>verilmesi,<br>Pi\u015fmanl\u0131k ba\u015fvurular\u0131 hususunda hukuki dan\u0131\u015fmanl\u0131k ve avukatl\u0131k hizmetinin verilmesi,Haks\u0131z<br>rekabet ile ilgili maddi ve manevi tazminat davalar\u0131n\u0131n a\u00e7\u0131lmas\u0131 hususunda hukuki dan\u0131\u015fmanl\u0131k ve<br>avukatl\u0131k hizmetinin verilmesi.<\/p>\n","protected":false},"excerpt":{"rendered":"<p>Rekabet Hukuku ve Haks\u0131z Rekabet kapsam\u0131nda verdi\u011fimiz hizmetler ba\u015fl\u0131ca \u015fu \u015fekildedir:\u015eirketlerin i\u015flemleri ile eylemlerinin rekabet kurallar\u0131na uygun olmas\u0131 hususunda hukukidan\u0131\u015fmanl\u0131k ve avukatl\u0131k hizmetinin verilmesi,Rekabet ihlali durumunda gerekli i\u015flemlerin yap\u0131lmas\u0131 hususunda hukuki dan\u0131\u015fmanl\u0131k ve avukatl\u0131khizmetinin verilmesi,Rekabet Kurulu\u2019na yap\u0131lacak birle\u015fme &amp; devralma bildirimleri hususunda hukuki dan\u0131\u015fmanl\u0131k veavukatl\u0131k hizmetinin verilmesi,Rekabet Kurulu soru\u015fturmalar\u0131 s\u0131ras\u0131nda hukuki destek ve avukatl\u0131k hizmetinin [&hellip;]<\/p>\n","protected":false},"author":1,"featured_media":0,"parent":0,"menu_order":0,"comment_status":"closed","ping_status":"closed","template":"","meta":{"footnotes":""},"_links":{"self":[{"href":"https:\/\/pamukhukuk.com\/index.php?rest_route=\/wp\/v2\/pages\/1069"}],"collection":[{"href":"https:\/\/pamukhukuk.com\/index.php?rest_route=\/wp\/v2\/pages"}],"about":[{"href":"https:\/\/pamukhukuk.com\/index.php?rest_route=\/wp\/v2\/types\/page"}],"author":[{"embeddable":true,"href":"https:\/\/pamukhukuk.com\/index.php?rest_route=\/wp\/v2\/users\/1"}],"replies":[{"embeddable":true,"href":"https:\/\/pamukhukuk.com\/index.php?rest_route=%2Fwp%2Fv2%2Fcomments&post=1069"}],"version-history":[{"count":1,"href":"https:\/\/pamukhukuk.com\/index.php?rest_route=\/wp\/v2\/pages\/1069\/revisions"}],"predecessor-version":[{"id":1070,"href":"https:\/\/pamukhukuk.com\/index.php?rest_route=\/wp\/v2\/pages\/1069\/revisions\/1070"}],"wp:attachment":[{"href":"https:\/\/pamukhukuk.com\/index.php?rest_route=%2Fwp%2Fv2%2Fmedia&parent=1069"}],"curies":[{"name":"wp","href":"https:\/\/api.w.org\/{rel}","templated":true}]}}