{"id":1067,"date":"2023-09-28T19:37:26","date_gmt":"2023-09-28T19:37:26","guid":{"rendered":"https:\/\/pamukhukuk.com\/?page_id=1067"},"modified":"2023-09-28T19:37:26","modified_gmt":"2023-09-28T19:37:26","slug":"sermaye-piyasasi-hukuku","status":"publish","type":"page","link":"https:\/\/pamukhukuk.com\/?page_id=1067","title":{"rendered":"Sermaye Piyasas\u0131 Hukuku"},"content":{"rendered":"\n<p>Sermaye Piyasas\u0131 Hukuku kapsam\u0131nda verdi\u011fimiz hizmetler ba\u015fl\u0131ca \u015fu \u015fekildedir:<br>Sermaye piyasas\u0131 ara\u00e7lar\u0131n\u0131n ihra\u00e7 ve halka arz\u0131 hususunda hukuki dan\u0131\u015fmanl\u0131k ve avukatl\u0131k<br>hizmetinin verilmesi,<br>\u0130zahname hususunda hukuki dan\u0131\u015fmanl\u0131k ve avukatl\u0131k hizmetinin verilmesi,<br>Sermaye piyasas\u0131 ara\u00e7lar\u0131n\u0131n sat\u0131\u015f\u0131 hususunda hukuki dan\u0131\u015fmanl\u0131k ve avukatl\u0131k hizmetinin verilmesi,<br>Yat\u0131r\u0131mc\u0131 uyu\u015fmazl\u0131klar\u0131 hususunda hukuki dan\u0131\u015fmanl\u0131k ve avukatl\u0131k hizmetinin verilmesi,<br>Sermaye piyasas\u0131 kurumlar\u0131n\u0131n kurulu\u015fu hususunda hukuki dan\u0131\u015fmanl\u0131k ve avukatl\u0131k hizmetinin<br>verilmesi,<br>Halka a\u00e7\u0131k \u015firketlerin ana s\u00f6zle\u015fmelerinin haz\u0131rlanmas\u0131 hususunda hukuki dan\u0131\u015fmanl\u0131k ve avukatl\u0131k<br>hizmetinin verilmesi,<br>Kamunun ayd\u0131nlat\u0131lmas\u0131na ili\u015fkin esaslar hususunda hukuki dan\u0131\u015fmanl\u0131k ve avukatl\u0131k hizmetinin<br>verilmesi,<br>Halka a\u00e7\u0131k ortakl\u0131klarda pay sahiplerinin korunmas\u0131 hususunda hukuki dan\u0131\u015fmanl\u0131k ve avukatl\u0131k<br>hizmetinin verilmesi,<br>Halka a\u00e7\u0131k ortakl\u0131klarda denetim hususunda hukuki dan\u0131\u015fmanl\u0131k ve avukatl\u0131k hizmetinin verilmesi,<br>Sermaye piyasas\u0131nda denetim, tedbir ve yapt\u0131r\u0131m hususunda hukuki dan\u0131\u015fmanl\u0131k ve avukatl\u0131k<br>hizmetinin verilmesi.<\/p>\n","protected":false},"excerpt":{"rendered":"<p>Sermaye Piyasas\u0131 Hukuku kapsam\u0131nda verdi\u011fimiz hizmetler ba\u015fl\u0131ca \u015fu \u015fekildedir:Sermaye piyasas\u0131 ara\u00e7lar\u0131n\u0131n ihra\u00e7 ve halka arz\u0131 hususunda hukuki dan\u0131\u015fmanl\u0131k ve avukatl\u0131khizmetinin verilmesi,\u0130zahname hususunda hukuki dan\u0131\u015fmanl\u0131k ve avukatl\u0131k hizmetinin verilmesi,Sermaye piyasas\u0131 ara\u00e7lar\u0131n\u0131n sat\u0131\u015f\u0131 hususunda hukuki dan\u0131\u015fmanl\u0131k ve avukatl\u0131k hizmetinin verilmesi,Yat\u0131r\u0131mc\u0131 uyu\u015fmazl\u0131klar\u0131 hususunda hukuki dan\u0131\u015fmanl\u0131k ve avukatl\u0131k hizmetinin verilmesi,Sermaye piyasas\u0131 kurumlar\u0131n\u0131n kurulu\u015fu hususunda hukuki dan\u0131\u015fmanl\u0131k ve avukatl\u0131k hizmetininverilmesi,Halka [&hellip;]<\/p>\n","protected":false},"author":1,"featured_media":0,"parent":0,"menu_order":0,"comment_status":"closed","ping_status":"closed","template":"","meta":{"footnotes":""},"_links":{"self":[{"href":"https:\/\/pamukhukuk.com\/index.php?rest_route=\/wp\/v2\/pages\/1067"}],"collection":[{"href":"https:\/\/pamukhukuk.com\/index.php?rest_route=\/wp\/v2\/pages"}],"about":[{"href":"https:\/\/pamukhukuk.com\/index.php?rest_route=\/wp\/v2\/types\/page"}],"author":[{"embeddable":true,"href":"https:\/\/pamukhukuk.com\/index.php?rest_route=\/wp\/v2\/users\/1"}],"replies":[{"embeddable":true,"href":"https:\/\/pamukhukuk.com\/index.php?rest_route=%2Fwp%2Fv2%2Fcomments&post=1067"}],"version-history":[{"count":1,"href":"https:\/\/pamukhukuk.com\/index.php?rest_route=\/wp\/v2\/pages\/1067\/revisions"}],"predecessor-version":[{"id":1068,"href":"https:\/\/pamukhukuk.com\/index.php?rest_route=\/wp\/v2\/pages\/1067\/revisions\/1068"}],"wp:attachment":[{"href":"https:\/\/pamukhukuk.com\/index.php?rest_route=%2Fwp%2Fv2%2Fmedia&parent=1067"}],"curies":[{"name":"wp","href":"https:\/\/api.w.org\/{rel}","templated":true}]}}