{"id":1065,"date":"2023-09-28T19:35:34","date_gmt":"2023-09-28T19:35:34","guid":{"rendered":"https:\/\/pamukhukuk.com\/?page_id=1065"},"modified":"2023-09-28T19:35:34","modified_gmt":"2023-09-28T19:35:34","slug":"elektronik-ticaret-ve-bilisim-hukuku","status":"publish","type":"page","link":"https:\/\/pamukhukuk.com\/?page_id=1065","title":{"rendered":"Elektronik Ticaret ve Bili\u015fim Hukuku"},"content":{"rendered":"\n<p>Elektronik Ticaret ve Bili\u015fim Hukuku kapsam\u0131nda verdi\u011fimiz hizmetler ba\u015fl\u0131ca \u015fu \u015fekildedir:<br>Elektronik ticaretle ilgili davalar\u0131n a\u00e7\u0131lmas\u0131 ve takip edilmesi hususunda hukuki dan\u0131\u015fmanl\u0131k ve<br>avukatl\u0131k hizmetinin verilmesi,<br>Al\u0131c\u0131n\u0131n mesafeli sat\u0131\u015f s\u00f6zle\u015fmesinden do\u011fan haklar\u0131 hususunda hukuki dan\u0131\u015fmanl\u0131k ve avukatl\u0131k<br>hizmetinin verilmesi,<br>Elektronik ticaretle ilgili uyu\u015fmazl\u0131klar hususunda hukuki dan\u0131\u015fmanl\u0131k ve avukatl\u0131k hizmetinin<br>verilmesi,<br>E-ticaretten kaynaklanan vergiler konusunda bilgilendirme hususunda hukuki dan\u0131\u015fmanl\u0131k ve<br>avukatl\u0131k hizmetinin verilmesi,<br>E-ticaret i\u015flemleri s\u0131ras\u0131nda ma\u011fdur olan ki\u015filer i\u00e7in maddi ve manevi tazminat davas\u0131 a\u00e7\u0131lmas\u0131<br>hususunda hukuki dan\u0131\u015fmanl\u0131k ve avukatl\u0131k hizmetinin verilmesi,<br>\u0130nternet ortam\u0131nda olu\u015fabilecek su\u00e7lar ile ilgili dava s\u00fcre\u00e7lerinin y\u00fcr\u00fct\u00fclmesi hususunda hukuki<br>dan\u0131\u015fmanl\u0131k ve avukatl\u0131k hizmetinin verilmesi,<br>Banka veya kredi kart\u0131 bilgilerinin k\u00f6t\u00fcye kullan\u0131lmas\u0131ndan do\u011fan davalar\u0131n takibi hususunda<br>hukuki dan\u0131\u015fmanl\u0131k ve avukatl\u0131k hizmetinin verilmesi,<br>Yasak program veya cihaz kullanma su\u00e7undan do\u011fan dava s\u00fcre\u00e7lerinin y\u00f6netimi hususunda hukuki<br>dan\u0131\u015fmanl\u0131k ve avukatl\u0131k hizmetinin verilmesi,<br>Bili\u015fim sistemine s\u0131zma \/ girme su\u00e7lar\u0131ndan do\u011fan davalar\u0131n takibi hususunda hukuki dan\u0131\u015fmanl\u0131k<br>ve avukatl\u0131k hizmetinin verilmesi,<br>E-ticaret, pazar yeri ve sosyal medya \u015firketlerine gizlilik, kullan\u0131c\u0131 ve \u00fcyelik s\u00f6zle\u015fmelerinin, veri<br>koruma ve \u00e7erez(cookie) politikalar\u0131n\u0131n haz\u0131rlanmas\u0131 hususunda hukuki dan\u0131\u015fmanl\u0131k ve avukatl\u0131k<br>hizmetinin verilmesi,<br>B2B, B2C, C2C i\u015flemleri hususunda hukuki dan\u0131\u015fmanl\u0131k ve avukatl\u0131k hizmetinin verilmesi.<\/p>\n","protected":false},"excerpt":{"rendered":"<p>Elektronik Ticaret ve Bili\u015fim Hukuku kapsam\u0131nda verdi\u011fimiz hizmetler ba\u015fl\u0131ca \u015fu \u015fekildedir:Elektronik ticaretle ilgili davalar\u0131n a\u00e7\u0131lmas\u0131 ve takip edilmesi hususunda hukuki dan\u0131\u015fmanl\u0131k veavukatl\u0131k hizmetinin verilmesi,Al\u0131c\u0131n\u0131n mesafeli sat\u0131\u015f s\u00f6zle\u015fmesinden do\u011fan haklar\u0131 hususunda hukuki dan\u0131\u015fmanl\u0131k ve avukatl\u0131khizmetinin verilmesi,Elektronik ticaretle ilgili uyu\u015fmazl\u0131klar hususunda hukuki dan\u0131\u015fmanl\u0131k ve avukatl\u0131k hizmetininverilmesi,E-ticaretten kaynaklanan vergiler konusunda bilgilendirme hususunda hukuki dan\u0131\u015fmanl\u0131k veavukatl\u0131k hizmetinin verilmesi,E-ticaret i\u015flemleri [&hellip;]<\/p>\n","protected":false},"author":1,"featured_media":0,"parent":0,"menu_order":0,"comment_status":"closed","ping_status":"closed","template":"","meta":{"footnotes":""},"_links":{"self":[{"href":"https:\/\/pamukhukuk.com\/index.php?rest_route=\/wp\/v2\/pages\/1065"}],"collection":[{"href":"https:\/\/pamukhukuk.com\/index.php?rest_route=\/wp\/v2\/pages"}],"about":[{"href":"https:\/\/pamukhukuk.com\/index.php?rest_route=\/wp\/v2\/types\/page"}],"author":[{"embeddable":true,"href":"https:\/\/pamukhukuk.com\/index.php?rest_route=\/wp\/v2\/users\/1"}],"replies":[{"embeddable":true,"href":"https:\/\/pamukhukuk.com\/index.php?rest_route=%2Fwp%2Fv2%2Fcomments&post=1065"}],"version-history":[{"count":1,"href":"https:\/\/pamukhukuk.com\/index.php?rest_route=\/wp\/v2\/pages\/1065\/revisions"}],"predecessor-version":[{"id":1066,"href":"https:\/\/pamukhukuk.com\/index.php?rest_route=\/wp\/v2\/pages\/1065\/revisions\/1066"}],"wp:attachment":[{"href":"https:\/\/pamukhukuk.com\/index.php?rest_route=%2Fwp%2Fv2%2Fmedia&parent=1065"}],"curies":[{"name":"wp","href":"https:\/\/api.w.org\/{rel}","templated":true}]}}