{"id":1063,"date":"2023-09-28T19:34:14","date_gmt":"2023-09-28T19:34:14","guid":{"rendered":"https:\/\/pamukhukuk.com\/?page_id=1063"},"modified":"2023-09-28T19:34:15","modified_gmt":"2023-09-28T19:34:15","slug":"sigorta-hukuku","status":"publish","type":"page","link":"https:\/\/pamukhukuk.com\/?page_id=1063","title":{"rendered":"Sigorta Hukuku"},"content":{"rendered":"\n<p>Sigorta Hukuku kapsam\u0131nda verdi\u011fimiz hizmetler ba\u015fl\u0131ca \u015fu \u015fekildedir:<br>Sigorta konusunda her t\u00fcrl\u00fc alacak ve tazminat davalar\u0131na ait i\u015flemler hususunda hukuki<br>dan\u0131\u015fmanl\u0131k ve avukatl\u0131k hizmetinin verilmesi,<br>Kasko, havac\u0131l\u0131k ve deniz sigortas\u0131 ile ilgili ihtilaflar ve ihtilaflar hususunda hukuki dan\u0131\u015fmanl\u0131k ve<br>avukatl\u0131k hizmetinin verilmesi,<br>Sigorta \u015firketlerinin sigortal\u0131ya \u00f6dedi\u011fi tazminat ve sigorta bedellerinin tahsili amac\u0131yla r\u00fccu<br>davalar\u0131 hususunda hukuki dan\u0131\u015fmanl\u0131k ve avukatl\u0131k hizmetinin verilmesi,<br>Sigorta s\u00f6zle\u015fmelerini haz\u0131rlanmas\u0131, feshi, k\u0131smi feshi ve cayma i\u015flemleri hususunda hukuki<br>dan\u0131\u015fmanl\u0131k ve avukatl\u0131k hizmetinin verilmesi,<br>Trafik kazalar\u0131na ait tazminat davalar\u0131na ait i\u015flemler hususunda hukuki dan\u0131\u015fmanl\u0131k ve avukatl\u0131k<br>hizmetinin verilmesi,<br>Ferdi kaza davalar\u0131 hususunda hukuki dan\u0131\u015fmanl\u0131k ve avukatl\u0131k hizmetinin verilmesi,<br>Kaza sigortalar\u0131na ili\u015fkin maddi ve manevi tazminat talepleri, sigorta bedelinin tahsili i\u015flemleri<br>hususunda hukuki dan\u0131\u015fmanl\u0131k ve avukatl\u0131k hizmetinin verilmesi,<br>\u0130\u015fyeri sigortalar\u0131ndan kaynaklanan alacak davalar\u0131 hususunda hukuki dan\u0131\u015fmanl\u0131k ve avukatl\u0131k<br>hizmetinin verilmesi,<br>Sigorta uyu\u015fmazl\u0131klar\u0131na ili\u015fkin tahkim davalar\u0131nda taraf vekilli\u011fi hususunda hukuki dan\u0131\u015fmanl\u0131k ve<br>avukatl\u0131k hizmetinin verilmesi.<\/p>\n","protected":false},"excerpt":{"rendered":"<p>Sigorta Hukuku kapsam\u0131nda verdi\u011fimiz hizmetler ba\u015fl\u0131ca \u015fu \u015fekildedir:Sigorta konusunda her t\u00fcrl\u00fc alacak ve tazminat davalar\u0131na ait i\u015flemler hususunda hukukidan\u0131\u015fmanl\u0131k ve avukatl\u0131k hizmetinin verilmesi,Kasko, havac\u0131l\u0131k ve deniz sigortas\u0131 ile ilgili ihtilaflar ve ihtilaflar hususunda hukuki dan\u0131\u015fmanl\u0131k veavukatl\u0131k hizmetinin verilmesi,Sigorta \u015firketlerinin sigortal\u0131ya \u00f6dedi\u011fi tazminat ve sigorta bedellerinin tahsili amac\u0131yla r\u00fccudavalar\u0131 hususunda hukuki dan\u0131\u015fmanl\u0131k ve avukatl\u0131k hizmetinin verilmesi,Sigorta [&hellip;]<\/p>\n","protected":false},"author":1,"featured_media":0,"parent":0,"menu_order":0,"comment_status":"closed","ping_status":"closed","template":"","meta":{"footnotes":""},"_links":{"self":[{"href":"https:\/\/pamukhukuk.com\/index.php?rest_route=\/wp\/v2\/pages\/1063"}],"collection":[{"href":"https:\/\/pamukhukuk.com\/index.php?rest_route=\/wp\/v2\/pages"}],"about":[{"href":"https:\/\/pamukhukuk.com\/index.php?rest_route=\/wp\/v2\/types\/page"}],"author":[{"embeddable":true,"href":"https:\/\/pamukhukuk.com\/index.php?rest_route=\/wp\/v2\/users\/1"}],"replies":[{"embeddable":true,"href":"https:\/\/pamukhukuk.com\/index.php?rest_route=%2Fwp%2Fv2%2Fcomments&post=1063"}],"version-history":[{"count":1,"href":"https:\/\/pamukhukuk.com\/index.php?rest_route=\/wp\/v2\/pages\/1063\/revisions"}],"predecessor-version":[{"id":1064,"href":"https:\/\/pamukhukuk.com\/index.php?rest_route=\/wp\/v2\/pages\/1063\/revisions\/1064"}],"wp:attachment":[{"href":"https:\/\/pamukhukuk.com\/index.php?rest_route=%2Fwp%2Fv2%2Fmedia&parent=1063"}],"curies":[{"name":"wp","href":"https:\/\/api.w.org\/{rel}","templated":true}]}}