{"id":1057,"date":"2023-09-28T19:29:19","date_gmt":"2023-09-28T19:29:19","guid":{"rendered":"https:\/\/pamukhukuk.com\/?page_id=1057"},"modified":"2023-09-28T19:29:19","modified_gmt":"2023-09-28T19:29:19","slug":"kisisel-verilerin-korunmasi","status":"publish","type":"page","link":"https:\/\/pamukhukuk.com\/?page_id=1057","title":{"rendered":"Ki\u015fisel Verilerin Korunmas\u0131"},"content":{"rendered":"\n<p>Ki\u015fisel Verilerin Korunmas\u0131 kapsam\u0131nda verdi\u011fimiz hizmetler ba\u015fl\u0131ca \u015fu \u015fekildedir:<br>Ger\u00e7ek ve T\u00fczel ki\u015filere, ki\u015fisel verilerin korunmas\u0131 alan\u0131nda hukuki dan\u0131\u015fmanl\u0131k ve avukatl\u0131k<br>hizmetinin verilmesi,<br>\u0130nternet ortam\u0131nda yay\u0131nlanan i\u00e7eriklerin kald\u0131r\u0131lmas\u0131 veya bu i\u00e7eriklere eri\u015fimin engellenmesi<br>hususunda hukuki dan\u0131\u015fmanl\u0131k ve avukatl\u0131k hizmetinin verilmesi,<br>\u0130\u015f\u00e7i ile i\u015fveren ili\u015fkisi ba\u011flam\u0131nda ki\u015fisel verilerin korunmas\u0131 hususunda hukuki dan\u0131\u015fmanl\u0131k ve<br>avukatl\u0131k hizmetinin verilmesi,<br>T\u00fczel Ki\u015filerin (Anonim \u015eirket, Limited \u015eirket ve Di\u011fer \u015eah\u0131s \u015eirketlerinin) veri sorumlular\u0131<br>sicili\u2019ne &#8220;VERB\u0130S&#8221; kay\u0131t s\u00fcreci hususunda hukuki dan\u0131\u015fmanl\u0131k ve avukatl\u0131k hizmetinin verilmesi,<br>Ki\u015fisel veri koruma uyum s\u00fcreci hususunda hukuki dan\u0131\u015fmanl\u0131k ve avukatl\u0131k hizmetinin verilmesi,<br>Ki\u015fisel veri envanteri olu\u015fturulmas\u0131 ve ki\u015fisel veri envanterinin hukuki analizi hususunda hukuki<br>dan\u0131\u015fmanl\u0131k ve avukatl\u0131k hizmetinin verilmesi,<br>Ayd\u0131nlatma ve a\u00e7\u0131k r\u0131za metinlerinin olu\u015fturulmas\u0131 hususunda hukuki dan\u0131\u015fmanl\u0131k ve avukatl\u0131k<br>hizmetinin verilmesi,<br>Saklama ve imha politikas\u0131 olu\u015fturulmas\u0131 hususunda hukuki dan\u0131\u015fmanl\u0131k ve avukatl\u0131k hizmetinin<br>verilmesi,<br>Yurt d\u0131\u015f\u0131na veri aktar\u0131m\u0131na ili\u015fkin s\u00f6zle\u015fme olu\u015fturulmas\u0131 hususunda hukuki dan\u0131\u015fmanl\u0131k ve<br>avukatl\u0131k hizmetinin verilmesi,<br>Veri sorumlular\u0131 aras\u0131nda veri aktar\u0131m\u0131na ili\u015fkin gizlilik s\u00f6zle\u015fmelerinin olu\u015fturulmas\u0131 hususunda<br>hukuki dan\u0131\u015fmanl\u0131k ve avukatl\u0131k hizmetinin verilmesi.<\/p>\n","protected":false},"excerpt":{"rendered":"<p>Ki\u015fisel Verilerin Korunmas\u0131 kapsam\u0131nda verdi\u011fimiz hizmetler ba\u015fl\u0131ca \u015fu \u015fekildedir:Ger\u00e7ek ve T\u00fczel ki\u015filere, ki\u015fisel verilerin korunmas\u0131 alan\u0131nda hukuki dan\u0131\u015fmanl\u0131k ve avukatl\u0131khizmetinin verilmesi,\u0130nternet ortam\u0131nda yay\u0131nlanan i\u00e7eriklerin kald\u0131r\u0131lmas\u0131 veya bu i\u00e7eriklere eri\u015fimin engellenmesihususunda hukuki dan\u0131\u015fmanl\u0131k ve avukatl\u0131k hizmetinin verilmesi,\u0130\u015f\u00e7i ile i\u015fveren ili\u015fkisi ba\u011flam\u0131nda ki\u015fisel verilerin korunmas\u0131 hususunda hukuki dan\u0131\u015fmanl\u0131k veavukatl\u0131k hizmetinin verilmesi,T\u00fczel Ki\u015filerin (Anonim \u015eirket, Limited \u015eirket ve [&hellip;]<\/p>\n","protected":false},"author":1,"featured_media":0,"parent":0,"menu_order":0,"comment_status":"closed","ping_status":"closed","template":"","meta":{"footnotes":""},"_links":{"self":[{"href":"https:\/\/pamukhukuk.com\/index.php?rest_route=\/wp\/v2\/pages\/1057"}],"collection":[{"href":"https:\/\/pamukhukuk.com\/index.php?rest_route=\/wp\/v2\/pages"}],"about":[{"href":"https:\/\/pamukhukuk.com\/index.php?rest_route=\/wp\/v2\/types\/page"}],"author":[{"embeddable":true,"href":"https:\/\/pamukhukuk.com\/index.php?rest_route=\/wp\/v2\/users\/1"}],"replies":[{"embeddable":true,"href":"https:\/\/pamukhukuk.com\/index.php?rest_route=%2Fwp%2Fv2%2Fcomments&post=1057"}],"version-history":[{"count":1,"href":"https:\/\/pamukhukuk.com\/index.php?rest_route=\/wp\/v2\/pages\/1057\/revisions"}],"predecessor-version":[{"id":1058,"href":"https:\/\/pamukhukuk.com\/index.php?rest_route=\/wp\/v2\/pages\/1057\/revisions\/1058"}],"wp:attachment":[{"href":"https:\/\/pamukhukuk.com\/index.php?rest_route=%2Fwp%2Fv2%2Fmedia&parent=1057"}],"curies":[{"name":"wp","href":"https:\/\/api.w.org\/{rel}","templated":true}]}}