{"id":1055,"date":"2023-09-28T19:28:07","date_gmt":"2023-09-28T19:28:07","guid":{"rendered":"https:\/\/pamukhukuk.com\/?page_id=1055"},"modified":"2023-09-28T19:28:07","modified_gmt":"2023-09-28T19:28:07","slug":"malpraktis-ve-saglik-hukuku","status":"publish","type":"page","link":"https:\/\/pamukhukuk.com\/?page_id=1055","title":{"rendered":"Malpraktis ve Sa\u011fl\u0131k Hukuku"},"content":{"rendered":"\n<p>Malpraktis ve Sa\u011fl\u0131k Hukuku kapsam\u0131nda verdi\u011fimiz hizmetler ba\u015fl\u0131ca \u015fu \u015fekildedir:<br>T\u0131bbi m\u00fcdahalede doktorlar ve di\u011fer sa\u011fl\u0131k \u00e7al\u0131\u015fanlar\u0131n\u0131n hukuki ve cezai sorumluluklar\u0131 hususunda<br>hukuki dan\u0131\u015fmanl\u0131k ve avukatl\u0131k hizmetinin verilmesi,<br>Sorumsuzluk anla\u015fmas\u0131 hususunda hukuki dan\u0131\u015fmanl\u0131k ve avukatl\u0131k hizmetinin verilmesi,<br>Kamu kurumlar\u0131nda \u00e7al\u0131\u015fan hekimlerin hukuki(tazminat) sorumlulu\u011fu hususunda hukuki<br>dan\u0131\u015fmanl\u0131k ve avukatl\u0131k hizmetinin verilmesi,<br>Hekimlerin disiplin sorumlulu\u011fu hususunda hukuki dan\u0131\u015fmanl\u0131k ve avukatl\u0131k hizmetinin verilmesi,<br>Hasta g\u00fcvenli\u011fi ve hasta haklar\u0131 hususunda hukuki dan\u0131\u015fmanl\u0131k ve avukatl\u0131k hizmetinin verilmesi,<br>Hekimlik s\u00f6zle\u015fmesi hususunda hukuki dan\u0131\u015fmanl\u0131k ve avukatl\u0131k hizmetinin verilmesi,<br>\u00d6zel ve kamu hastanelerinin t\u0131bbi uygulamadan do\u011fan sorumluluklar\u0131 hususunda hukuki<br>dan\u0131\u015fmanl\u0131k ve avukatl\u0131k hizmetinin verilmesi,<br>\u0130la\u00e7 \u00fcreticisinin hukuki sorumlulu\u011fu hususunda hukuki dan\u0131\u015fmanl\u0131k ve avukatl\u0131k hizmetinin<br>verilmesi,<br>Eczac\u0131n\u0131n ila\u00e7 kullan\u0131m\u0131 y\u00f6n\u00fcnden hukuki sorumlulu\u011funa ili\u015fkin hukuki dan\u0131\u015fmanl\u0131k ve avukatl\u0131k<br>hizmetinin verilmesi,<br>Hekimin ila\u00e7 kusuru nedeniyle hukuki sorumlulu\u011fu hususunda hukuki dan\u0131\u015fmanl\u0131k ve avukatl\u0131k<br>hizmetinin verilmesi,<br>Estetik ama\u00e7l\u0131 m\u00fcdahalelerde hekimin sorumlulu\u011fu hususunda hukuki dan\u0131\u015fmanl\u0131k ve avukatl\u0131k<br>hizmetinin verilmesi,<br>Haks\u0131z fiil tazminat\u0131na ili\u015fkin talepler hususunda hukuki dan\u0131\u015fmanl\u0131k ve avukatl\u0131k hizmetinin<br>verilmesi,<br>Sa\u011fl\u0131k \u00e7al\u0131\u015fanlar\u0131na kar\u015f\u0131 uygunsuz ve \u015fiddet i\u00e7erikli eylemler hususunda hukuki dan\u0131\u015fmanl\u0131k ve<br>avukatl\u0131k hizmetinin verilmesi.<\/p>\n","protected":false},"excerpt":{"rendered":"<p>Malpraktis ve Sa\u011fl\u0131k Hukuku kapsam\u0131nda verdi\u011fimiz hizmetler ba\u015fl\u0131ca \u015fu \u015fekildedir:T\u0131bbi m\u00fcdahalede doktorlar ve di\u011fer sa\u011fl\u0131k \u00e7al\u0131\u015fanlar\u0131n\u0131n hukuki ve cezai sorumluluklar\u0131 hususundahukuki dan\u0131\u015fmanl\u0131k ve avukatl\u0131k hizmetinin verilmesi,Sorumsuzluk anla\u015fmas\u0131 hususunda hukuki dan\u0131\u015fmanl\u0131k ve avukatl\u0131k hizmetinin verilmesi,Kamu kurumlar\u0131nda \u00e7al\u0131\u015fan hekimlerin hukuki(tazminat) sorumlulu\u011fu hususunda hukukidan\u0131\u015fmanl\u0131k ve avukatl\u0131k hizmetinin verilmesi,Hekimlerin disiplin sorumlulu\u011fu hususunda hukuki dan\u0131\u015fmanl\u0131k ve avukatl\u0131k hizmetinin verilmesi,Hasta g\u00fcvenli\u011fi [&hellip;]<\/p>\n","protected":false},"author":1,"featured_media":0,"parent":0,"menu_order":0,"comment_status":"closed","ping_status":"closed","template":"","meta":{"footnotes":""},"_links":{"self":[{"href":"https:\/\/pamukhukuk.com\/index.php?rest_route=\/wp\/v2\/pages\/1055"}],"collection":[{"href":"https:\/\/pamukhukuk.com\/index.php?rest_route=\/wp\/v2\/pages"}],"about":[{"href":"https:\/\/pamukhukuk.com\/index.php?rest_route=\/wp\/v2\/types\/page"}],"author":[{"embeddable":true,"href":"https:\/\/pamukhukuk.com\/index.php?rest_route=\/wp\/v2\/users\/1"}],"replies":[{"embeddable":true,"href":"https:\/\/pamukhukuk.com\/index.php?rest_route=%2Fwp%2Fv2%2Fcomments&post=1055"}],"version-history":[{"count":1,"href":"https:\/\/pamukhukuk.com\/index.php?rest_route=\/wp\/v2\/pages\/1055\/revisions"}],"predecessor-version":[{"id":1056,"href":"https:\/\/pamukhukuk.com\/index.php?rest_route=\/wp\/v2\/pages\/1055\/revisions\/1056"}],"wp:attachment":[{"href":"https:\/\/pamukhukuk.com\/index.php?rest_route=%2Fwp%2Fv2%2Fmedia&parent=1055"}],"curies":[{"name":"wp","href":"https:\/\/api.w.org\/{rel}","templated":true}]}}