{"id":1053,"date":"2023-09-28T19:26:04","date_gmt":"2023-09-28T19:26:04","guid":{"rendered":"https:\/\/pamukhukuk.com\/?page_id=1053"},"modified":"2023-09-28T19:26:04","modified_gmt":"2023-09-28T19:26:04","slug":"tuketici-hukuku","status":"publish","type":"page","link":"https:\/\/pamukhukuk.com\/?page_id=1053","title":{"rendered":"T\u00fcketici Hukuku"},"content":{"rendered":"\n<p>T\u00fcketici Hukuku kapsam\u0131nda verdi\u011fimiz hizmetler ba\u015fl\u0131ca \u015fu \u015fekildedir:<br>Ay\u0131pl\u0131 mal nedeniyle t\u00fcketicilerin ya\u015fad\u0131\u011f\u0131 zararlar\u0131n tazmini hususunda hukuki dan\u0131\u015fmanl\u0131k ve<br>avukatl\u0131k hizmetinin verilmesi,<br>Ay\u0131pl\u0131 mal veya hizmete kar\u015f\u0131l\u0131k \u00fccret iadesi, de\u011fi\u015fiklik veya \u00fccretsiz tamir talebi hususunda hukuki<br>dan\u0131\u015fmanl\u0131k ve avukatl\u0131k hizmetinin verilmesi,<br>T\u00fcketici Hakem Heyeti ve T\u00fcketici Mahkemelerine ba\u015fvuru ve i\u015flem takibi hususunda hukuki<br>dan\u0131\u015fmanl\u0131k ve avukatl\u0131k hizmetinin verilmesi,<br>Kredi kart\u0131 i\u015flem \u00fccretlerinin takibi hususunda hukuki dan\u0131\u015fmanl\u0131k ve avukatl\u0131k hizmetinin<br>verilmesi,<br>T\u00fcketici kredilerinden do\u011fan davalar hususunda hukuki dan\u0131\u015fmanl\u0131k ve avukatl\u0131k hizmetinin<br>verilmesi,<br>Abonelik s\u00f6zle\u015fmelerinden do\u011fan davalar hususunda hukuki dan\u0131\u015fmanl\u0131k ve avukatl\u0131k hizmetinin<br>verilmesi,<br>Devre tatil ve paket tur ve abonelik s\u00f6zle\u015fmelerinden kaynaklanan uyu\u015fmazl\u0131klar hususunda<br>hukuki dan\u0131\u015fmanl\u0131k ve avukatl\u0131k hizmetinin verilmesi,<br>Konut finansman\u0131 ve \u00f6n \u00f6demeli konut sat\u0131\u015f s\u00f6zle\u015fmelerinden kaynaklanan uyu\u015fmazl\u0131klar<br>hususunda hukuki dan\u0131\u015fmanl\u0131k ve avukatl\u0131k hizmetinin verilmesi,<br>Kap\u0131da sat\u0131\u015f, mesafeli sat\u0131\u015f s\u00f6zle\u015fmeleri nedeniyle ya\u015fanan uyu\u015fmazl\u0131klar hususunda hukuki<br>dan\u0131\u015fmanl\u0131k ve avukatl\u0131k hizmetinin verilmesi,<br>Garantili mallar\u0131ndan do\u011fan davalar hususunda hukuki dan\u0131\u015fmanl\u0131k ve avukatl\u0131k hizmetinin<br>verilmesi,<br>Ticari reklam ve haks\u0131z ticari uygulamalar kar\u015f\u0131s\u0131nda Reklam Kurulu\u2018na ba\u015fvurular\u0131n yap\u0131lmas\u0131<br>hususunda hukuki dan\u0131\u015fmanl\u0131k ve avukatl\u0131k hizmetinin verilmesi,<br>TOK\u0130 s\u00f6zle\u015fmelerinden do\u011fan davalar hususunda hukuki dan\u0131\u015fmanl\u0131k ve avukatl\u0131k hizmetinin<br>verilmesi,<br>T\u00fcketici kredilerinden do\u011fan davalar hususunda hukuki dan\u0131\u015fmanl\u0131k ve avukatl\u0131k hizmetinin<br>verilmesi.<\/p>\n","protected":false},"excerpt":{"rendered":"<p>T\u00fcketici Hukuku kapsam\u0131nda verdi\u011fimiz hizmetler ba\u015fl\u0131ca \u015fu \u015fekildedir:Ay\u0131pl\u0131 mal nedeniyle t\u00fcketicilerin ya\u015fad\u0131\u011f\u0131 zararlar\u0131n tazmini hususunda hukuki dan\u0131\u015fmanl\u0131k veavukatl\u0131k hizmetinin verilmesi,Ay\u0131pl\u0131 mal veya hizmete kar\u015f\u0131l\u0131k \u00fccret iadesi, de\u011fi\u015fiklik veya \u00fccretsiz tamir talebi hususunda hukukidan\u0131\u015fmanl\u0131k ve avukatl\u0131k hizmetinin verilmesi,T\u00fcketici Hakem Heyeti ve T\u00fcketici Mahkemelerine ba\u015fvuru ve i\u015flem takibi hususunda hukukidan\u0131\u015fmanl\u0131k ve avukatl\u0131k hizmetinin verilmesi,Kredi kart\u0131 i\u015flem \u00fccretlerinin [&hellip;]<\/p>\n","protected":false},"author":1,"featured_media":0,"parent":0,"menu_order":0,"comment_status":"closed","ping_status":"closed","template":"","meta":{"footnotes":""},"_links":{"self":[{"href":"https:\/\/pamukhukuk.com\/index.php?rest_route=\/wp\/v2\/pages\/1053"}],"collection":[{"href":"https:\/\/pamukhukuk.com\/index.php?rest_route=\/wp\/v2\/pages"}],"about":[{"href":"https:\/\/pamukhukuk.com\/index.php?rest_route=\/wp\/v2\/types\/page"}],"author":[{"embeddable":true,"href":"https:\/\/pamukhukuk.com\/index.php?rest_route=\/wp\/v2\/users\/1"}],"replies":[{"embeddable":true,"href":"https:\/\/pamukhukuk.com\/index.php?rest_route=%2Fwp%2Fv2%2Fcomments&post=1053"}],"version-history":[{"count":1,"href":"https:\/\/pamukhukuk.com\/index.php?rest_route=\/wp\/v2\/pages\/1053\/revisions"}],"predecessor-version":[{"id":1054,"href":"https:\/\/pamukhukuk.com\/index.php?rest_route=\/wp\/v2\/pages\/1053\/revisions\/1054"}],"wp:attachment":[{"href":"https:\/\/pamukhukuk.com\/index.php?rest_route=%2Fwp%2Fv2%2Fmedia&parent=1053"}],"curies":[{"name":"wp","href":"https:\/\/api.w.org\/{rel}","templated":true}]}}