{"id":1051,"date":"2023-09-28T19:25:16","date_gmt":"2023-09-28T19:25:16","guid":{"rendered":"https:\/\/pamukhukuk.com\/?page_id=1051"},"modified":"2023-09-28T19:25:16","modified_gmt":"2023-09-28T19:25:16","slug":"fikri-ve-sinai-haklar-hukuku","status":"publish","type":"page","link":"https:\/\/pamukhukuk.com\/?page_id=1051","title":{"rendered":"Fikri ve S\u0131nai Haklar Hukuku"},"content":{"rendered":"\n<p>Fikri ve S\u0131nai Haklar Hukuku kapsam\u0131nda verdi\u011fimiz hizmeler ba\u015fl\u0131ca \u015fu \u015fekildedir:<br>Haks\u0131z rekabet davalar\u0131 hususunda hukuki dan\u0131\u015fmanl\u0131k ve avukatl\u0131k hizmetinin verilmesi,<br>Marka tescil i\u015flemleri hususunda hukuki dan\u0131\u015fmanl\u0131k ve avukatl\u0131k hizmetinin verilmesi,<br>Marka, patent, tasar\u0131m ve telif hakk\u0131na tecav\u00fcz\u00fcn tespiti ve bu haklar\u0131n korunmas\u0131 hususunda<br>hukuki dan\u0131\u015fmanl\u0131k ve avukatl\u0131k hizmetinin verilmesi,<br>Ticari s\u0131rlar\u0131n korunmas\u0131 hususunda hukuki dan\u0131\u015fmanl\u0131k ve avukatl\u0131k hizmetinin verilmesi,<br>Lisans s\u00f6zle\u015fmelerinin haz\u0131rlanmas\u0131 hususunda hukuki dan\u0131\u015fmanl\u0131k ve avukatl\u0131k hizmetinin<br>verilmesi,<br>T\u00fcrk Patent Enstit\u00fcs\u00fc kararlar\u0131n\u0131n iptali davas\u0131 hususunda hukuki dan\u0131\u015fmanl\u0131k ve avukatl\u0131k<br>hizmetinin verilmesi,<br>Telif haklar\u0131n\u0131n korunmas\u0131 hususunda hukuki dan\u0131\u015fmanl\u0131k ve avukatl\u0131k hizmetinin verilmesi,<br>S\u0131nai haklar\u0131n takibi ve olas\u0131 ihlal ve ihtilaflar\u0131n \u00e7\u00f6z\u00fcmlenmesi hususunda hukuki dan\u0131\u015fmanl\u0131k ve<br>avukatl\u0131k hizmetinin verilmesi,<br>Lisanslama dan\u0131\u015fmanl\u0131\u011f\u0131 hususunda hukuki dan\u0131\u015fmanl\u0131k ve avukatl\u0131k hizmetinin verilmesi.<\/p>\n","protected":false},"excerpt":{"rendered":"<p>Fikri ve S\u0131nai Haklar Hukuku kapsam\u0131nda verdi\u011fimiz hizmeler ba\u015fl\u0131ca \u015fu \u015fekildedir:Haks\u0131z rekabet davalar\u0131 hususunda hukuki dan\u0131\u015fmanl\u0131k ve avukatl\u0131k hizmetinin verilmesi,Marka tescil i\u015flemleri hususunda hukuki dan\u0131\u015fmanl\u0131k ve avukatl\u0131k hizmetinin verilmesi,Marka, patent, tasar\u0131m ve telif hakk\u0131na tecav\u00fcz\u00fcn tespiti ve bu haklar\u0131n korunmas\u0131 hususundahukuki dan\u0131\u015fmanl\u0131k ve avukatl\u0131k hizmetinin verilmesi,Ticari s\u0131rlar\u0131n korunmas\u0131 hususunda hukuki dan\u0131\u015fmanl\u0131k ve avukatl\u0131k hizmetinin verilmesi,Lisans [&hellip;]<\/p>\n","protected":false},"author":1,"featured_media":0,"parent":0,"menu_order":0,"comment_status":"closed","ping_status":"closed","template":"","meta":{"footnotes":""},"_links":{"self":[{"href":"https:\/\/pamukhukuk.com\/index.php?rest_route=\/wp\/v2\/pages\/1051"}],"collection":[{"href":"https:\/\/pamukhukuk.com\/index.php?rest_route=\/wp\/v2\/pages"}],"about":[{"href":"https:\/\/pamukhukuk.com\/index.php?rest_route=\/wp\/v2\/types\/page"}],"author":[{"embeddable":true,"href":"https:\/\/pamukhukuk.com\/index.php?rest_route=\/wp\/v2\/users\/1"}],"replies":[{"embeddable":true,"href":"https:\/\/pamukhukuk.com\/index.php?rest_route=%2Fwp%2Fv2%2Fcomments&post=1051"}],"version-history":[{"count":1,"href":"https:\/\/pamukhukuk.com\/index.php?rest_route=\/wp\/v2\/pages\/1051\/revisions"}],"predecessor-version":[{"id":1052,"href":"https:\/\/pamukhukuk.com\/index.php?rest_route=\/wp\/v2\/pages\/1051\/revisions\/1052"}],"wp:attachment":[{"href":"https:\/\/pamukhukuk.com\/index.php?rest_route=%2Fwp%2Fv2%2Fmedia&parent=1051"}],"curies":[{"name":"wp","href":"https:\/\/api.w.org\/{rel}","templated":true}]}}