{"id":1049,"date":"2023-09-28T19:23:47","date_gmt":"2023-09-28T19:23:47","guid":{"rendered":"https:\/\/pamukhukuk.com\/?page_id=1049"},"modified":"2023-09-28T19:23:47","modified_gmt":"2023-09-28T19:23:47","slug":"sirketler-hukuku","status":"publish","type":"page","link":"https:\/\/pamukhukuk.com\/?page_id=1049","title":{"rendered":"\u015eirketler Hukuku"},"content":{"rendered":"\n<p>\u015eirketler Hukuku kapsam\u0131nda verdi\u011fimiz hizmetler ba\u015fl\u0131ca \u015fu \u015fekildedir:<br>\u015eirket birle\u015fmeleri, b\u00f6l\u00fcnme ve devralma hususlar\u0131nda hukuki dan\u0131\u015fmanl\u0131k ve avukatl\u0131k hizmetinin<br>verilmesi,<br>\u015eirketin kurulu\u015fu i\u00e7in esas s\u00f6zle\u015fmenin haz\u0131rlanmas\u0131 hususunda hukuki dan\u0131\u015fmanl\u0131k ve avukatl\u0131k<br>hizmetinin verilmesi,<br>\u015eirketin tescil ve ilan s\u00fcrecinin takibi hususunda hukuki dan\u0131\u015fmanl\u0131k ve avukatl\u0131k hizmetinin<br>verilmesi,<br>Esas s\u00f6zle\u015fmenin g\u00fcncellenmesi hususunda hukuki dan\u0131\u015fmanl\u0131k ve avukatl\u0131k hizmetinin verilmesi,<br>\u015eirket alacaklar\u0131n\u0131n yasal yollarla tahsili hususunda hukuki dan\u0131\u015fmanl\u0131k ve avukatl\u0131k hizmetinin<br>verilmesi,<br>Haks\u0131z rekabetten do\u011fan uyu\u015fmazl\u0131klar ve \u00e7\u00f6z\u00fcm\u00fc hususunda hukuki dan\u0131\u015fmanl\u0131k ve avukatl\u0131k<br>hizmetinin verilmesi,<br>\u015eirket ortaklar\u0131 aras\u0131ndaki ileti\u015fimin kararla\u015ft\u0131r\u0131lmas\u0131 ve ortaklar s\u00f6zle\u015fmesi hususunda hukuki<br>dan\u0131\u015fmanl\u0131k ve avukatl\u0131k hizmetinin verilmesi,<br>\u015eirket tebligatlar\u0131n\u0131n takibi hususunda hukuki dan\u0131\u015fmanl\u0131k ve avukatl\u0131k hizmetinin verilmesi,<br>\u0130htarnamelerin \u00e7ekilmesi hususunda hukuki dan\u0131\u015fmanl\u0131k ve avukatl\u0131k hizmetinin verilmesi,<br>Maa\u015f haciz yaz\u0131lar\u0131na cevap verilmesi hususunda hukuki dan\u0131\u015fmanl\u0131k ve avukatl\u0131k hizmetinin<br>verilmesi.<\/p>\n","protected":false},"excerpt":{"rendered":"<p>\u015eirketler Hukuku kapsam\u0131nda verdi\u011fimiz hizmetler ba\u015fl\u0131ca \u015fu \u015fekildedir:\u015eirket birle\u015fmeleri, b\u00f6l\u00fcnme ve devralma hususlar\u0131nda hukuki dan\u0131\u015fmanl\u0131k ve avukatl\u0131k hizmetininverilmesi,\u015eirketin kurulu\u015fu i\u00e7in esas s\u00f6zle\u015fmenin haz\u0131rlanmas\u0131 hususunda hukuki dan\u0131\u015fmanl\u0131k ve avukatl\u0131khizmetinin verilmesi,\u015eirketin tescil ve ilan s\u00fcrecinin takibi hususunda hukuki dan\u0131\u015fmanl\u0131k ve avukatl\u0131k hizmetininverilmesi,Esas s\u00f6zle\u015fmenin g\u00fcncellenmesi hususunda hukuki dan\u0131\u015fmanl\u0131k ve avukatl\u0131k hizmetinin verilmesi,\u015eirket alacaklar\u0131n\u0131n yasal yollarla tahsili hususunda hukuki [&hellip;]<\/p>\n","protected":false},"author":1,"featured_media":0,"parent":0,"menu_order":0,"comment_status":"closed","ping_status":"closed","template":"","meta":{"footnotes":""},"_links":{"self":[{"href":"https:\/\/pamukhukuk.com\/index.php?rest_route=\/wp\/v2\/pages\/1049"}],"collection":[{"href":"https:\/\/pamukhukuk.com\/index.php?rest_route=\/wp\/v2\/pages"}],"about":[{"href":"https:\/\/pamukhukuk.com\/index.php?rest_route=\/wp\/v2\/types\/page"}],"author":[{"embeddable":true,"href":"https:\/\/pamukhukuk.com\/index.php?rest_route=\/wp\/v2\/users\/1"}],"replies":[{"embeddable":true,"href":"https:\/\/pamukhukuk.com\/index.php?rest_route=%2Fwp%2Fv2%2Fcomments&post=1049"}],"version-history":[{"count":1,"href":"https:\/\/pamukhukuk.com\/index.php?rest_route=\/wp\/v2\/pages\/1049\/revisions"}],"predecessor-version":[{"id":1050,"href":"https:\/\/pamukhukuk.com\/index.php?rest_route=\/wp\/v2\/pages\/1049\/revisions\/1050"}],"wp:attachment":[{"href":"https:\/\/pamukhukuk.com\/index.php?rest_route=%2Fwp%2Fv2%2Fmedia&parent=1049"}],"curies":[{"name":"wp","href":"https:\/\/api.w.org\/{rel}","templated":true}]}}