{"id":1045,"date":"2023-09-28T19:21:10","date_gmt":"2023-09-28T19:21:10","guid":{"rendered":"https:\/\/pamukhukuk.com\/?page_id=1045"},"modified":"2023-09-28T19:21:10","modified_gmt":"2023-09-28T19:21:10","slug":"aile-hukuku","status":"publish","type":"page","link":"https:\/\/pamukhukuk.com\/?page_id=1045","title":{"rendered":"Aile Hukuku"},"content":{"rendered":"\n<p>Aile Hukuku kapsam\u0131nda verdi\u011fimiz hizmetler ba\u015fl\u0131ca \u015fu \u015fekildedir:<br>4320 say\u0131l\u0131 yasa gere\u011fi koruma tedbirlerinin al\u0131nmas\u0131 hususunda hukuki dan\u0131\u015fmanl\u0131k ve avukatl\u0131k<br>hizmetinin verilmesi,<br>Aile konutu \u015ferhi konulmas\u0131 hususunda hukuki dan\u0131\u015fmanl\u0131k ve avukatl\u0131k hizmetinin verilmesi,<br>Ni\u015fanl\u0131l\u0131\u011f\u0131n sona ermesinden do\u011fan maddi ve manevi tazminat davas\u0131 hususunda hukuki<br>dan\u0131\u015fmanl\u0131k ve avukatl\u0131k hizmetinin verilmesi,<br>Ni\u015fanl\u0131l\u0131\u011f\u0131n\u0131n sona ermesinden do\u011fan hediyelerin iadesi hususunda hukuki dan\u0131\u015fmanl\u0131k ve<br>avukatl\u0131k hizmetinin verilmesi,<br>Evlilik \u00f6ncesi e\u015flere uygulanacak mal rejimi s\u00f6zle\u015fmelerinin haz\u0131rlanmas\u0131 hususunda hukuki<br>dan\u0131\u015fmanl\u0131k ve avukatl\u0131k hizmetinin verilmesi,<br>Evlili\u011fin butlan\u0131 ve iptali davalar\u0131 hususunda hukuki dan\u0131\u015fmanl\u0131k ve avukatl\u0131k hizmetinin verilmesi,<br>Anla\u015fmal\u0131 ve \u00e7eki\u015fmeli bo\u015fanma davalar\u0131 hususunda hukuki dan\u0131\u015fmanl\u0131k ve avukatl\u0131k hizmetinin<br>verilmesi,<br>Bo\u015fanma \u00f6ncesi ve sonras\u0131nda nafaka davalar\u0131 hususunda hukuki dan\u0131\u015fmanl\u0131k ve avukatl\u0131k<br>hizmetinin verilmesi,<br>Bo\u015fanmadan kaynakl\u0131 maddi ve manevi tazminat davalar\u0131 hususunda hukuki dan\u0131\u015fmanl\u0131k ve<br>avukatl\u0131k hizmetinin verilmesi,<br>Bo\u015fanmadan kaynakl\u0131 mal varl\u0131\u011f\u0131 anla\u015fmalar\u0131 hususunda hukuki dan\u0131\u015fmanl\u0131k ve avukatl\u0131k<br>hizmetinin verilmesi,<br>Bo\u015fanmadan kaynakl\u0131 mal rejimleri hususunda hukuki dan\u0131\u015fmanl\u0131k ve avukatl\u0131k hizmetinin<br>verilmesi,<br>Evlat edinme prosed\u00fcr\u00fc hakk\u0131nda hukuki dan\u0131\u015fmanl\u0131k ve avukatl\u0131k hizmetinin verilmesi,<br>Evlilik s\u00f6zle\u015fmesinin haz\u0131rlanmas\u0131 hususunda hukuki dan\u0131\u015fmanl\u0131k ve avukatl\u0131k hizmetinin<br>verilmesi,<br>Evlilik d\u0131\u015f\u0131 do\u011fan \u00e7ocuk ile baba aras\u0131nda soy ba\u011f\u0131n\u0131n kurulmas\u0131, nesebin reddi, \u00e7ocuk mallar\u0131<br>davalar\u0131n\u0131n takibi hususunda hukuki dan\u0131\u015fmanl\u0131k ve avukatl\u0131k hizmetinin verilmesi,<br>\u0130ddet m\u00fcddetinin kald\u0131r\u0131lmas\u0131 hususunda hukuki dan\u0131\u015fmanl\u0131k ve avukatl\u0131k hizmetinin verilmesi,<br>Vesayet, kayy\u0131m ve yasal dan\u0131\u015fmanl\u0131k hususunda hukuki dan\u0131\u015fmanl\u0131k ve avukatl\u0131k hizmetinin<br>verilmesi,<br>\u0130sim d\u00fczeltme davas\u0131 hususunda hukuki dan\u0131\u015fmanl\u0131k ve avukatl\u0131k hizmetinin verilmesi,<br>Ya\u015f d\u00fczeltme davas\u0131 hususunda hukuki dan\u0131\u015fmanl\u0131k ve avukatl\u0131k hizmetinin verilmesi,<br>Yurtd\u0131\u015f\u0131nda verilen bo\u015fanma kararlar\u0131n\u0131n tan\u0131ma ve tenfizi davalar\u0131 hususunda hukuki dan\u0131\u015fmanl\u0131k<br>ve avukatl\u0131k hizmetinin verilmesi.<\/p>\n","protected":false},"excerpt":{"rendered":"<p>Aile Hukuku kapsam\u0131nda verdi\u011fimiz hizmetler ba\u015fl\u0131ca \u015fu \u015fekildedir:4320 say\u0131l\u0131 yasa gere\u011fi koruma tedbirlerinin al\u0131nmas\u0131 hususunda hukuki dan\u0131\u015fmanl\u0131k ve avukatl\u0131khizmetinin verilmesi,Aile konutu \u015ferhi konulmas\u0131 hususunda hukuki dan\u0131\u015fmanl\u0131k ve avukatl\u0131k hizmetinin verilmesi,Ni\u015fanl\u0131l\u0131\u011f\u0131n sona ermesinden do\u011fan maddi ve manevi tazminat davas\u0131 hususunda hukukidan\u0131\u015fmanl\u0131k ve avukatl\u0131k hizmetinin verilmesi,Ni\u015fanl\u0131l\u0131\u011f\u0131n\u0131n sona ermesinden do\u011fan hediyelerin iadesi hususunda hukuki dan\u0131\u015fmanl\u0131k veavukatl\u0131k hizmetinin verilmesi,Evlilik [&hellip;]<\/p>\n","protected":false},"author":1,"featured_media":0,"parent":0,"menu_order":0,"comment_status":"closed","ping_status":"closed","template":"","meta":{"footnotes":""},"_links":{"self":[{"href":"https:\/\/pamukhukuk.com\/index.php?rest_route=\/wp\/v2\/pages\/1045"}],"collection":[{"href":"https:\/\/pamukhukuk.com\/index.php?rest_route=\/wp\/v2\/pages"}],"about":[{"href":"https:\/\/pamukhukuk.com\/index.php?rest_route=\/wp\/v2\/types\/page"}],"author":[{"embeddable":true,"href":"https:\/\/pamukhukuk.com\/index.php?rest_route=\/wp\/v2\/users\/1"}],"replies":[{"embeddable":true,"href":"https:\/\/pamukhukuk.com\/index.php?rest_route=%2Fwp%2Fv2%2Fcomments&post=1045"}],"version-history":[{"count":1,"href":"https:\/\/pamukhukuk.com\/index.php?rest_route=\/wp\/v2\/pages\/1045\/revisions"}],"predecessor-version":[{"id":1046,"href":"https:\/\/pamukhukuk.com\/index.php?rest_route=\/wp\/v2\/pages\/1045\/revisions\/1046"}],"wp:attachment":[{"href":"https:\/\/pamukhukuk.com\/index.php?rest_route=%2Fwp%2Fv2%2Fmedia&parent=1045"}],"curies":[{"name":"wp","href":"https:\/\/api.w.org\/{rel}","templated":true}]}}