{"id":1035,"date":"2023-09-28T19:15:40","date_gmt":"2023-09-28T19:15:40","guid":{"rendered":"https:\/\/pamukhukuk.com\/?page_id=1035"},"modified":"2023-09-28T19:15:40","modified_gmt":"2023-09-28T19:15:40","slug":"gayrimenkul-hukuku","status":"publish","type":"page","link":"https:\/\/pamukhukuk.com\/?page_id=1035","title":{"rendered":"Gayrimenkul Hukuku"},"content":{"rendered":"\n<p>Gayrimenkul Hukuku kapsam\u0131nda verdi\u011fimiz hizmetler ba\u015fl\u0131ca \u015fu \u015fekildedir:<br>Ortakl\u0131\u011f\u0131n giderilmesi davas\u0131nda&#8221;\u0130zale-i \u015euyu&#8221; hukuki dan\u0131\u015fmanl\u0131k ve avukatl\u0131k hizmetinin<br>verilmesi,<br>Gayrimenkul sat\u0131\u015f vaadi s\u00f6zle\u015fmesinin haz\u0131rlanmas\u0131 hususunda hukuki dan\u0131\u015fmanl\u0131k ve avukatl\u0131k<br>hizmetinin verilmesi,<br>Ecrimisil davas\u0131nda hukuki dan\u0131\u015fmanl\u0131k ve avukatl\u0131k hizmetinin verilmesi,<br>Kat m\u00fclkiyeti kanunundan kaynaklanan uyu\u015fmazl\u0131klar i\u00e7in hukuki dan\u0131\u015fmanl\u0131k ve avukatl\u0131k<br>hizmetinin verilmesi,<br>\u0130potek ve rehin tesisi i\u015flemlerinde hukuki dan\u0131\u015fmanl\u0131k ve avukatl\u0131k hizmetinin verilmesi,<br>Projelerin \u00e7evre mevzuat\u0131na uygunlu\u011funun denetlenmesi hususunda hukuki dan\u0131\u015fmanl\u0131k ve<br>avukatl\u0131k hizmetinin verilmesi,<br>Kamula\u015ft\u0131rmas\u0131z fiili ve hukuki el atma davalar\u0131nda hukuki dan\u0131\u015fmanl\u0131k ve avukatl\u0131k hizmetinin<br>verilmesi,<br>Sit Alanlar\u0131, koruma alanlar\u0131, tarihi eser veya k\u00fclt\u00fcr varl\u0131\u011f\u0131 tescili sonras\u0131nda maliklerin a\u00e7aca\u011f\u0131<br>davalarda hukuki dan\u0131\u015fmanl\u0131k ve avukatl\u0131k hizmetinin verilmesi,<br>Kamuya terk edilmi\u015f ta\u015f\u0131nmazlar\u0131n iadesi ve tazminat davalar\u0131nda hukuki dan\u0131\u015fmanl\u0131k ve avukatl\u0131k<br>hizmetinin verilmesi,<br>El atman\u0131n \u00f6nlenmesi&#8221;M\u00fcdahalenin Men\u2019i&#8221; davas\u0131nda hukuki dan\u0131\u015fmanl\u0131k ve avukatl\u0131k<br>hizmetinin verilmesi,<br>\u0130stirdat davas\u0131nda hukuki dan\u0131\u015fmanl\u0131k ve avukatl\u0131k hizmetinin verilmesi,<br>\u0130ntifa hakk\u0131, ge\u00e7it hakk\u0131, ayni ve \u015fahsi haklara ili\u015fkin ihtilaflar\u0131n \u00e7\u00f6z\u00fcmlenmesi hususunda hukuki<br>dan\u0131\u015fmanl\u0131k ve avukatl\u0131k hizmetinin verilmesi,<br>Yap\u0131 kooperatifi y\u00f6netim ve i\u015flemleri hususunda hukuki dan\u0131\u015fmanl\u0131k ve avukatl\u0131k hizmetinin<br>verilmesi,<br>Y\u00f6netim plan\u0131 uygulamalar\u0131 ve tapuya \u015ferhlerinin yap\u0131lmas\u0131nda hukuki dan\u0131\u015fmanl\u0131k ve avukatl\u0131k<br>hizmetinin verilmesi,<br>Kat m\u00fclkiyeti ve irtifak\u0131 kurulumunda hukuki dan\u0131\u015fmanl\u0131k ve avukatl\u0131k hizmetinin verilmesi.<\/p>\n","protected":false},"excerpt":{"rendered":"<p>Gayrimenkul Hukuku kapsam\u0131nda verdi\u011fimiz hizmetler ba\u015fl\u0131ca \u015fu \u015fekildedir:Ortakl\u0131\u011f\u0131n giderilmesi davas\u0131nda&#8221;\u0130zale-i \u015euyu&#8221; hukuki dan\u0131\u015fmanl\u0131k ve avukatl\u0131k hizmetininverilmesi,Gayrimenkul sat\u0131\u015f vaadi s\u00f6zle\u015fmesinin haz\u0131rlanmas\u0131 hususunda hukuki dan\u0131\u015fmanl\u0131k ve avukatl\u0131khizmetinin verilmesi,Ecrimisil davas\u0131nda hukuki dan\u0131\u015fmanl\u0131k ve avukatl\u0131k hizmetinin verilmesi,Kat m\u00fclkiyeti kanunundan kaynaklanan uyu\u015fmazl\u0131klar i\u00e7in hukuki dan\u0131\u015fmanl\u0131k ve avukatl\u0131khizmetinin verilmesi,\u0130potek ve rehin tesisi i\u015flemlerinde hukuki dan\u0131\u015fmanl\u0131k ve avukatl\u0131k hizmetinin verilmesi,Projelerin \u00e7evre mevzuat\u0131na [&hellip;]<\/p>\n","protected":false},"author":1,"featured_media":0,"parent":0,"menu_order":0,"comment_status":"closed","ping_status":"closed","template":"","meta":{"footnotes":""},"_links":{"self":[{"href":"https:\/\/pamukhukuk.com\/index.php?rest_route=\/wp\/v2\/pages\/1035"}],"collection":[{"href":"https:\/\/pamukhukuk.com\/index.php?rest_route=\/wp\/v2\/pages"}],"about":[{"href":"https:\/\/pamukhukuk.com\/index.php?rest_route=\/wp\/v2\/types\/page"}],"author":[{"embeddable":true,"href":"https:\/\/pamukhukuk.com\/index.php?rest_route=\/wp\/v2\/users\/1"}],"replies":[{"embeddable":true,"href":"https:\/\/pamukhukuk.com\/index.php?rest_route=%2Fwp%2Fv2%2Fcomments&post=1035"}],"version-history":[{"count":1,"href":"https:\/\/pamukhukuk.com\/index.php?rest_route=\/wp\/v2\/pages\/1035\/revisions"}],"predecessor-version":[{"id":1036,"href":"https:\/\/pamukhukuk.com\/index.php?rest_route=\/wp\/v2\/pages\/1035\/revisions\/1036"}],"wp:attachment":[{"href":"https:\/\/pamukhukuk.com\/index.php?rest_route=%2Fwp%2Fv2%2Fmedia&parent=1035"}],"curies":[{"name":"wp","href":"https:\/\/api.w.org\/{rel}","templated":true}]}}