{"id":1031,"date":"2023-09-28T19:12:19","date_gmt":"2023-09-28T19:12:19","guid":{"rendered":"https:\/\/pamukhukuk.com\/?page_id=1031"},"modified":"2023-09-28T19:12:20","modified_gmt":"2023-09-28T19:12:20","slug":"insaat-hukuku","status":"publish","type":"page","link":"https:\/\/pamukhukuk.com\/?page_id=1031","title":{"rendered":"\u0130n\u015faat Hukuku"},"content":{"rendered":"\n<p>\u0130n\u015faat Hukuku kapsam\u0131nda verdi\u011fimiz hizmetler ba\u015fl\u0131ca \u015fu \u015fekildedir:<br>Kat kar\u015f\u0131l\u0131\u011f\u0131 in\u015faat s\u00f6zle\u015fmesinin haz\u0131rlanmas\u0131 ve i\u015fbu s\u00f6zle\u015fmeden kaynaklanan davalarda hukuki<br>dan\u0131\u015fmanl\u0131k ve avukatl\u0131k hizmetinin verilmesi,<br>Yap-i\u015flet-devret modelinden kaynaklanan i\u015flerde hukuki dan\u0131\u015fmanl\u0131k ve avukatl\u0131k hizmetinin<br>verilmesi,<br>\u0130\u015f sahibi ve y\u00fcklenicinin tazminat talepleri konular\u0131nda hukuki dan\u0131\u015fmanl\u0131k ve avukatl\u0131k hizmetinin<br>verilmesi,<br>Yap\u0131m s\u00f6zle\u015fmesinde \u015fekil, s\u00fcre, bedel, s\u00f6zle\u015fmenin uygulanmas\u0131 konular\u0131nda hukuki dan\u0131\u015fmanl\u0131k<br>ve avukatl\u0131k hizmetinin verilmesi,<br>Yap\u0131m s\u00f6zle\u015fmesine uygun olmayan i\u015flerden(yap\u0131mda noksan i\u015f, i\u015fin ay\u0131pl\u0131 olmas\u0131, imara ayk\u0131r\u0131 i\u015f)<br>kaynaklanan konularda hukuki dan\u0131\u015fmanl\u0131k ve avukatl\u0131k hizmetinin verilmesi,<br>\u0130n\u015faat ili\u015fkisinde nama ifa(y\u00fcklenicinin yapma borcundan ka\u00e7\u0131nmas\u0131, y\u00fcklenicinin yapmama<br>borcuna ayk\u0131r\u0131 davranmas\u0131) konusunda hukuki dan\u0131\u015fmanl\u0131k ve avukatl\u0131k hizmetinin verilmesi,<br>Yap\u0131m S\u00f6zle\u015fmesinde ceza ko\u015fulu konusunda hukuki dan\u0131\u015fmanl\u0131k ve avukatl\u0131k hizmetinin<br>verilmesi,<br>Yap\u0131m S\u00f6zle\u015fmesinde g\u00fcvence hususu konusunda hukuki dan\u0131\u015fmanl\u0131k ve avukatl\u0131k hizmetinin<br>verilmesi,<br>Yap\u0131m S\u00f6zle\u015fmesinde alaca\u011f\u0131n devri konusunda hukuki dan\u0131\u015fmanl\u0131k ve avukatl\u0131k hizmetinin<br>verilmesi,<br>\u0130n\u015faat s\u00f6zle\u015fmesinin sona ermesi konusunda hukuki dan\u0131\u015fmanl\u0131k ve avukatl\u0131k hizmetinin verilmesi,<br>Yap\u0131m S\u00f6zle\u015fmesinde zarar ve sorumluluk hallerinde hukuki dan\u0131\u015fmanl\u0131k ve avukatl\u0131k hizmetinin<br>verilmesi,<br>Ruhsatland\u0131rma ve imar durumu belirlenmesinde hukuki dan\u0131\u015fmanl\u0131k ve avukatl\u0131k hizmetinin<br>verilmesi.<\/p>\n","protected":false},"excerpt":{"rendered":"<p>\u0130n\u015faat Hukuku kapsam\u0131nda verdi\u011fimiz hizmetler ba\u015fl\u0131ca \u015fu \u015fekildedir:Kat kar\u015f\u0131l\u0131\u011f\u0131 in\u015faat s\u00f6zle\u015fmesinin haz\u0131rlanmas\u0131 ve i\u015fbu s\u00f6zle\u015fmeden kaynaklanan davalarda hukukidan\u0131\u015fmanl\u0131k ve avukatl\u0131k hizmetinin verilmesi,Yap-i\u015flet-devret modelinden kaynaklanan i\u015flerde hukuki dan\u0131\u015fmanl\u0131k ve avukatl\u0131k hizmetininverilmesi,\u0130\u015f sahibi ve y\u00fcklenicinin tazminat talepleri konular\u0131nda hukuki dan\u0131\u015fmanl\u0131k ve avukatl\u0131k hizmetininverilmesi,Yap\u0131m s\u00f6zle\u015fmesinde \u015fekil, s\u00fcre, bedel, s\u00f6zle\u015fmenin uygulanmas\u0131 konular\u0131nda hukuki dan\u0131\u015fmanl\u0131kve avukatl\u0131k hizmetinin verilmesi,Yap\u0131m s\u00f6zle\u015fmesine uygun [&hellip;]<\/p>\n","protected":false},"author":1,"featured_media":0,"parent":0,"menu_order":0,"comment_status":"closed","ping_status":"closed","template":"","meta":{"footnotes":""},"_links":{"self":[{"href":"https:\/\/pamukhukuk.com\/index.php?rest_route=\/wp\/v2\/pages\/1031"}],"collection":[{"href":"https:\/\/pamukhukuk.com\/index.php?rest_route=\/wp\/v2\/pages"}],"about":[{"href":"https:\/\/pamukhukuk.com\/index.php?rest_route=\/wp\/v2\/types\/page"}],"author":[{"embeddable":true,"href":"https:\/\/pamukhukuk.com\/index.php?rest_route=\/wp\/v2\/users\/1"}],"replies":[{"embeddable":true,"href":"https:\/\/pamukhukuk.com\/index.php?rest_route=%2Fwp%2Fv2%2Fcomments&post=1031"}],"version-history":[{"count":1,"href":"https:\/\/pamukhukuk.com\/index.php?rest_route=\/wp\/v2\/pages\/1031\/revisions"}],"predecessor-version":[{"id":1032,"href":"https:\/\/pamukhukuk.com\/index.php?rest_route=\/wp\/v2\/pages\/1031\/revisions\/1032"}],"wp:attachment":[{"href":"https:\/\/pamukhukuk.com\/index.php?rest_route=%2Fwp%2Fv2%2Fmedia&parent=1031"}],"curies":[{"name":"wp","href":"https:\/\/api.w.org\/{rel}","templated":true}]}}