{"id":1029,"date":"2023-09-28T19:10:26","date_gmt":"2023-09-28T19:10:26","guid":{"rendered":"https:\/\/pamukhukuk.com\/?page_id=1029"},"modified":"2023-09-28T19:10:27","modified_gmt":"2023-09-28T19:10:27","slug":"vergi-ve-idare-hukuku","status":"publish","type":"page","link":"https:\/\/pamukhukuk.com\/?page_id=1029","title":{"rendered":"Vergi ve \u0130dare Hukuku"},"content":{"rendered":"\n<p>Vergi ve \u0130dare Hukuku kapsam\u0131nda verdi\u011fimiz hizmetler ba\u015fl\u0131ca \u015fu \u015fekildedir:<br>Vergi Hukuku kapsam\u0131nda verdi\u011fimiz ba\u015fl\u0131ca hizmetler \u015funlard\u0131r: Vergi dava dilek\u00e7esi ve<br>savunmaya cevap dilek\u00e7elerinin haz\u0131rlanmas\u0131, vergi ya da ceza ihbarnamelerinin iptali davalar\u0131,<br>uzla\u015fma komisyonu m\u00fcracaatlar\u0131n\u0131n haz\u0131rlanmas\u0131, uzla\u015fma veya dava a\u00e7ma karar\u0131n\u0131n<br>de\u011ferlendirilmesi, idare taraf\u0131ndan al\u0131nan \u00f6deme esaslara alma ya da \u00f6zel esaslardan genel esaslara<br>ge\u00e7me taleplerinin ret edilmesi halinde iptal davas\u0131, vergi idarelerine yap\u0131lacak pi\u015fmanl\u0131k, d\u00fczeltme<br>ve \u015fik\u00e2yet gibi idari ba\u015fvurular\u0131n haz\u0131rlanmas\u0131, defter ve belgelerin \u00fczerinde tarhiyat yap\u0131lmas\u0131na<br>ili\u015fkin iptal davalar\u0131, tam yarg\u0131 ve iptal davalar\u0131n\u0131n haz\u0131rl\u0131k s\u00fcrecinin haz\u0131rlanmas\u0131, vergi cezalar\u0131 ve<br>tarh\u0131na ili\u015fkin olarak iptal davas\u0131 a\u00e7mak, vergi incelemesi sonucu d\u00fczenlenen vergi inceleme ve<br>vergi tekni\u011fi raporlar\u0131n\u0131n hukuki a\u00e7\u0131dan de\u011ferlendirilmesi, vergi cezas\u0131 ve uyu\u015fmazl\u0131klar\u0131na ili\u015fkin<br>konular\u0131nda hukuki dan\u0131\u015fmanl\u0131k ve avukatl\u0131k hizmetinin verilmesi,<br>\u0130dare Hukuku kapsam\u0131nda verdi\u011fimiz ba\u015fl\u0131ca hizmetler \u015funlard\u0131r: Kamula\u015ft\u0131rma davalar\u0131, memur<br>davalar\u0131, disiplin davalar\u0131, meslekten \u00e7\u0131karma cezas\u0131, iptal ve tam yarg\u0131 davalar\u0131, idari s\u00f6zle\u015fmeden<br>kaynaklanan davalar, hukuka ayk\u0131r\u0131 idari i\u015flemin iptali davas\u0131, polis okulu m\u00fclakat davalar\u0131,<br>g\u00fcvenlik soru\u015fturmas\u0131 iptal davalar\u0131, 375 say\u0131l\u0131 khk ile kamu g\u00f6revinden \u00e7\u0131karma, idari para<br>cezas\u0131na itiraz ve iptal davas\u0131n\u0131n a\u00e7\u0131lmas\u0131, kamula\u015ft\u0131rma, ihale hukukuna ili\u015fkin ihtilaflar, imar<br>y\u0131k\u0131m ve imar para cezas\u0131na itiraz, imar davalar\u0131n\u0131n a\u00e7\u0131lmas\u0131, ruhsat belgelerinin iptali i\u015flemleri,<br>idari s\u00f6zle\u015fmesinden do\u011fan uyu\u015fmazl\u0131klar, imar aff\u0131ndan do\u011fan idari uyu\u015fmazl\u0131klar, g\u00f6revden<br>uzakla\u015ft\u0131rma, memurlar\u0131n tabi oldu\u011fu idari yapt\u0131r\u0131mlar, kamu ihale mevzuat\u0131ndan kaynaklanan<br>uyu\u015fmazl\u0131klar konular\u0131nda hukuki dan\u0131\u015fmanl\u0131k ve avukatl\u0131k hizmetinin verilmesi.<\/p>\n","protected":false},"excerpt":{"rendered":"<p>Vergi ve \u0130dare Hukuku kapsam\u0131nda verdi\u011fimiz hizmetler ba\u015fl\u0131ca \u015fu \u015fekildedir:Vergi Hukuku kapsam\u0131nda verdi\u011fimiz ba\u015fl\u0131ca hizmetler \u015funlard\u0131r: Vergi dava dilek\u00e7esi vesavunmaya cevap dilek\u00e7elerinin haz\u0131rlanmas\u0131, vergi ya da ceza ihbarnamelerinin iptali davalar\u0131,uzla\u015fma komisyonu m\u00fcracaatlar\u0131n\u0131n haz\u0131rlanmas\u0131, uzla\u015fma veya dava a\u00e7ma karar\u0131n\u0131nde\u011ferlendirilmesi, idare taraf\u0131ndan al\u0131nan \u00f6deme esaslara alma ya da \u00f6zel esaslardan genel esaslarage\u00e7me taleplerinin ret edilmesi halinde iptal [&hellip;]<\/p>\n","protected":false},"author":1,"featured_media":0,"parent":0,"menu_order":0,"comment_status":"closed","ping_status":"closed","template":"","meta":{"footnotes":""},"_links":{"self":[{"href":"https:\/\/pamukhukuk.com\/index.php?rest_route=\/wp\/v2\/pages\/1029"}],"collection":[{"href":"https:\/\/pamukhukuk.com\/index.php?rest_route=\/wp\/v2\/pages"}],"about":[{"href":"https:\/\/pamukhukuk.com\/index.php?rest_route=\/wp\/v2\/types\/page"}],"author":[{"embeddable":true,"href":"https:\/\/pamukhukuk.com\/index.php?rest_route=\/wp\/v2\/users\/1"}],"replies":[{"embeddable":true,"href":"https:\/\/pamukhukuk.com\/index.php?rest_route=%2Fwp%2Fv2%2Fcomments&post=1029"}],"version-history":[{"count":1,"href":"https:\/\/pamukhukuk.com\/index.php?rest_route=\/wp\/v2\/pages\/1029\/revisions"}],"predecessor-version":[{"id":1030,"href":"https:\/\/pamukhukuk.com\/index.php?rest_route=\/wp\/v2\/pages\/1029\/revisions\/1030"}],"wp:attachment":[{"href":"https:\/\/pamukhukuk.com\/index.php?rest_route=%2Fwp%2Fv2%2Fmedia&parent=1029"}],"curies":[{"name":"wp","href":"https:\/\/api.w.org\/{rel}","templated":true}]}}