{"id":1027,"date":"2023-09-28T19:07:19","date_gmt":"2023-09-28T19:07:19","guid":{"rendered":"https:\/\/pamukhukuk.com\/?page_id=1027"},"modified":"2023-09-28T19:07:19","modified_gmt":"2023-09-28T19:07:19","slug":"is-ve-sosyal-guvenlik-hukuku","status":"publish","type":"page","link":"https:\/\/pamukhukuk.com\/?page_id=1027","title":{"rendered":"\u0130\u015f ve Sosyal G\u00fcvenlik Hukuku"},"content":{"rendered":"\n<p>\u015f ve Sosyal G\u00fcvenlik Hukuku kapsam\u0131nda verdi\u011fimiz hizmetler ba\u015fl\u0131ca \u015fu \u015fekildedir:<br>\u0130\u015f Hukuku kapsam\u0131nda verdi\u011fimiz ba\u015fl\u0131ca hizmetler \u015funlard\u0131r: \u0130\u015f yerinin kurulmas\u0131, devri,<br>kapat\u0131lmas\u0131, i\u015f akdi, i\u015f\u00e7inin bor\u00e7lar\u0131 ve sorumlulu\u011fu, i\u015fverenin bor\u00e7lar\u0131 ve sorumlulu\u011fu, i\u015f akdinin<br>sona ermesinde s\u00fcreli fesih, i\u015f akdinin hakl\u0131 nedenle feshi, i\u015f akdinin sona ermesinin hukuki<br>sonu\u00e7lar\u0131, k\u0131dem tazminat\u0131, ihbar tazminat\u0131, i\u015fsizlik sigortas\u0131, i\u015f s\u00f6zle\u015fmesinin ask\u0131ya al\u0131nmas\u0131, ibra<br>s\u00f6zle\u015fmesi, i\u015f kazalar\u0131 ve meslek hastal\u0131klar\u0131na ili\u015fkin dava \u00e7e\u015fitleri, sigorta hizmet tespit davalar\u0131,<br>i\u015fe iade davalar\u0131, toplu i\u015f davas\u0131 \u00e7e\u015fitleri konular\u0131nda hukuki dan\u0131\u015fmanl\u0131k ve avukatl\u0131k hizmetinin<br>verilmesi.<br>Sosyal G\u00fcvenlik Hukuku kapsam\u0131nda verdi\u011fimiz ba\u015fl\u0131ca hizmetler \u015funlard\u0131r: \u0130\u015fyeri, i\u015fyerinin<br>bildirilmesi, devri, intikali ve nakli, i\u015f kazas\u0131 ve meslek hastal\u0131\u011f\u0131ndan kaynaklanan dava \u00e7e\u015fitleri,<br>ge\u00e7ici ve s\u00fcrekli i\u015f g\u00f6remezlik gelirine hak kazan\u0131lmas\u0131, hesaplanmas\u0131 ve ba\u015flang\u0131c\u0131, s\u00fcresinde<br>bildirilmeyen sigortal\u0131l\u0131ktan do\u011fan sorumluluk, malulluk sigortas\u0131, ya\u015fl\u0131l\u0131k sigortas\u0131, \u00f6l\u00fcm sigortas\u0131,<br>vazife malullu\u011f\u00fc, iste\u011fe ba\u011fl\u0131 sigorta ve \u015fartlar\u0131, k\u0131sa ve uzun vadeli sigorta kollar\u0131na ili\u015fkin<br>durumlar, genel sa\u011fl\u0131k sigortal\u0131l\u0131\u011f\u0131 kapsam\u0131nda ki\u015filer ve tescili, sa\u011fl\u0131k hizmetlerinden yararlanma<br>\u015fartlar\u0131 ve kat\u0131l\u0131m pay\u0131, prim al\u0131nmas\u0131, prime esas kazan\u00e7, prim al\u0131nmas\u0131 ve asgari i\u015f\u00e7ilik, hizmet<br>s\u00fcrelerinin birle\u015ftirilmesi ve hizmetlerin ihyas\u0131, yurt d\u0131\u015f\u0131nda bulunan T\u00fcrk vatanda\u015flar\u0131n\u0131n yurt<br>d\u0131\u015f\u0131nda ge\u00e7en s\u00fcrelerinin sosyal g\u00fcvenlikleri bak\u0131m\u0131ndan de\u011ferlendirilmesi konular\u0131nda hukuki<br>dan\u0131\u015fmanl\u0131k ve avukatl\u0131k hizmetinin verilmesi.<\/p>\n","protected":false},"excerpt":{"rendered":"<p>\u015f ve Sosyal G\u00fcvenlik Hukuku kapsam\u0131nda verdi\u011fimiz hizmetler ba\u015fl\u0131ca \u015fu \u015fekildedir:\u0130\u015f Hukuku kapsam\u0131nda verdi\u011fimiz ba\u015fl\u0131ca hizmetler \u015funlard\u0131r: \u0130\u015f yerinin kurulmas\u0131, devri,kapat\u0131lmas\u0131, i\u015f akdi, i\u015f\u00e7inin bor\u00e7lar\u0131 ve sorumlulu\u011fu, i\u015fverenin bor\u00e7lar\u0131 ve sorumlulu\u011fu, i\u015f akdininsona ermesinde s\u00fcreli fesih, i\u015f akdinin hakl\u0131 nedenle feshi, i\u015f akdinin sona ermesinin hukukisonu\u00e7lar\u0131, k\u0131dem tazminat\u0131, ihbar tazminat\u0131, i\u015fsizlik sigortas\u0131, i\u015f s\u00f6zle\u015fmesinin ask\u0131ya [&hellip;]<\/p>\n","protected":false},"author":1,"featured_media":0,"parent":0,"menu_order":0,"comment_status":"closed","ping_status":"closed","template":"","meta":{"footnotes":""},"_links":{"self":[{"href":"https:\/\/pamukhukuk.com\/index.php?rest_route=\/wp\/v2\/pages\/1027"}],"collection":[{"href":"https:\/\/pamukhukuk.com\/index.php?rest_route=\/wp\/v2\/pages"}],"about":[{"href":"https:\/\/pamukhukuk.com\/index.php?rest_route=\/wp\/v2\/types\/page"}],"author":[{"embeddable":true,"href":"https:\/\/pamukhukuk.com\/index.php?rest_route=\/wp\/v2\/users\/1"}],"replies":[{"embeddable":true,"href":"https:\/\/pamukhukuk.com\/index.php?rest_route=%2Fwp%2Fv2%2Fcomments&post=1027"}],"version-history":[{"count":1,"href":"https:\/\/pamukhukuk.com\/index.php?rest_route=\/wp\/v2\/pages\/1027\/revisions"}],"predecessor-version":[{"id":1028,"href":"https:\/\/pamukhukuk.com\/index.php?rest_route=\/wp\/v2\/pages\/1027\/revisions\/1028"}],"wp:attachment":[{"href":"https:\/\/pamukhukuk.com\/index.php?rest_route=%2Fwp%2Fv2%2Fmedia&parent=1027"}],"curies":[{"name":"wp","href":"https:\/\/api.w.org\/{rel}","templated":true}]}}