{"id":1025,"date":"2023-09-28T19:04:34","date_gmt":"2023-09-28T19:04:34","guid":{"rendered":"https:\/\/pamukhukuk.com\/?page_id=1025"},"modified":"2023-09-28T19:04:34","modified_gmt":"2023-09-28T19:04:34","slug":"borclar-ve-sozlesmeler-hukuku","status":"publish","type":"page","link":"https:\/\/pamukhukuk.com\/?page_id=1025","title":{"rendered":"Bor\u00e7lar ve S\u00f6zle\u015fmeler Hukuku"},"content":{"rendered":"\n<p>Bor\u00e7lar ve S\u00f6zle\u015fmeler Hukuku kapsam\u0131nda verdi\u011fimiz hizmetler ba\u015fl\u0131ca \u015fu \u015fekildedir:<br>Bor\u00e7lar Kanunu genel h\u00fck\u00fcmlerine uygun \u015fekilde s\u00f6zle\u015fmenin konusu, taraflar\u0131n y\u00fck\u00fcml\u00fcl\u00fckleri,<br>\u00f6deme yap\u0131lacak ise \u00f6deme miktar\u0131, zaman\u0131 ve ne \u015fekilde \u00f6denece\u011fi, s\u00f6zle\u015fme konusu edimlerin<br>\u015fekli, temerr\u00fcde d\u00fc\u015fme halinde \u00f6denecek cezai \u015fart ve faiz oran\u0131, s\u00f6zle\u015fme konusu i\u015fin veya mal\u0131n<br>teslim yeri, zaman\u0131 ve ifa \u015fekli, s\u00f6zle\u015fmenin s\u00fcresi, s\u00f6zle\u015fmenin fesih \u015fartlar\u0131 ve \u015fekli, uyu\u015fmazl\u0131k<br>halinde \u00e7\u00f6z\u00fcm yollar\u0131 gibi hususlar ve s\u00f6zle\u015fme t\u00fcr\u00fcne uygun \u015fekilde \u00f6zel h\u00fck\u00fcmlerin yaz\u0131l\u0131 oldu\u011fu<br>Bor\u00e7lar Kanunu ve Medeni Kanun&#8217;da yaz\u0131l\u0131 her t\u00fcrl\u00fc s\u00f6zle\u015fmenin haz\u0131rlanmas\u0131 ve s\u00f6zle\u015fme<br>konular\u0131nda hukuki dan\u0131\u015fmanl\u0131k ve avukatl\u0131k hizmeti verilmesi,<br>Haks\u0131z fiiller, sebepsiz zenginle\u015fmeden do\u011fan bor\u00e7 ili\u015fkileri, s\u00f6zle\u015fmenin sakatl\u0131\u011f\u0131, irade ve beyan<br>aras\u0131 uygunsuzluk halleri, a\u015f\u0131r\u0131 yararlanma, s\u00f6zle\u015fmede temsil, kusursuz sorumluluk halleri, haks\u0131z<br>fiil sebebiyle a\u00e7\u0131labilecek davalar ve maddi ve manevi tazminat davalar\u0131, bor\u00e7lar\u0131n ifas\u0131, alacakl\u0131n\u0131<br>temerr\u00fcd\u00fc, bor\u00e7lunun temerr\u00fcd\u00fc, bor\u00e7lar\u0131n \u00fc\u00e7\u00fcnc\u00fc \u015fah\u0131slara etkisi, ibra, yenileme, birle\u015fme, ifa<br>imkans\u0131zl\u0131\u011f\u0131 ve a\u015f\u0131r\u0131 ifa g\u00fc\u00e7l\u00fc\u011f\u00fc halleri ve takas halleri, zamana\u015f\u0131m\u0131, m\u00fcteselsil bor\u00e7lar, \u015farta ba\u011fl\u0131<br>bor\u00e7lar, pay ak\u00e7esi, cayma paras\u0131, cezai \u015fart, alaca\u011f\u0131n devri, borcun \u00fcstlenilmesi, s\u00f6zle\u015fmenin devri<br>ve s\u00f6zle\u015fmeye kat\u0131lma konular\u0131nda hukuki dan\u0131\u015fmanl\u0131k ve avukatl\u0131k hizmeti verilmesi,<br>M\u00fclkiyetin devri amac\u0131n\u0131 g\u00fcden, kulland\u0131rma ve yararlanma amac\u0131n\u0131 g\u00fcden, i\u015f g\u00f6rme amac\u0131 g\u00fcden,<br>saklama amac\u0131 g\u00fcden, teminat sa\u011flama amac\u0131 g\u00fcden ve sonu\u00e7lar\u0131 talih ve tesad\u00fcfe ba\u011fl\u0131 olan<br>Bor\u00e7lar Kanunu&#8217;nda yaz\u0131l\u0131 her t\u00fcrl\u00fc s\u00f6zle\u015fmenin haz\u0131rlanmas\u0131nda hukuki dan\u0131\u015fmanl\u0131k ve avukatl\u0131k<br>hizmetinin verilmesi,<br>Bor\u00e7lar Kanunu&#8217;nun genel ve \u00f6zel h\u00fck\u00fcmlerinden kaynaklanan konularda dava takibi yap\u0131lmas\u0131.<\/p>\n","protected":false},"excerpt":{"rendered":"<p>Bor\u00e7lar ve S\u00f6zle\u015fmeler Hukuku kapsam\u0131nda verdi\u011fimiz hizmetler ba\u015fl\u0131ca \u015fu \u015fekildedir:Bor\u00e7lar Kanunu genel h\u00fck\u00fcmlerine uygun \u015fekilde s\u00f6zle\u015fmenin konusu, taraflar\u0131n y\u00fck\u00fcml\u00fcl\u00fckleri,\u00f6deme yap\u0131lacak ise \u00f6deme miktar\u0131, zaman\u0131 ve ne \u015fekilde \u00f6denece\u011fi, s\u00f6zle\u015fme konusu edimlerin\u015fekli, temerr\u00fcde d\u00fc\u015fme halinde \u00f6denecek cezai \u015fart ve faiz oran\u0131, s\u00f6zle\u015fme konusu i\u015fin veya mal\u0131nteslim yeri, zaman\u0131 ve ifa \u015fekli, s\u00f6zle\u015fmenin s\u00fcresi, s\u00f6zle\u015fmenin fesih \u015fartlar\u0131 [&hellip;]<\/p>\n","protected":false},"author":1,"featured_media":0,"parent":0,"menu_order":0,"comment_status":"closed","ping_status":"closed","template":"","meta":{"footnotes":""},"_links":{"self":[{"href":"https:\/\/pamukhukuk.com\/index.php?rest_route=\/wp\/v2\/pages\/1025"}],"collection":[{"href":"https:\/\/pamukhukuk.com\/index.php?rest_route=\/wp\/v2\/pages"}],"about":[{"href":"https:\/\/pamukhukuk.com\/index.php?rest_route=\/wp\/v2\/types\/page"}],"author":[{"embeddable":true,"href":"https:\/\/pamukhukuk.com\/index.php?rest_route=\/wp\/v2\/users\/1"}],"replies":[{"embeddable":true,"href":"https:\/\/pamukhukuk.com\/index.php?rest_route=%2Fwp%2Fv2%2Fcomments&post=1025"}],"version-history":[{"count":1,"href":"https:\/\/pamukhukuk.com\/index.php?rest_route=\/wp\/v2\/pages\/1025\/revisions"}],"predecessor-version":[{"id":1026,"href":"https:\/\/pamukhukuk.com\/index.php?rest_route=\/wp\/v2\/pages\/1025\/revisions\/1026"}],"wp:attachment":[{"href":"https:\/\/pamukhukuk.com\/index.php?rest_route=%2Fwp%2Fv2%2Fmedia&parent=1025"}],"curies":[{"name":"wp","href":"https:\/\/api.w.org\/{rel}","templated":true}]}}