{"id":1021,"date":"2023-09-28T19:01:26","date_gmt":"2023-09-28T19:01:26","guid":{"rendered":"https:\/\/pamukhukuk.com\/?page_id=1021"},"modified":"2023-09-28T19:01:26","modified_gmt":"2023-09-28T19:01:26","slug":"vatandaslik-hukuku","status":"publish","type":"page","link":"https:\/\/pamukhukuk.com\/?page_id=1021","title":{"rendered":"Vatanda\u015fl\u0131k Hukuku"},"content":{"rendered":"\n<p>Vatanda\u015fl\u0131k Hukuku kapsam\u0131nda verdi\u011fimiz ba\u015fl\u0131ca hizmetler \u015fu \u015fekildedir:<br>AB vatanda\u015fl\u0131\u011f\u0131 hususunda alt\u0131n pasaport&#8221;golden passport&#8221;, denizenship ve payda\u015f vatanda\u015fl\u0131k<br>hususlar\u0131nda gerekli dan\u0131\u015fmanl\u0131k hizmetinin verilmesi ve gerekli ba\u015fvurular\u0131n yap\u0131lmas\u0131 ile s\u00fcrecin<br>takibi,<br>Uluslararas\u0131 Koruma stat\u00fcs\u00fcndeki ki\u015filerin T\u00fcrkiye&#8217;de vatanda\u015fl\u0131k haklar\u0131na ili\u015fkin gerekli<br>dan\u0131\u015fmanl\u0131k hizmetinin verilmesi ve gerekli ba\u015fvurular\u0131n yap\u0131lmas\u0131 ve s\u00fcrecin takibi,<br>G\u00f6\u00e7menlerin T\u00fcrk vatanda\u015fl\u0131\u011f\u0131n\u0131 kazanmas\u0131 hususunda gerekli dan\u0131\u015fmanl\u0131k hizmetinin verilmesi ve<br>gerekli ba\u015fvurular\u0131n yap\u0131lmas\u0131 ve s\u00fcrecin takibi,<br>Yetkili makam karar\u0131, evlat edinilme veya se\u00e7me yoluyla T\u00fcrk vatanda\u015fl\u0131\u011f\u0131n\u0131n kazan\u0131lmas\u0131<br>hususunda gerekli dan\u0131\u015fmanl\u0131k hizmetinin verilerek, gerekli ba\u015fvurular\u0131n yap\u0131lmas\u0131,<br>\u0130stisnai yoldan T\u00fcrk vatanda\u015fl\u0131\u011f\u0131n\u0131n kazan\u0131lmas\u0131 hususunda gerekli dan\u0131\u015fmanl\u0131k hizmetinin<br>verilerek, gerekli ba\u015fvurular\u0131n yap\u0131lmas\u0131 ve s\u00fcrecin takibi,<br>T\u00fcrk vatanda\u015fl\u0131\u011f\u0131n\u0131n ikamet \u015fart\u0131 aranmaks\u0131z\u0131n yeniden kazan\u0131lmas\u0131 hususunda gerekli dan\u0131\u015fmanl\u0131k<br>hizmetinin verilerek, gerekli ba\u015fvurular\u0131n yap\u0131lmas\u0131 ve s\u00fcrecin takibi,<br>T\u00fcrk vatanda\u015fl\u0131\u011f\u0131n\u0131n ikamet \u015fart\u0131 aranarak yeniden kazan\u0131lmas\u0131 hususunda gerekli dan\u0131\u015fmanl\u0131k<br>hizmetinin verilerek, gerekli ba\u015fvurular\u0131n yap\u0131lmas\u0131 ve s\u00fcrecin takibi,<br>Evlenme yoluyla T\u00fcrk vatanda\u015fl\u0131\u011f\u0131n\u0131n kazan\u0131lmas\u0131 hususunda gerekli dan\u0131\u015fmanl\u0131k hizmetinin<br>verilerek, gerekli ba\u015fvurular\u0131n yap\u0131lmas\u0131 ve s\u00fcrecin takibi.<\/p>\n","protected":false},"excerpt":{"rendered":"<p>Vatanda\u015fl\u0131k Hukuku kapsam\u0131nda verdi\u011fimiz ba\u015fl\u0131ca hizmetler \u015fu \u015fekildedir:AB vatanda\u015fl\u0131\u011f\u0131 hususunda alt\u0131n pasaport&#8221;golden passport&#8221;, denizenship ve payda\u015f vatanda\u015fl\u0131khususlar\u0131nda gerekli dan\u0131\u015fmanl\u0131k hizmetinin verilmesi ve gerekli ba\u015fvurular\u0131n yap\u0131lmas\u0131 ile s\u00fcrecintakibi,Uluslararas\u0131 Koruma stat\u00fcs\u00fcndeki ki\u015filerin T\u00fcrkiye&#8217;de vatanda\u015fl\u0131k haklar\u0131na ili\u015fkin gereklidan\u0131\u015fmanl\u0131k hizmetinin verilmesi ve gerekli ba\u015fvurular\u0131n yap\u0131lmas\u0131 ve s\u00fcrecin takibi,G\u00f6\u00e7menlerin T\u00fcrk vatanda\u015fl\u0131\u011f\u0131n\u0131 kazanmas\u0131 hususunda gerekli dan\u0131\u015fmanl\u0131k hizmetinin verilmesi vegerekli ba\u015fvurular\u0131n yap\u0131lmas\u0131 [&hellip;]<\/p>\n","protected":false},"author":1,"featured_media":0,"parent":0,"menu_order":0,"comment_status":"closed","ping_status":"closed","template":"","meta":{"footnotes":""},"_links":{"self":[{"href":"https:\/\/pamukhukuk.com\/index.php?rest_route=\/wp\/v2\/pages\/1021"}],"collection":[{"href":"https:\/\/pamukhukuk.com\/index.php?rest_route=\/wp\/v2\/pages"}],"about":[{"href":"https:\/\/pamukhukuk.com\/index.php?rest_route=\/wp\/v2\/types\/page"}],"author":[{"embeddable":true,"href":"https:\/\/pamukhukuk.com\/index.php?rest_route=\/wp\/v2\/users\/1"}],"replies":[{"embeddable":true,"href":"https:\/\/pamukhukuk.com\/index.php?rest_route=%2Fwp%2Fv2%2Fcomments&post=1021"}],"version-history":[{"count":1,"href":"https:\/\/pamukhukuk.com\/index.php?rest_route=\/wp\/v2\/pages\/1021\/revisions"}],"predecessor-version":[{"id":1022,"href":"https:\/\/pamukhukuk.com\/index.php?rest_route=\/wp\/v2\/pages\/1021\/revisions\/1022"}],"wp:attachment":[{"href":"https:\/\/pamukhukuk.com\/index.php?rest_route=%2Fwp%2Fv2%2Fmedia&parent=1021"}],"curies":[{"name":"wp","href":"https:\/\/api.w.org\/{rel}","templated":true}]}}