{"id":1018,"date":"2023-09-28T18:57:38","date_gmt":"2023-09-28T18:57:38","guid":{"rendered":"https:\/\/pamukhukuk.com\/?page_id=1018"},"modified":"2023-09-28T18:57:38","modified_gmt":"2023-09-28T18:57:38","slug":"goc-hukuku","status":"publish","type":"page","link":"https:\/\/pamukhukuk.com\/?page_id=1018","title":{"rendered":"G\u00f6\u00e7 Hukuku"},"content":{"rendered":"\n<p>G\u00f6\u00e7 Hukuku kapsam\u0131nda verdi\u011fimiz ba\u015fl\u0131ca hizmetler \u015fu \u015fekildedir:<br>Ortakl\u0131k Hukuku \u00e7er\u00e7evesinde T\u00fcrk vatanda\u015flar\u0131n\u0131n Avrupa Birli\u011fi&#8221;AB&#8221; \u00fclkelerine giri\u015f ve ikamet<br>hakk\u0131 hususunda gerekli dan\u0131\u015fmanl\u0131k hizmetinin verilmesi,<br>T\u00fcrk vatanda\u015flar\u0131n\u0131n ba\u015fka \u00fclkelerde oturum izni, \u00e7al\u0131\u015fma izni, vize ba\u015fvurusu talepleri<br>hususlar\u0131nda gerekli hukuki dan\u0131\u015fmanl\u0131k hizmetinin verilmesi<br>Yabanc\u0131lar\u0131n T\u00fcrkiye&#8217;ye giri\u015f hakk\u0131 hususunda gerekli dan\u0131\u015fmanl\u0131k hizmetinin verilmesi,<br>Yabanc\u0131lar\u0131n T\u00fcrkiye&#8217;de ikamet hakk\u0131 hususunda gerekli dan\u0131\u015fmanl\u0131k hizmetinin verilmesi,<br>Yabanc\u0131lar\u0131n T\u00fcrkiye&#8217;de \u00e7al\u0131\u015fma hakk\u0131 hususunda gerekli dan\u0131\u015fmanl\u0131k hizmetinin verilmesi.<\/p>\n","protected":false},"excerpt":{"rendered":"<p>G\u00f6\u00e7 Hukuku kapsam\u0131nda verdi\u011fimiz ba\u015fl\u0131ca hizmetler \u015fu \u015fekildedir:Ortakl\u0131k Hukuku \u00e7er\u00e7evesinde T\u00fcrk vatanda\u015flar\u0131n\u0131n Avrupa Birli\u011fi&#8221;AB&#8221; \u00fclkelerine giri\u015f ve ikamethakk\u0131 hususunda gerekli dan\u0131\u015fmanl\u0131k hizmetinin verilmesi,T\u00fcrk vatanda\u015flar\u0131n\u0131n ba\u015fka \u00fclkelerde oturum izni, \u00e7al\u0131\u015fma izni, vize ba\u015fvurusu taleplerihususlar\u0131nda gerekli hukuki dan\u0131\u015fmanl\u0131k hizmetinin verilmesiYabanc\u0131lar\u0131n T\u00fcrkiye&#8217;ye giri\u015f hakk\u0131 hususunda gerekli dan\u0131\u015fmanl\u0131k hizmetinin verilmesi,Yabanc\u0131lar\u0131n T\u00fcrkiye&#8217;de ikamet hakk\u0131 hususunda gerekli dan\u0131\u015fmanl\u0131k hizmetinin verilmesi,Yabanc\u0131lar\u0131n T\u00fcrkiye&#8217;de [&hellip;]<\/p>\n","protected":false},"author":1,"featured_media":0,"parent":0,"menu_order":0,"comment_status":"closed","ping_status":"closed","template":"","meta":{"footnotes":""},"_links":{"self":[{"href":"https:\/\/pamukhukuk.com\/index.php?rest_route=\/wp\/v2\/pages\/1018"}],"collection":[{"href":"https:\/\/pamukhukuk.com\/index.php?rest_route=\/wp\/v2\/pages"}],"about":[{"href":"https:\/\/pamukhukuk.com\/index.php?rest_route=\/wp\/v2\/types\/page"}],"author":[{"embeddable":true,"href":"https:\/\/pamukhukuk.com\/index.php?rest_route=\/wp\/v2\/users\/1"}],"replies":[{"embeddable":true,"href":"https:\/\/pamukhukuk.com\/index.php?rest_route=%2Fwp%2Fv2%2Fcomments&post=1018"}],"version-history":[{"count":1,"href":"https:\/\/pamukhukuk.com\/index.php?rest_route=\/wp\/v2\/pages\/1018\/revisions"}],"predecessor-version":[{"id":1019,"href":"https:\/\/pamukhukuk.com\/index.php?rest_route=\/wp\/v2\/pages\/1018\/revisions\/1019"}],"wp:attachment":[{"href":"https:\/\/pamukhukuk.com\/index.php?rest_route=%2Fwp%2Fv2%2Fmedia&parent=1018"}],"curies":[{"name":"wp","href":"https:\/\/api.w.org\/{rel}","templated":true}]}}